{"id":17,"date":"2018-03-14T15:41:31","date_gmt":"2018-03-14T15:41:31","guid":{"rendered":"http:\/\/haraldsplass.wpengine.com\/barnevern\/?page_id=17"},"modified":"2018-05-09T14:32:44","modified_gmt":"2018-05-09T12:32:44","slug":"du-har-rettigheter-bruk-dem","status":"publish","type":"page","link":"https:\/\/www.haraldsplass.org\/barnevern\/for-deg-som-er-ung\/du-har-rettigheter-bruk-dem\/","title":{"rendered":"Du har rettigheter \u2013 bruk dem"},"content":{"rendered":"[vc_row type=&raquo;in_container&raquo; full_screen_row_position=&raquo;middle&raquo; scene_position=&raquo;center&raquo; text_color=&raquo;dark&raquo; text_align=&raquo;left&raquo; overlay_strength=&raquo;0.3&#8243; shape_divider_position=&raquo;bottom&raquo;][vc_column column_padding=&raquo;no-extra-padding&raquo; column_padding_position=&raquo;all&raquo; background_color_opacity=&raquo;1&#8243; background_hover_color_opacity=&raquo;1&#8243; column_shadow=&raquo;none&raquo; column_border_radius=&raquo;none&raquo; width=&raquo;1\/1&#8243; tablet_text_alignment=&raquo;default&raquo; phone_text_alignment=&raquo;default&raquo; column_border_width=&raquo;none&raquo; column_border_style=&raquo;solid&raquo;][vc_column_text]\n<h1>Rettigheter<\/h1>\n[\/vc_column_text][divider line_type=&raquo;No Line&raquo; custom_height=&raquo;20&#8243;][vc_column_text]\n<h3>Alle tjenester som barn og unge f\u00e5r i barnevernet, skal skje innenfor det som er lov og rett. I barnevernsaker finner man det viktigste i <a href=\"https:\/\/lovdata.no\/dokument\/NL\/lov\/1992-07-17-100\/%C2%A7%20#%C2%A7%20\">lov om barneverntjenester<\/a>.<\/h3>\n[\/vc_column_text][\/vc_column][\/vc_row][vc_row type=&raquo;in_container&raquo; full_screen_row_position=&raquo;middle&raquo; scene_position=&raquo;center&raquo; text_color=&raquo;dark&raquo; text_align=&raquo;left&raquo; overlay_strength=&raquo;0.3&#8243; shape_divider_position=&raquo;bottom&raquo; shape_type=&raquo;&raquo;][vc_column column_padding=&raquo;no-extra-padding&raquo; column_padding_position=&raquo;all&raquo; background_color_opacity=&raquo;1&#8243; background_hover_color_opacity=&raquo;1&#8243; column_shadow=&raquo;none&raquo; column_border_radius=&raquo;none&raquo; width=&raquo;1\/2&#8243; tablet_text_alignment=&raquo;default&raquo; phone_text_alignment=&raquo;default&raquo; column_border_width=&raquo;none&raquo; column_border_style=&raquo;solid&raquo;][image_with_animation image_url=&raquo;214&#8243; alignment=&raquo;&raquo; animation=&raquo;Fade In&raquo; border_radius=&raquo;none&raquo; box_shadow=&raquo;none&raquo; max_width=&raquo;100%&raquo;][\/vc_column][vc_column column_padding=&raquo;no-extra-padding&raquo; column_padding_position=&raquo;all&raquo; background_color_opacity=&raquo;1&#8243; background_hover_color_opacity=&raquo;1&#8243; column_shadow=&raquo;none&raquo; column_border_radius=&raquo;none&raquo; width=&raquo;1\/2&#8243; tablet_text_alignment=&raquo;default&raquo; phone_text_alignment=&raquo;default&raquo; column_border_width=&raquo;none&raquo; column_border_style=&raquo;solid&raquo;][vc_column_text]<strong>Dine rettigheter<\/strong><br \/>\nBarn og unge har rettigheter knyttet til barnevernsaker. Spesielt opphold i institusjon er det knyttet lover til hva rettigheter som gjelder under oppholdet. Reglene omhandler hvilke grenser de voksne kan sette for deg og din rett til privatliv. Dersom du flytter inn i en institusjon f\u00e5r du informasjon om hvilke regler som gjelder. I brosjyren kan du lese om temaer som omsorg, frihet, privatliv, respekt og vern. Der st\u00e5r ogs\u00e5 telefonnummer til fylkesmannen og hvem som er kontaktperson.<\/p>\n<p>Fylkesmannen er et statlig kontor i ditt fylke som skal passe p\u00e5 at barn og unge i institusjon blir ivaretatt slik loven sier. Du har rett til \u00e5 klage p\u00e5 forhold ved oppholdet i institusjon eller hjelp til \u00e5 forst\u00e5 det som fremst\u00e5r vanskelig. Les mer om rettigheter og annet om barnevern p\u00e5 <a href=\"https:\/\/www.ung.no\/barnevern\">ung.no<\/a>[\/vc_column_text][\/vc_column][\/vc_row][vc_row type=&raquo;in_container&raquo; full_screen_row_position=&raquo;middle&raquo; scene_position=&raquo;center&raquo; text_color=&raquo;dark&raquo; text_align=&raquo;left&raquo; overlay_strength=&raquo;0.3&#8243; shape_divider_position=&raquo;bottom&raquo;][vc_column column_padding=&raquo;no-extra-padding&raquo; column_padding_position=&raquo;all&raquo; background_color_opacity=&raquo;1&#8243; background_hover_color_opacity=&raquo;1&#8243; column_shadow=&raquo;none&raquo; column_border_radius=&raquo;none&raquo; width=&raquo;1\/2&#8243; tablet_text_alignment=&raquo;default&raquo; phone_text_alignment=&raquo;default&raquo; column_border_width=&raquo;none&raquo; column_border_style=&raquo;solid&raquo;][\/vc_column][\/vc_row]\n","protected":false},"excerpt":{"rendered":"<p>[vc_row type=&raquo;in_container&raquo; full_screen_row_position=&raquo;middle&raquo; scene_position=&raquo;center&raquo; text_color=&raquo;dark&raquo; text_align=&raquo;left&raquo; overlay_strength=&raquo;0.3&#8243; shape_divider_position=&raquo;bottom&raquo;][vc_column column_padding=&raquo;no-extra-padding&raquo; column_padding_position=&raquo;all&raquo; background_color_opacity=&raquo;1&#8243; background_hover_color_opacity=&raquo;1&#8243; column_shadow=&raquo;none&raquo; column_border_radius=&raquo;none&raquo; width=&raquo;1\/1&#8243; tablet_text_alignment=&raquo;default&raquo; phone_text_alignment=&raquo;default&raquo; column_border_width=&raquo;none&raquo; column_border_style=&raquo;solid&raquo;][vc_column_text] Rettigheter&#8230;<\/p>\n","protected":false},"author":3,"featured_media":0,"parent":16,"menu_order":0,"comment_status":"closed","ping_status":"closed","template":"","meta":{"footnotes":""},"class_list":["post-17","page","type-page","status-publish"],"yoast_head":"<!-- This site is optimized with the Yoast SEO plugin v27.5 - https:\/\/yoast.com\/product\/yoast-seo-wordpress\/ -->\n<title>Du har rettigheter \u2013 bruk dem - Haraldsplass Barnevern<\/title>\n<meta name=\"robots\" content=\"index, follow, max-snippet:-1, max-image-preview:large, max-video-preview:-1\" \/>\n<link rel=\"canonical\" href=\"https:\/\/www.haraldsplass.org\/barnevern\/for-deg-som-er-ung\/du-har-rettigheter-bruk-dem\/\" \/>\n<meta property=\"og:locale\" content=\"nb_NO\" \/>\n<meta property=\"og:type\" content=\"article\" \/>\n<meta property=\"og:title\" content=\"Du har rettigheter \u2013 bruk dem - Haraldsplass Barnevern\" \/>\n<meta property=\"og:description\" content=\"[vc_row type=&raquo;in_container&raquo; full_screen_row_position=&raquo;middle&raquo; scene_position=&raquo;center&raquo; text_color=&raquo;dark&raquo; text_align=&raquo;left&raquo; overlay_strength=&raquo;0.3&#8243; shape_divider_position=&raquo;bottom&raquo;][vc_column column_padding=&raquo;no-extra-padding&raquo; column_padding_position=&raquo;all&raquo; background_color_opacity=&raquo;1&#8243; background_hover_color_opacity=&raquo;1&#8243; column_shadow=&raquo;none&raquo; column_border_radius=&raquo;none&raquo; width=&raquo;1\/1&#8243; tablet_text_alignment=&raquo;default&raquo; phone_text_alignment=&raquo;default&raquo; column_border_width=&raquo;none&raquo; column_border_style=&raquo;solid&raquo;][vc_column_text] Rettigheter...\" \/>\n<meta property=\"og:url\" content=\"https:\/\/www.haraldsplass.org\/barnevern\/for-deg-som-er-ung\/du-har-rettigheter-bruk-dem\/\" \/>\n<meta property=\"og:site_name\" content=\"Haraldsplass Barnevern\" \/>\n<meta property=\"article:modified_time\" content=\"2018-05-09T12:32:44+00:00\" \/>\n<meta name=\"twitter:card\" content=\"summary_large_image\" \/>\n<meta name=\"twitter:label1\" content=\"Ansl. lesetid\" \/>\n\t<meta name=\"twitter:data1\" content=\"2 minutter\" \/>\n<script type=\"application\/ld+json\" class=\"yoast-schema-graph\">{\"@context\":\"https:\\\/\\\/schema.org\",\"@graph\":[{\"@type\":\"WebPage\",\"@id\":\"https:\\\/\\\/www.haraldsplass.org\\\/barnevern\\\/for-deg-som-er-ung\\\/du-har-rettigheter-bruk-dem\\\/\",\"url\":\"https:\\\/\\\/www.haraldsplass.org\\\/barnevern\\\/for-deg-som-er-ung\\\/du-har-rettigheter-bruk-dem\\\/\",\"name\":\"Du har rettigheter \u2013 bruk dem - Haraldsplass Barnevern\",\"isPartOf\":{\"@id\":\"https:\\\/\\\/www.haraldsplass.org\\\/barnevern\\\/#website\"},\"datePublished\":\"2018-03-14T15:41:31+00:00\",\"dateModified\":\"2018-05-09T12:32:44+00:00\",\"breadcrumb\":{\"@id\":\"https:\\\/\\\/www.haraldsplass.org\\\/barnevern\\\/for-deg-som-er-ung\\\/du-har-rettigheter-bruk-dem\\\/#breadcrumb\"},\"inLanguage\":\"nb-NO\",\"potentialAction\":[{\"@type\":\"ReadAction\",\"target\":[\"https:\\\/\\\/www.haraldsplass.org\\\/barnevern\\\/for-deg-som-er-ung\\\/du-har-rettigheter-bruk-dem\\\/\"]}]},{\"@type\":\"BreadcrumbList\",\"@id\":\"https:\\\/\\\/www.haraldsplass.org\\\/barnevern\\\/for-deg-som-er-ung\\\/du-har-rettigheter-bruk-dem\\\/#breadcrumb\",\"itemListElement\":[{\"@type\":\"ListItem\",\"position\":1,\"name\":\"Hjem\",\"item\":\"https:\\\/\\\/www.haraldsplass.org\\\/barnevern\\\/\"},{\"@type\":\"ListItem\",\"position\":2,\"name\":\"For deg som er ung\",\"item\":\"https:\\\/\\\/www.haraldsplass.org\\\/barnevern\\\/for-deg-som-er-ung\\\/\"},{\"@type\":\"ListItem\",\"position\":3,\"name\":\"Du har rettigheter \u2013 bruk dem\"}]},{\"@type\":\"WebSite\",\"@id\":\"https:\\\/\\\/www.haraldsplass.org\\\/barnevern\\\/#website\",\"url\":\"https:\\\/\\\/www.haraldsplass.org\\\/barnevern\\\/\",\"name\":\"Haraldsplass Barnevern\",\"description\":\"\",\"potentialAction\":[{\"@type\":\"SearchAction\",\"target\":{\"@type\":\"EntryPoint\",\"urlTemplate\":\"https:\\\/\\\/www.haraldsplass.org\\\/barnevern\\\/?s={search_term_string}\"},\"query-input\":{\"@type\":\"PropertyValueSpecification\",\"valueRequired\":true,\"valueName\":\"search_term_string\"}}],\"inLanguage\":\"nb-NO\"}]}<\/script>\n<!-- \/ Yoast SEO plugin. -->","yoast_head_json":{"title":"Du har rettigheter \u2013 bruk dem - Haraldsplass Barnevern","robots":{"index":"index","follow":"follow","max-snippet":"max-snippet:-1","max-image-preview":"max-image-preview:large","max-video-preview":"max-video-preview:-1"},"canonical":"https:\/\/www.haraldsplass.org\/barnevern\/for-deg-som-er-ung\/du-har-rettigheter-bruk-dem\/","og_locale":"nb_NO","og_type":"article","og_title":"Du har rettigheter \u2013 bruk dem - Haraldsplass Barnevern","og_description":"[vc_row type=&raquo;in_container&raquo; full_screen_row_position=&raquo;middle&raquo; scene_position=&raquo;center&raquo; text_color=&raquo;dark&raquo; text_align=&raquo;left&raquo; overlay_strength=&raquo;0.3&#8243; shape_divider_position=&raquo;bottom&raquo;][vc_column column_padding=&raquo;no-extra-padding&raquo; column_padding_position=&raquo;all&raquo; background_color_opacity=&raquo;1&#8243; background_hover_color_opacity=&raquo;1&#8243; column_shadow=&raquo;none&raquo; column_border_radius=&raquo;none&raquo; width=&raquo;1\/1&#8243; tablet_text_alignment=&raquo;default&raquo; phone_text_alignment=&raquo;default&raquo; column_border_width=&raquo;none&raquo; column_border_style=&raquo;solid&raquo;][vc_column_text] Rettigheter...","og_url":"https:\/\/www.haraldsplass.org\/barnevern\/for-deg-som-er-ung\/du-har-rettigheter-bruk-dem\/","og_site_name":"Haraldsplass Barnevern","article_modified_time":"2018-05-09T12:32:44+00:00","twitter_card":"summary_large_image","twitter_misc":{"Ansl. lesetid":"2 minutter"},"schema":{"@context":"https:\/\/schema.org","@graph":[{"@type":"WebPage","@id":"https:\/\/www.haraldsplass.org\/barnevern\/for-deg-som-er-ung\/du-har-rettigheter-bruk-dem\/","url":"https:\/\/www.haraldsplass.org\/barnevern\/for-deg-som-er-ung\/du-har-rettigheter-bruk-dem\/","name":"Du har rettigheter \u2013 bruk dem - Haraldsplass Barnevern","isPartOf":{"@id":"https:\/\/www.haraldsplass.org\/barnevern\/#website"},"datePublished":"2018-03-14T15:41:31+00:00","dateModified":"2018-05-09T12:32:44+00:00","breadcrumb":{"@id":"https:\/\/www.haraldsplass.org\/barnevern\/for-deg-som-er-ung\/du-har-rettigheter-bruk-dem\/#breadcrumb"},"inLanguage":"nb-NO","potentialAction":[{"@type":"ReadAction","target":["https:\/\/www.haraldsplass.org\/barnevern\/for-deg-som-er-ung\/du-har-rettigheter-bruk-dem\/"]}]},{"@type":"BreadcrumbList","@id":"https:\/\/www.haraldsplass.org\/barnevern\/for-deg-som-er-ung\/du-har-rettigheter-bruk-dem\/#breadcrumb","itemListElement":[{"@type":"ListItem","position":1,"name":"Hjem","item":"https:\/\/www.haraldsplass.org\/barnevern\/"},{"@type":"ListItem","position":2,"name":"For deg som er ung","item":"https:\/\/www.haraldsplass.org\/barnevern\/for-deg-som-er-ung\/"},{"@type":"ListItem","position":3,"name":"Du har rettigheter \u2013 bruk dem"}]},{"@type":"WebSite","@id":"https:\/\/www.haraldsplass.org\/barnevern\/#website","url":"https:\/\/www.haraldsplass.org\/barnevern\/","name":"Haraldsplass Barnevern","description":"","potentialAction":[{"@type":"SearchAction","target":{"@type":"EntryPoint","urlTemplate":"https:\/\/www.haraldsplass.org\/barnevern\/?s={search_term_string}"},"query-input":{"@type":"PropertyValueSpecification","valueRequired":true,"valueName":"search_term_string"}}],"inLanguage":"nb-NO"}]}},"_links":{"self":[{"href":"https:\/\/www.haraldsplass.org\/barnevern\/wp-json\/wp\/v2\/pages\/17","targetHints":{"allow":["GET"]}}],"collection":[{"href":"https:\/\/www.haraldsplass.org\/barnevern\/wp-json\/wp\/v2\/pages"}],"about":[{"href":"https:\/\/www.haraldsplass.org\/barnevern\/wp-json\/wp\/v2\/types\/page"}],"author":[{"embeddable":true,"href":"https:\/\/www.haraldsplass.org\/barnevern\/wp-json\/wp\/v2\/users\/3"}],"replies":[{"embeddable":true,"href":"https:\/\/www.haraldsplass.org\/barnevern\/wp-json\/wp\/v2\/comments?post=17"}],"version-history":[{"count":0,"href":"https:\/\/www.haraldsplass.org\/barnevern\/wp-json\/wp\/v2\/pages\/17\/revisions"}],"up":[{"embeddable":true,"href":"https:\/\/www.haraldsplass.org\/barnevern\/wp-json\/wp\/v2\/pages\/16"}],"wp:attachment":[{"href":"https:\/\/www.haraldsplass.org\/barnevern\/wp-json\/wp\/v2\/media?parent=17"}],"curies":[{"name":"wp","href":"https:\/\/api.w.org\/{rel}","templated":true}]}}