{"id":18,"date":"2018-03-14T15:41:51","date_gmt":"2018-03-14T15:41:51","guid":{"rendered":"http:\/\/haraldsplass.wpengine.com\/barnevern\/?page_id=18"},"modified":"2023-02-24T10:54:37","modified_gmt":"2023-02-24T09:54:37","slug":"hva-kan-vi-hjelpe-med","status":"publish","type":"page","link":"https:\/\/www.haraldsplass.org\/barnevern\/for-deg-som-er-ung\/hva-kan-vi-hjelpe-med\/","title":{"rendered":"Hva kan vi hjelpe med?"},"content":{"rendered":"[vc_row type=&raquo;in_container&raquo; full_screen_row_position=&raquo;middle&raquo; scene_position=&raquo;center&raquo; text_color=&raquo;dark&raquo; text_align=&raquo;left&raquo; overlay_strength=&raquo;0.3&#8243; shape_divider_position=&raquo;bottom&raquo;][vc_column column_padding=&raquo;no-extra-padding&raquo; column_padding_position=&raquo;all&raquo; background_color_opacity=&raquo;1&#8243; background_hover_color_opacity=&raquo;1&#8243; column_shadow=&raquo;none&raquo; column_border_radius=&raquo;none&raquo; width=&raquo;1\/1&#8243; tablet_text_alignment=&raquo;default&raquo; phone_text_alignment=&raquo;default&raquo; column_border_width=&raquo;none&raquo; column_border_style=&raquo;solid&raquo;][vc_column_text]\n<h1>Hva kan vi hjelpe med?<\/h1>\n[\/vc_column_text][divider line_type=&raquo;No Line&raquo; custom_height=&raquo;20&#8243;][vc_column_text]\n<h3>I samarbeid med barneverntjenesten i kommunen der du bor, skreddersyr vi et tilbud tilpasset deg.<\/h3>\n[\/vc_column_text][\/vc_column][\/vc_row][vc_row type=&raquo;in_container&raquo; full_screen_row_position=&raquo;middle&raquo; scene_position=&raquo;center&raquo; text_color=&raquo;dark&raquo; text_align=&raquo;left&raquo; overlay_strength=&raquo;0.3&#8243; shape_divider_position=&raquo;bottom&raquo; shape_type=&raquo;&raquo;][vc_column column_padding=&raquo;no-extra-padding&raquo; column_padding_position=&raquo;all&raquo; background_color_opacity=&raquo;1&#8243; background_hover_color_opacity=&raquo;1&#8243; column_shadow=&raquo;none&raquo; column_border_radius=&raquo;none&raquo; width=&raquo;1\/1&#8243; tablet_text_alignment=&raquo;default&raquo; phone_text_alignment=&raquo;default&raquo; column_border_width=&raquo;none&raquo; column_border_style=&raquo;solid&raquo;][image_with_animation image_url=&raquo;170&#8243; alignment=&raquo;&raquo; animation=&raquo;Fade In&raquo; border_radius=&raquo;none&raquo; box_shadow=&raquo;none&raquo; max_width=&raquo;100%&raquo;][\/vc_column][\/vc_row][vc_row type=&raquo;in_container&raquo; full_screen_row_position=&raquo;middle&raquo; scene_position=&raquo;center&raquo; text_color=&raquo;dark&raquo; text_align=&raquo;left&raquo; overlay_strength=&raquo;0.3&#8243; shape_divider_position=&raquo;bottom&raquo;][vc_column column_padding=&raquo;no-extra-padding&raquo; column_padding_position=&raquo;all&raquo; background_color_opacity=&raquo;1&#8243; background_hover_color_opacity=&raquo;1&#8243; column_shadow=&raquo;none&raquo; column_border_radius=&raquo;none&raquo; width=&raquo;1\/2&#8243; tablet_text_alignment=&raquo;default&raquo; phone_text_alignment=&raquo;default&raquo; column_border_width=&raquo;none&raquo; column_border_style=&raquo;solid&raquo;][vc_column_text]<strong>Hjemmebasert tjeneste<br \/>\n<\/strong>For noen er det tilstrekkelig med en ordning der en milj\u00f8terapeut kommer hjem til familien. Milj\u00f8terapeuten hjelper med \u00e5 lage en god plan og gjennomf\u00f8rer aktiviteter og samtaler som kan bedre forholdet i familien. Dette kan v\u00e6re saker som g\u00e5r p\u00e5 samarbeid, hvem som skal bestemme hva og m\u00e5ter man snakker sammen p\u00e5. Noen trenger litt ekstra st\u00f8tte for \u00e5 f\u00e5 en god plan og fast rutiner, for eksempel n\u00e5r det gjelder det \u00e5 komme seg p\u00e5 skolen.<\/p>\n<p><strong>Bo p\u00e5 Garnes Ungdomsenter<br \/>\n<\/strong>Noen har best nytte av \u00e5 flytte hjemmefra for en periode, andre skal starte p\u00e5 en selvstendig tilv\u00e6relse \u00e5 flytte hjemmefra for godt. I begge tilfeller kan det v\u00e6re aktuelt \u00e5 bo p\u00e5 Garnes Ungdomssenter en stund. I Arna omr\u00e5det har vi flere institusjonsplasser fordelt p\u00e5 hus med 2-3 ungdommer i hvert hus. Plassering p\u00e5 institusjon gj\u00f8res i samarbeid med barneverntjenesten i hjemkommunen og det statlige Bufetat.[\/vc_column_text][\/vc_column][vc_column column_padding=&raquo;no-extra-padding&raquo; column_padding_position=&raquo;all&raquo; background_color_opacity=&raquo;1&#8243; background_hover_color_opacity=&raquo;1&#8243; column_shadow=&raquo;none&raquo; column_border_radius=&raquo;none&raquo; width=&raquo;1\/2&#8243; tablet_text_alignment=&raquo;default&raquo; phone_text_alignment=&raquo;default&raquo; column_border_width=&raquo;none&raquo; column_border_style=&raquo;solid&raquo;][vc_column_text]<strong>Ettervern<br \/>\n<\/strong>I sluttfasen av oppholdet p\u00e5 v\u00e5re institusjoner, f\u00e5r noen av de eldre ungdommene bo en periode p\u00e5 hybel med tett oppf\u00f8lging av voksne. Dette gj\u00f8res for at ungdommene skal f\u00e5 botrening. De som bor p\u00e5 hybel blir oppfordret til \u00e5 styre egen \u00f8konomi, matlaging, rengj\u00f8ring, klesvask og det \u00e5 komme seg opp om morgenen for \u00e5 dra p\u00e5 skole eller jobb. Personlig utvikling st\u00f8ttes gjennom veileding og praktisk oppf\u00f8lging. Enkelte oppdager her nye sider med seg selv eller egenskaper de ikke viste de hadde.<\/p>\n<p><strong>Botrening\u00a0<\/strong><br \/>\nDet kan v\u00e6re godt \u00e5 f\u00e5 litt hjelp i overgangsfasen fra \u00e5 ha bodd p\u00e5 institusjon eller familiehjem til \u00e5 skulle fikse alt selv. Haraldsplass Serio Ung kan v\u00e6re en st\u00f8tte for ungdom som flytter i egen bolig. En voksen til \u00e5 prate med og f\u00e5 r\u00e5d av, kan v\u00e6re godt \u00e5 ha i en periode. V\u00e5re milj\u00f8terapeuter kan f\u00f8lge opp ungdom som etter avtale med barneverntjenesten f\u00e5r slik hjelp.[\/vc_column_text][\/vc_column][\/vc_row]\n","protected":false},"excerpt":{"rendered":"<p>[vc_row type=&raquo;in_container&raquo; full_screen_row_position=&raquo;middle&raquo; scene_position=&raquo;center&raquo; text_color=&raquo;dark&raquo; text_align=&raquo;left&raquo; overlay_strength=&raquo;0.3&#8243; shape_divider_position=&raquo;bottom&raquo;][vc_column column_padding=&raquo;no-extra-padding&raquo; column_padding_position=&raquo;all&raquo; background_color_opacity=&raquo;1&#8243; background_hover_color_opacity=&raquo;1&#8243; column_shadow=&raquo;none&raquo; column_border_radius=&raquo;none&raquo; width=&raquo;1\/1&#8243; tablet_text_alignment=&raquo;default&raquo; phone_text_alignment=&raquo;default&raquo; column_border_width=&raquo;none&raquo; column_border_style=&raquo;solid&raquo;][vc_column_text] Hva&#8230;<\/p>\n","protected":false},"author":3,"featured_media":0,"parent":16,"menu_order":0,"comment_status":"closed","ping_status":"closed","template":"","meta":{"footnotes":""},"class_list":["post-18","page","type-page","status-publish"],"yoast_head":"<!-- This site is optimized with the Yoast SEO plugin v27.3 - https:\/\/yoast.com\/product\/yoast-seo-wordpress\/ -->\n<title>Hva kan vi hjelpe med? - Haraldsplass Barnevern<\/title>\n<meta name=\"robots\" content=\"index, follow, max-snippet:-1, max-image-preview:large, max-video-preview:-1\" \/>\n<link rel=\"canonical\" href=\"https:\/\/www.haraldsplass.org\/barnevern\/for-deg-som-er-ung\/hva-kan-vi-hjelpe-med\/\" \/>\n<meta property=\"og:locale\" content=\"nb_NO\" \/>\n<meta property=\"og:type\" content=\"article\" \/>\n<meta property=\"og:title\" content=\"Hva kan vi hjelpe med? - Haraldsplass Barnevern\" \/>\n<meta property=\"og:description\" content=\"[vc_row type=&raquo;in_container&raquo; full_screen_row_position=&raquo;middle&raquo; scene_position=&raquo;center&raquo; text_color=&raquo;dark&raquo; text_align=&raquo;left&raquo; overlay_strength=&raquo;0.3&#8243; shape_divider_position=&raquo;bottom&raquo;][vc_column column_padding=&raquo;no-extra-padding&raquo; column_padding_position=&raquo;all&raquo; background_color_opacity=&raquo;1&#8243; background_hover_color_opacity=&raquo;1&#8243; column_shadow=&raquo;none&raquo; column_border_radius=&raquo;none&raquo; width=&raquo;1\/1&#8243; tablet_text_alignment=&raquo;default&raquo; phone_text_alignment=&raquo;default&raquo; column_border_width=&raquo;none&raquo; column_border_style=&raquo;solid&raquo;][vc_column_text] Hva...\" \/>\n<meta property=\"og:url\" content=\"https:\/\/www.haraldsplass.org\/barnevern\/for-deg-som-er-ung\/hva-kan-vi-hjelpe-med\/\" \/>\n<meta property=\"og:site_name\" content=\"Haraldsplass Barnevern\" \/>\n<meta property=\"article:modified_time\" content=\"2023-02-24T09:54:37+00:00\" \/>\n<meta name=\"twitter:card\" content=\"summary_large_image\" \/>\n<meta name=\"twitter:label1\" content=\"Ansl. lesetid\" \/>\n\t<meta name=\"twitter:data1\" content=\"2 minutter\" \/>\n<script type=\"application\/ld+json\" class=\"yoast-schema-graph\">{\"@context\":\"https:\\\/\\\/schema.org\",\"@graph\":[{\"@type\":\"WebPage\",\"@id\":\"https:\\\/\\\/www.haraldsplass.org\\\/barnevern\\\/for-deg-som-er-ung\\\/hva-kan-vi-hjelpe-med\\\/\",\"url\":\"https:\\\/\\\/www.haraldsplass.org\\\/barnevern\\\/for-deg-som-er-ung\\\/hva-kan-vi-hjelpe-med\\\/\",\"name\":\"Hva kan vi hjelpe med? - Haraldsplass Barnevern\",\"isPartOf\":{\"@id\":\"https:\\\/\\\/www.haraldsplass.org\\\/barnevern\\\/#website\"},\"datePublished\":\"2018-03-14T15:41:51+00:00\",\"dateModified\":\"2023-02-24T09:54:37+00:00\",\"breadcrumb\":{\"@id\":\"https:\\\/\\\/www.haraldsplass.org\\\/barnevern\\\/for-deg-som-er-ung\\\/hva-kan-vi-hjelpe-med\\\/#breadcrumb\"},\"inLanguage\":\"nb-NO\",\"potentialAction\":[{\"@type\":\"ReadAction\",\"target\":[\"https:\\\/\\\/www.haraldsplass.org\\\/barnevern\\\/for-deg-som-er-ung\\\/hva-kan-vi-hjelpe-med\\\/\"]}]},{\"@type\":\"BreadcrumbList\",\"@id\":\"https:\\\/\\\/www.haraldsplass.org\\\/barnevern\\\/for-deg-som-er-ung\\\/hva-kan-vi-hjelpe-med\\\/#breadcrumb\",\"itemListElement\":[{\"@type\":\"ListItem\",\"position\":1,\"name\":\"Hjem\",\"item\":\"https:\\\/\\\/www.haraldsplass.org\\\/barnevern\\\/\"},{\"@type\":\"ListItem\",\"position\":2,\"name\":\"For deg som er ung\",\"item\":\"https:\\\/\\\/www.haraldsplass.org\\\/barnevern\\\/for-deg-som-er-ung\\\/\"},{\"@type\":\"ListItem\",\"position\":3,\"name\":\"Hva kan vi hjelpe med?\"}]},{\"@type\":\"WebSite\",\"@id\":\"https:\\\/\\\/www.haraldsplass.org\\\/barnevern\\\/#website\",\"url\":\"https:\\\/\\\/www.haraldsplass.org\\\/barnevern\\\/\",\"name\":\"Haraldsplass Barnevern\",\"description\":\"\",\"potentialAction\":[{\"@type\":\"SearchAction\",\"target\":{\"@type\":\"EntryPoint\",\"urlTemplate\":\"https:\\\/\\\/www.haraldsplass.org\\\/barnevern\\\/?s={search_term_string}\"},\"query-input\":{\"@type\":\"PropertyValueSpecification\",\"valueRequired\":true,\"valueName\":\"search_term_string\"}}],\"inLanguage\":\"nb-NO\"}]}<\/script>\n<!-- \/ Yoast SEO plugin. -->","yoast_head_json":{"title":"Hva kan vi hjelpe med? - Haraldsplass Barnevern","robots":{"index":"index","follow":"follow","max-snippet":"max-snippet:-1","max-image-preview":"max-image-preview:large","max-video-preview":"max-video-preview:-1"},"canonical":"https:\/\/www.haraldsplass.org\/barnevern\/for-deg-som-er-ung\/hva-kan-vi-hjelpe-med\/","og_locale":"nb_NO","og_type":"article","og_title":"Hva kan vi hjelpe med? - Haraldsplass Barnevern","og_description":"[vc_row type=&raquo;in_container&raquo; full_screen_row_position=&raquo;middle&raquo; scene_position=&raquo;center&raquo; text_color=&raquo;dark&raquo; text_align=&raquo;left&raquo; overlay_strength=&raquo;0.3&#8243; shape_divider_position=&raquo;bottom&raquo;][vc_column column_padding=&raquo;no-extra-padding&raquo; column_padding_position=&raquo;all&raquo; background_color_opacity=&raquo;1&#8243; background_hover_color_opacity=&raquo;1&#8243; column_shadow=&raquo;none&raquo; column_border_radius=&raquo;none&raquo; width=&raquo;1\/1&#8243; tablet_text_alignment=&raquo;default&raquo; phone_text_alignment=&raquo;default&raquo; column_border_width=&raquo;none&raquo; column_border_style=&raquo;solid&raquo;][vc_column_text] Hva...","og_url":"https:\/\/www.haraldsplass.org\/barnevern\/for-deg-som-er-ung\/hva-kan-vi-hjelpe-med\/","og_site_name":"Haraldsplass Barnevern","article_modified_time":"2023-02-24T09:54:37+00:00","twitter_card":"summary_large_image","twitter_misc":{"Ansl. lesetid":"2 minutter"},"schema":{"@context":"https:\/\/schema.org","@graph":[{"@type":"WebPage","@id":"https:\/\/www.haraldsplass.org\/barnevern\/for-deg-som-er-ung\/hva-kan-vi-hjelpe-med\/","url":"https:\/\/www.haraldsplass.org\/barnevern\/for-deg-som-er-ung\/hva-kan-vi-hjelpe-med\/","name":"Hva kan vi hjelpe med? - Haraldsplass Barnevern","isPartOf":{"@id":"https:\/\/www.haraldsplass.org\/barnevern\/#website"},"datePublished":"2018-03-14T15:41:51+00:00","dateModified":"2023-02-24T09:54:37+00:00","breadcrumb":{"@id":"https:\/\/www.haraldsplass.org\/barnevern\/for-deg-som-er-ung\/hva-kan-vi-hjelpe-med\/#breadcrumb"},"inLanguage":"nb-NO","potentialAction":[{"@type":"ReadAction","target":["https:\/\/www.haraldsplass.org\/barnevern\/for-deg-som-er-ung\/hva-kan-vi-hjelpe-med\/"]}]},{"@type":"BreadcrumbList","@id":"https:\/\/www.haraldsplass.org\/barnevern\/for-deg-som-er-ung\/hva-kan-vi-hjelpe-med\/#breadcrumb","itemListElement":[{"@type":"ListItem","position":1,"name":"Hjem","item":"https:\/\/www.haraldsplass.org\/barnevern\/"},{"@type":"ListItem","position":2,"name":"For deg som er ung","item":"https:\/\/www.haraldsplass.org\/barnevern\/for-deg-som-er-ung\/"},{"@type":"ListItem","position":3,"name":"Hva kan vi hjelpe med?"}]},{"@type":"WebSite","@id":"https:\/\/www.haraldsplass.org\/barnevern\/#website","url":"https:\/\/www.haraldsplass.org\/barnevern\/","name":"Haraldsplass Barnevern","description":"","potentialAction":[{"@type":"SearchAction","target":{"@type":"EntryPoint","urlTemplate":"https:\/\/www.haraldsplass.org\/barnevern\/?s={search_term_string}"},"query-input":{"@type":"PropertyValueSpecification","valueRequired":true,"valueName":"search_term_string"}}],"inLanguage":"nb-NO"}]}},"_links":{"self":[{"href":"https:\/\/www.haraldsplass.org\/barnevern\/wp-json\/wp\/v2\/pages\/18","targetHints":{"allow":["GET"]}}],"collection":[{"href":"https:\/\/www.haraldsplass.org\/barnevern\/wp-json\/wp\/v2\/pages"}],"about":[{"href":"https:\/\/www.haraldsplass.org\/barnevern\/wp-json\/wp\/v2\/types\/page"}],"author":[{"embeddable":true,"href":"https:\/\/www.haraldsplass.org\/barnevern\/wp-json\/wp\/v2\/users\/3"}],"replies":[{"embeddable":true,"href":"https:\/\/www.haraldsplass.org\/barnevern\/wp-json\/wp\/v2\/comments?post=18"}],"version-history":[{"count":0,"href":"https:\/\/www.haraldsplass.org\/barnevern\/wp-json\/wp\/v2\/pages\/18\/revisions"}],"up":[{"embeddable":true,"href":"https:\/\/www.haraldsplass.org\/barnevern\/wp-json\/wp\/v2\/pages\/16"}],"wp:attachment":[{"href":"https:\/\/www.haraldsplass.org\/barnevern\/wp-json\/wp\/v2\/media?parent=18"}],"curies":[{"name":"wp","href":"https:\/\/api.w.org\/{rel}","templated":true}]}}