{"id":28,"date":"2018-03-14T15:45:41","date_gmt":"2018-03-14T14:45:41","guid":{"rendered":"http:\/\/haraldsplass.wpengine.com\/barnevern\/?page_id=28"},"modified":"2025-08-28T11:03:20","modified_gmt":"2025-08-28T09:03:20","slug":"kontakt","status":"publish","type":"page","link":"https:\/\/www.haraldsplass.org\/barnevern\/om-oss\/kontakt\/","title":{"rendered":"Kontakt"},"content":{"rendered":"[vc_row type=&raquo;in_container&raquo; full_screen_row_position=&raquo;middle&raquo; column_margin=&raquo;default&raquo; column_direction=&raquo;default&raquo; column_direction_tablet=&raquo;default&raquo; column_direction_phone=&raquo;default&raquo; scene_position=&raquo;center&raquo; text_color=&raquo;dark&raquo; text_align=&raquo;left&raquo; row_border_radius=&raquo;none&raquo; row_border_radius_applies=&raquo;bg&raquo; overflow=&raquo;visible&raquo; overlay_strength=&raquo;0.3&#8243; gradient_direction=&raquo;left_to_right&raquo; shape_divider_position=&raquo;bottom&raquo; bg_image_animation=&raquo;none&raquo;][vc_column column_padding=&raquo;padding-5-percent&raquo; column_padding_tablet=&raquo;inherit&raquo; column_padding_phone=&raquo;inherit&raquo; column_padding_position=&raquo;right&raquo; column_element_direction_desktop=&raquo;default&raquo; column_element_spacing=&raquo;default&raquo; desktop_text_alignment=&raquo;default&raquo; tablet_text_alignment=&raquo;default&raquo; phone_text_alignment=&raquo;default&raquo; background_color_opacity=&raquo;1&#8243; background_hover_color_opacity=&raquo;1&#8243; column_backdrop_filter=&raquo;none&raquo; column_shadow=&raquo;none&raquo; column_border_radius=&raquo;none&raquo; column_link_target=&raquo;_self&raquo; column_position=&raquo;default&raquo; gradient_direction=&raquo;left_to_right&raquo; overlay_strength=&raquo;0.3&#8243; width=&raquo;1\/2&#8243; tablet_width_inherit=&raquo;default&raquo; animation_type=&raquo;default&raquo; bg_image_animation=&raquo;none&raquo; border_type=&raquo;simple&raquo; column_border_width=&raquo;none&raquo; column_border_style=&raquo;solid&raquo;][vc_column_text]\n<h1>Kontakt<\/h1>\n[\/vc_column_text][divider line_type=&raquo;No Line&raquo; custom_height=&raquo;30&#8243;][vc_column_text css=&raquo;&raquo; text_direction=&raquo;default&raquo;]<strong>Postadresse: <\/strong>Haraldsplass Serio Ung, Ulriksdal 8, 5009 Bergen<br \/>\n<strong>Sentralbord:\u00a0<\/strong>55 53 87 60<br \/>\n<strong>Epost:\u00a0<\/strong>post@@hs-ung.no<\/p>\n<p><em>Du kan ogs\u00e5 kontakte v\u00e5re ledere direkte p\u00e5 mobil eller e-post.\u00a0<\/em><\/p>\n<p>Senterets administrasjon ligger sentrumsn\u00e6rt i Ulriksdal, \u00c5rstad bydel. Her holder ogs\u00e5 Familie- og oppf\u00f8lgingsavdelingen til. Vi har ogs\u00e5 avdelingskontor i S\u00f8gne (Kristiansand kommune). Vi har institusjonsavdelinger i Arna bydel,\u00a0 Ask\u00f8y kommune, Bj\u00f8rnafjorden kommune, Rogaland og i Agder, n\u00e6rmere bestemt i Kristiansand kommune, Mandal og Valle i Setesdal. Dette er sm\u00e5 enheter med plass til 3-5 ungdommer i hver institusjon.[\/vc_column_text][\/vc_column][vc_column column_padding=&raquo;no-extra-padding&raquo; column_padding_tablet=&raquo;inherit&raquo; column_padding_phone=&raquo;inherit&raquo; column_padding_position=&raquo;all&raquo; column_element_direction_desktop=&raquo;default&raquo; column_element_spacing=&raquo;default&raquo; desktop_text_alignment=&raquo;default&raquo; tablet_text_alignment=&raquo;default&raquo; phone_text_alignment=&raquo;default&raquo; background_color_opacity=&raquo;1&#8243; background_hover_color_opacity=&raquo;1&#8243; column_backdrop_filter=&raquo;none&raquo; column_shadow=&raquo;none&raquo; column_border_radius=&raquo;none&raquo; column_link_target=&raquo;_self&raquo; column_position=&raquo;default&raquo; gradient_direction=&raquo;left_to_right&raquo; overlay_strength=&raquo;0.3&#8243; width=&raquo;1\/2&#8243; tablet_width_inherit=&raquo;default&raquo; animation_type=&raquo;default&raquo; bg_image_animation=&raquo;none&raquo; border_type=&raquo;simple&raquo; column_border_width=&raquo;none&raquo; column_border_style=&raquo;solid&raquo;][image_with_animation image_url=&raquo;599&#8243; image_size=&raquo;full&raquo; animation_type=&raquo;entrance&raquo; animation=&raquo;Fade In&raquo; animation_easing=&raquo;default&raquo; animation_movement_type=&raquo;transform_y&raquo; hover_animation=&raquo;none&raquo; alignment=&raquo;&raquo; border_radius=&raquo;none&raquo; box_shadow=&raquo;none&raquo; image_loading=&raquo;default&raquo; max_width=&raquo;100%&raquo; max_width_mobile=&raquo;default&raquo;][\/vc_column][\/vc_row][vc_row type=&raquo;in_container&raquo; full_screen_row_position=&raquo;middle&raquo; column_margin=&raquo;default&raquo; column_direction=&raquo;default&raquo; column_direction_tablet=&raquo;default&raquo; column_direction_phone=&raquo;default&raquo; scene_position=&raquo;center&raquo; text_color=&raquo;dark&raquo; text_align=&raquo;left&raquo; row_border_radius=&raquo;none&raquo; row_border_radius_applies=&raquo;bg&raquo; overflow=&raquo;visible&raquo; overlay_strength=&raquo;0.3&#8243; gradient_direction=&raquo;left_to_right&raquo; shape_divider_position=&raquo;bottom&raquo; bg_image_animation=&raquo;none&raquo;][vc_column column_padding=&raquo;no-extra-padding&raquo; column_padding_tablet=&raquo;inherit&raquo; column_padding_phone=&raquo;inherit&raquo; column_padding_position=&raquo;all&raquo; column_element_direction_desktop=&raquo;default&raquo; column_element_spacing=&raquo;default&raquo; desktop_text_alignment=&raquo;default&raquo; tablet_text_alignment=&raquo;default&raquo; phone_text_alignment=&raquo;default&raquo; background_color_opacity=&raquo;1&#8243; background_hover_color_opacity=&raquo;1&#8243; column_backdrop_filter=&raquo;none&raquo; column_shadow=&raquo;none&raquo; column_border_radius=&raquo;none&raquo; column_link_target=&raquo;_self&raquo; column_position=&raquo;default&raquo; gradient_direction=&raquo;left_to_right&raquo; overlay_strength=&raquo;0.3&#8243; width=&raquo;1\/1&#8243; tablet_width_inherit=&raquo;default&raquo; animation_type=&raquo;default&raquo; bg_image_animation=&raquo;none&raquo; border_type=&raquo;simple&raquo; column_border_width=&raquo;none&raquo; column_border_style=&raquo;solid&raquo;][vc_column_text]<div class=\"vc_col-sm-4 wpb_column column_container vc_column_container col no-extra-padding team-member\">\r\n\t\r\n\t<img decoding=\"async\" class=\"people-image\" src=\"https:\/\/www.haraldsplass.org\/barnevern\/wp-content\/uploads\/sites\/2\/2023\/06\/Idar-Krumsvik-Direktor-Haraldsplass-Serio-Ung-600x403.jpg\" alt=\"Idar Krumsvik\" \/>\r\n\t\r\n\t<h4 class=\"light\">Idar Krumsvik<\/h4>\r\n\t<div class=\"position\">Direkt\u00f8r Haraldsplass Serio Ung<\/div>\r\n\t<p class=\"description\">Tlf. 466 18 981\r\n\t\t<br>idakru@hs-ung.no\r\n\t<\/p>\r\n<\/div><div class=\"vc_col-sm-4 wpb_column column_container vc_column_container col no-extra-padding team-member\">\r\n\t\r\n\t<img decoding=\"async\" class=\"people-image\" src=\"https:\/\/www.haraldsplass.org\/barnevern\/wp-content\/uploads\/sites\/2\/2023\/06\/Orjan-Jacobsen-Enhetsleder-institusjon-Vestland-600x403.jpg\" alt=\"\u00d8rjan Jacobsen\" \/>\r\n\t\r\n\t<h4 class=\"light\">\u00d8rjan Jacobsen<\/h4>\r\n\t<div class=\"position\">Omr\u00e5deleder Vestland<\/div>\r\n\t<p class=\"description\">Tlf. 911 58 137\r\n\t\t<br>orjjac@hs-ung.no\r\n\t<\/p>\r\n<\/div><div class=\"vc_col-sm-4 wpb_column column_container vc_column_container col no-extra-padding team-member\">\r\n\t\r\n\t<img decoding=\"async\" class=\"people-image\" src=\"https:\/\/www.haraldsplass.org\/barnevern\/wp-content\/uploads\/sites\/2\/2023\/06\/Camilla-Holm-Enhetsleder-institusjon-Agder-600x403.jpg\" alt=\"Camilla Holm\" \/>\r\n\t\r\n\t<h4 class=\"light\">Camilla Holm<\/h4>\r\n\t<div class=\"position\">Omr\u00e5deleder Agder<\/div>\r\n\t<p class=\"description\">Tlf. 917 88 339\r\n\t\t<br>cho@hs-ung.no\r\n\t<\/p>\r\n<\/div><div class=\"vc_col-sm-4 wpb_column column_container vc_column_container col no-extra-padding team-member\">\r\n\t\r\n\t<img decoding=\"async\" class=\"people-image\" src=\"https:\/\/www.haraldsplass.org\/barnevern\/wp-content\/uploads\/sites\/2\/2024\/06\/Monica-Gravdal-600x403.jpg\" alt=\"Monica Gravdal\" \/>\r\n\t\r\n\t<h4 class=\"light\">Monica Gravdal<\/h4>\r\n\t<div class=\"position\">Omr\u00e5deleder Rogaland<\/div>\r\n\t<p class=\"description\">Tlf. 99460997\r\n\t\t<br>mongra@hs-ung.no\r\n\t<\/p>\r\n<\/div>[\/vc_column_text][\/vc_column][\/vc_row][vc_row type=&raquo;in_container&raquo; full_screen_row_position=&raquo;middle&raquo; column_margin=&raquo;default&raquo; column_direction=&raquo;default&raquo; column_direction_tablet=&raquo;default&raquo; column_direction_phone=&raquo;default&raquo; scene_position=&raquo;center&raquo; text_color=&raquo;dark&raquo; text_align=&raquo;left&raquo; row_border_radius=&raquo;none&raquo; row_border_radius_applies=&raquo;bg&raquo; overflow=&raquo;visible&raquo; overlay_strength=&raquo;0.3&#8243; gradient_direction=&raquo;left_to_right&raquo; shape_divider_position=&raquo;bottom&raquo; bg_image_animation=&raquo;none&raquo;][vc_column column_padding=&raquo;no-extra-padding&raquo; column_padding_tablet=&raquo;inherit&raquo; column_padding_phone=&raquo;inherit&raquo; column_padding_position=&raquo;all&raquo; column_element_direction_desktop=&raquo;default&raquo; column_element_spacing=&raquo;default&raquo; desktop_text_alignment=&raquo;default&raquo; tablet_text_alignment=&raquo;default&raquo; phone_text_alignment=&raquo;default&raquo; background_color_opacity=&raquo;1&#8243; background_hover_color_opacity=&raquo;1&#8243; column_backdrop_filter=&raquo;none&raquo; column_shadow=&raquo;none&raquo; column_border_radius=&raquo;none&raquo; column_link_target=&raquo;_self&raquo; column_position=&raquo;default&raquo; gradient_direction=&raquo;left_to_right&raquo; overlay_strength=&raquo;0.3&#8243; width=&raquo;1\/1&#8243; tablet_width_inherit=&raquo;default&raquo; animation_type=&raquo;default&raquo; bg_image_animation=&raquo;none&raquo; border_type=&raquo;simple&raquo; column_border_width=&raquo;none&raquo; column_border_style=&raquo;solid&raquo;][vc_column_text]\n<h2>Vis ansatte fra v\u00e5re ulike avdelinger:<\/h2>\n[\/vc_column_text][divider line_type=&raquo;No Line&raquo; custom_height=&raquo;30&#8243;]<div class=\"iwithtext\"><div class=\"iwt-icon\"> <i class=\"icon-default-style fa fa-circle accent-color\"><\/i> <\/div><div class=\"iwt-text\"> \n<h3><a href=\"https:\/\/www.haraldsplass.org\/barnevern\/om-oss\/ansatte\/\">Ledelse Region Vestland<\/a><\/h3>\n <\/div><div class=\"clear\"><\/div><\/div><div class=\"iwithtext\"><div class=\"iwt-icon\"> <i class=\"icon-default-style fa fa-circle accent-color\"><\/i> <\/div><div class=\"iwt-text\"> \n<h3><a href=\"https:\/\/www.haraldsplass.org\/barnevern\/om-oss\/ansatte\/#agder\">Ledelse Region Agder<\/a><\/h3>\n <\/div><div class=\"clear\"><\/div><\/div><div class=\"iwithtext\"><div class=\"iwt-icon\"> <i class=\"icon-default-style fa fa-circle accent-color\"><\/i> <\/div><div class=\"iwt-text\"> \n<h3><a href=\"https:\/\/www.haraldsplass.org\/barnevern\/om-oss\/ansatte\/#rogaland\">Ledelse Region Rogaland<\/a><\/h3>\n <\/div><div class=\"clear\"><\/div><\/div><div class=\"iwithtext\"><div class=\"iwt-icon\"> <i class=\"icon-default-style fa fa-circle accent-color\"><\/i> <\/div><div class=\"iwt-text\"> \n<h3><a href=\"https:\/\/www.haraldsplass.org\/barnevern\/om-oss\/ansatte\/#fagstotte\">Faglig st\u00f8tte og virksomhetsstyring<\/a><\/h3>\n <\/div><div class=\"clear\"><\/div><\/div>[\/vc_column][\/vc_row][vc_row type=&raquo;in_container&raquo; full_screen_row_position=&raquo;middle&raquo; column_margin=&raquo;default&raquo; column_direction=&raquo;default&raquo; column_direction_tablet=&raquo;default&raquo; column_direction_phone=&raquo;default&raquo; scene_position=&raquo;center&raquo; text_color=&raquo;dark&raquo; text_align=&raquo;left&raquo; row_border_radius=&raquo;none&raquo; row_border_radius_applies=&raquo;bg&raquo; overflow=&raquo;visible&raquo; overlay_strength=&raquo;0.3&#8243; gradient_direction=&raquo;left_to_right&raquo; shape_divider_position=&raquo;bottom&raquo; bg_image_animation=&raquo;none&raquo;][vc_column column_padding=&raquo;no-extra-padding&raquo; column_padding_tablet=&raquo;inherit&raquo; column_padding_phone=&raquo;inherit&raquo; column_padding_position=&raquo;all&raquo; column_element_direction_desktop=&raquo;default&raquo; column_element_spacing=&raquo;default&raquo; desktop_text_alignment=&raquo;default&raquo; tablet_text_alignment=&raquo;default&raquo; phone_text_alignment=&raquo;default&raquo; background_color_opacity=&raquo;1&#8243; background_hover_color_opacity=&raquo;1&#8243; column_backdrop_filter=&raquo;none&raquo; column_shadow=&raquo;none&raquo; column_border_radius=&raquo;none&raquo; column_link_target=&raquo;_self&raquo; column_position=&raquo;default&raquo; gradient_direction=&raquo;left_to_right&raquo; overlay_strength=&raquo;0.3&#8243; width=&raquo;1\/1&#8243; tablet_width_inherit=&raquo;default&raquo; animation_type=&raquo;default&raquo; bg_image_animation=&raquo;none&raquo; border_type=&raquo;simple&raquo; column_border_width=&raquo;none&raquo; column_border_style=&raquo;solid&raquo;][vc_column_text]\n<h2>Foresp\u00f8rsler om oppdrag\/inntak\/plasseringer:<\/h2>\n[\/vc_column_text][divider line_type=&raquo;No Line&raquo; custom_height=&raquo;30&#8243;]<div class=\"iwithtext\"><div class=\"iwt-icon\"> <i class=\"icon-default-style fa fa-circle accent-color\"><\/i> <\/div><div class=\"iwt-text\"> \n<h3><a href=\"https:\/\/www.haraldsplass.org\/barnevern\/vaart-tilbud\/institusjonsplasser\/kontaktpersoner-vestland\/\">Institusjonsplasser &#8211; kontakt Vestland<\/a><\/h3>\n <\/div><div class=\"clear\"><\/div><\/div><div class=\"iwithtext\"><div class=\"iwt-icon\"> <i class=\"icon-default-style fa fa-circle accent-color\"><\/i> <\/div><div class=\"iwt-text\"> \n<h3><a href=\"https:\/\/www.haraldsplass.org\/barnevern\/vaart-tilbud\/institusjonsplasser\/kontaktpersoner-agder\/\">Institusjonsplasser &#8211; kontakt Agder<\/a><\/h3>\n <\/div><div class=\"clear\"><\/div><\/div><div class=\"iwithtext\"><div class=\"iwt-icon\"> <i class=\"icon-default-style fa fa-circle accent-color\"><\/i> <\/div><div class=\"iwt-text\"> \n<h3><a href=\"https:\/\/www.haraldsplass.org\/barnevern\/vaart-tilbud\/institusjonsplasser\/kontaktpersoner-rogaland\/\">Institusjonsplasser &#8211; kontakt Rogaland<\/a><\/h3>\n <\/div><div class=\"clear\"><\/div><\/div><div class=\"iwithtext\"><div class=\"iwt-icon\"> <i class=\"icon-default-style fa fa-circle accent-color\"><\/i> <\/div><div class=\"iwt-text\"> \n<h3><a href=\"https:\/\/www.haraldsplass.org\/barnevern\/vaart-tilbud\/ettervern-oppfolging-etter-18-ar\/kontaktpersoner-vestland\/\">Ettervern &#8211; kontakt Vestland<\/a><\/h3>\n <\/div><div class=\"clear\"><\/div><\/div><div class=\"iwithtext\"><div class=\"iwt-icon\"> <i class=\"icon-default-style fa fa-circle accent-color\"><\/i> <\/div><div class=\"iwt-text\"> \n<h3><a href=\"https:\/\/www.haraldsplass.org\/barnevern\/vaart-tilbud\/ettervern-oppfolging-etter-18-ar\/kontaktpersoner-agder\/\">Ettervern &#8211; kontakt Agder<\/a><\/h3>\n <\/div><div class=\"clear\"><\/div><\/div><div class=\"iwithtext\"><div class=\"iwt-icon\"> <i class=\"icon-default-style fa fa-circle accent-color\"><\/i> <\/div><div class=\"iwt-text\"> \n<h3><a href=\"https:\/\/www.haraldsplass.org\/barnevern\/vaart-tilbud\/ettervern-oppfolging-etter-18-ar\/kontakpersoner-rogaland\/\">Ettervern &#8211; kontakt Rogaland<\/a><\/h3>\n <\/div><div class=\"clear\"><\/div><\/div><div class=\"iwithtext\"><div class=\"iwt-icon\"> <i class=\"icon-default-style fa fa-circle accent-color\"><\/i> <\/div><div class=\"iwt-text\"> \n<h3><a href=\"https:\/\/www.haraldsplass.org\/barnevern\/vaart-tilbud\/oppfolging-i-hjemmet\/kontaktpersoner-vestland\/\">Oppf\u00f8lging i hjemmet &#8211; kontakt Vestland<\/a><\/h3>\n <\/div><div class=\"clear\"><\/div><\/div><div class=\"iwithtext\"><div class=\"iwt-icon\"> <i class=\"icon-default-style fa fa-circle accent-color\"><\/i> <\/div><div class=\"iwt-text\"> \n<h3><a href=\"https:\/\/www.haraldsplass.org\/barnevern\/vaart-tilbud\/oppfolging-i-hjemmet\/kontaktpersoner-agder\/\">Oppf\u00f8lging i hjemmet &#8211; kontakt Agder<\/a><\/h3>\n <\/div><div class=\"clear\"><\/div><\/div><div class=\"iwithtext\"><div class=\"iwt-icon\"> <i class=\"icon-default-style fa fa-circle accent-color\"><\/i> <\/div><div class=\"iwt-text\"> \n<h3><a href=\"https:\/\/www.haraldsplass.org\/barnevern\/vaart-tilbud\/oppfolging-i-hjemmet\/kontaktpersoner-rogaland\/\">Oppf\u00f8lging i hjemmet &#8211; kontakt Rogaland<\/a><\/h3>\n <\/div><div class=\"clear\"><\/div><\/div><div class=\"iwithtext\"><div class=\"iwt-icon\"> <i class=\"icon-default-style fa fa-circle accent-color\"><\/i> <\/div><div class=\"iwt-text\"> \n<h3><a href=\"https:\/\/www.haraldsplass.org\/barnevern\/vaart-tilbud\/avlastning\/kontaktpersoner-vestland\/\">Avlastning &#8211; kontakt Vestland<\/a><\/h3>\n <\/div><div class=\"clear\"><\/div><\/div><div class=\"iwithtext\"><div class=\"iwt-icon\"> <i class=\"icon-default-style fa fa-circle accent-color\"><\/i> <\/div><div class=\"iwt-text\"> \n<h3><a href=\"https:\/\/www.haraldsplass.org\/barnevern\/vaart-tilbud\/avlastning\/kontaktpersoner-agder\/\">Avlastning &#8211; kontakt Agder<\/a><\/h3>\n <\/div><div class=\"clear\"><\/div><\/div><div class=\"iwithtext\"><div class=\"iwt-icon\"> <i class=\"icon-default-style fa fa-circle accent-color\"><\/i> <\/div><div class=\"iwt-text\"> \n<h3><a href=\"https:\/\/www.haraldsplass.org\/barnevern\/vaart-tilbud\/avlastning\/kontaktpersoner-rogaland\/\">Avlastning &#8211; kontakt Rogaland<\/a><\/h3>\n <\/div><div class=\"clear\"><\/div><\/div>[divider line_type=&raquo;No Line&raquo; custom_height=&raquo;30&#8243;][\/vc_column][\/vc_row]\n","protected":false},"excerpt":{"rendered":"<p>[vc_row type=&raquo;in_container&raquo; full_screen_row_position=&raquo;middle&raquo; column_margin=&raquo;default&raquo; column_direction=&raquo;default&raquo; column_direction_tablet=&raquo;default&raquo; column_direction_phone=&raquo;default&raquo; scene_position=&raquo;center&raquo; text_color=&raquo;dark&raquo; text_align=&raquo;left&raquo; row_border_radius=&raquo;none&raquo; row_border_radius_applies=&raquo;bg&raquo; overflow=&raquo;visible&raquo; overlay_strength=&raquo;0.3&#8243; gradient_direction=&raquo;left_to_right&raquo; shape_divider_position=&raquo;bottom&raquo; bg_image_animation=&raquo;none&raquo;][vc_column column_padding=&raquo;padding-5-percent&raquo; column_padding_tablet=&raquo;inherit&raquo; column_padding_phone=&raquo;inherit&raquo;&#8230;<\/p>\n","protected":false},"author":3,"featured_media":0,"parent":189,"menu_order":0,"comment_status":"closed","ping_status":"closed","template":"","meta":{"footnotes":""},"class_list":["post-28","page","type-page","status-publish"],"yoast_head":"<!-- This site is optimized with the Yoast SEO plugin v27.5 - https:\/\/yoast.com\/product\/yoast-seo-wordpress\/ -->\n<title>Kontakt - Haraldsplass Barnevern<\/title>\n<meta name=\"robots\" content=\"index, follow, max-snippet:-1, max-image-preview:large, max-video-preview:-1\" \/>\n<link rel=\"canonical\" href=\"https:\/\/www.haraldsplass.org\/barnevern\/om-oss\/kontakt\/\" \/>\n<meta property=\"og:locale\" content=\"nb_NO\" \/>\n<meta property=\"og:type\" content=\"article\" \/>\n<meta property=\"og:title\" content=\"Kontakt - Haraldsplass Barnevern\" \/>\n<meta property=\"og:description\" content=\"[vc_row type=&raquo;in_container&raquo; full_screen_row_position=&raquo;middle&raquo; column_margin=&raquo;default&raquo; column_direction=&raquo;default&raquo; column_direction_tablet=&raquo;default&raquo; column_direction_phone=&raquo;default&raquo; scene_position=&raquo;center&raquo; text_color=&raquo;dark&raquo; text_align=&raquo;left&raquo; row_border_radius=&raquo;none&raquo; row_border_radius_applies=&raquo;bg&raquo; overflow=&raquo;visible&raquo; overlay_strength=&raquo;0.3&#8243; gradient_direction=&raquo;left_to_right&raquo; shape_divider_position=&raquo;bottom&raquo; bg_image_animation=&raquo;none&raquo;][vc_column column_padding=&raquo;padding-5-percent&raquo; column_padding_tablet=&raquo;inherit&raquo; column_padding_phone=&raquo;inherit&raquo;...\" \/>\n<meta property=\"og:url\" content=\"https:\/\/www.haraldsplass.org\/barnevern\/om-oss\/kontakt\/\" \/>\n<meta property=\"og:site_name\" content=\"Haraldsplass Barnevern\" \/>\n<meta property=\"article:modified_time\" content=\"2025-08-28T09:03:20+00:00\" \/>\n<meta name=\"twitter:card\" content=\"summary_large_image\" \/>\n<meta name=\"twitter:label1\" content=\"Ansl. lesetid\" \/>\n\t<meta name=\"twitter:data1\" content=\"3 minutter\" \/>\n<script type=\"application\/ld+json\" class=\"yoast-schema-graph\">{\"@context\":\"https:\\\/\\\/schema.org\",\"@graph\":[{\"@type\":\"WebPage\",\"@id\":\"https:\\\/\\\/www.haraldsplass.org\\\/barnevern\\\/om-oss\\\/kontakt\\\/\",\"url\":\"https:\\\/\\\/www.haraldsplass.org\\\/barnevern\\\/om-oss\\\/kontakt\\\/\",\"name\":\"Kontakt - Haraldsplass Barnevern\",\"isPartOf\":{\"@id\":\"https:\\\/\\\/www.haraldsplass.org\\\/barnevern\\\/#website\"},\"datePublished\":\"2018-03-14T14:45:41+00:00\",\"dateModified\":\"2025-08-28T09:03:20+00:00\",\"breadcrumb\":{\"@id\":\"https:\\\/\\\/www.haraldsplass.org\\\/barnevern\\\/om-oss\\\/kontakt\\\/#breadcrumb\"},\"inLanguage\":\"nb-NO\",\"potentialAction\":[{\"@type\":\"ReadAction\",\"target\":[\"https:\\\/\\\/www.haraldsplass.org\\\/barnevern\\\/om-oss\\\/kontakt\\\/\"]}]},{\"@type\":\"BreadcrumbList\",\"@id\":\"https:\\\/\\\/www.haraldsplass.org\\\/barnevern\\\/om-oss\\\/kontakt\\\/#breadcrumb\",\"itemListElement\":[{\"@type\":\"ListItem\",\"position\":1,\"name\":\"Hjem\",\"item\":\"https:\\\/\\\/www.haraldsplass.org\\\/barnevern\\\/\"},{\"@type\":\"ListItem\",\"position\":2,\"name\":\"Om oss\",\"item\":\"https:\\\/\\\/www.haraldsplass.org\\\/barnevern\\\/om-oss\\\/\"},{\"@type\":\"ListItem\",\"position\":3,\"name\":\"Kontakt\"}]},{\"@type\":\"WebSite\",\"@id\":\"https:\\\/\\\/www.haraldsplass.org\\\/barnevern\\\/#website\",\"url\":\"https:\\\/\\\/www.haraldsplass.org\\\/barnevern\\\/\",\"name\":\"Haraldsplass Barnevern\",\"description\":\"\",\"potentialAction\":[{\"@type\":\"SearchAction\",\"target\":{\"@type\":\"EntryPoint\",\"urlTemplate\":\"https:\\\/\\\/www.haraldsplass.org\\\/barnevern\\\/?s={search_term_string}\"},\"query-input\":{\"@type\":\"PropertyValueSpecification\",\"valueRequired\":true,\"valueName\":\"search_term_string\"}}],\"inLanguage\":\"nb-NO\"}]}<\/script>\n<!-- \/ Yoast SEO plugin. -->","yoast_head_json":{"title":"Kontakt - Haraldsplass Barnevern","robots":{"index":"index","follow":"follow","max-snippet":"max-snippet:-1","max-image-preview":"max-image-preview:large","max-video-preview":"max-video-preview:-1"},"canonical":"https:\/\/www.haraldsplass.org\/barnevern\/om-oss\/kontakt\/","og_locale":"nb_NO","og_type":"article","og_title":"Kontakt - Haraldsplass Barnevern","og_description":"[vc_row type=&raquo;in_container&raquo; full_screen_row_position=&raquo;middle&raquo; column_margin=&raquo;default&raquo; column_direction=&raquo;default&raquo; column_direction_tablet=&raquo;default&raquo; column_direction_phone=&raquo;default&raquo; scene_position=&raquo;center&raquo; text_color=&raquo;dark&raquo; text_align=&raquo;left&raquo; row_border_radius=&raquo;none&raquo; row_border_radius_applies=&raquo;bg&raquo; overflow=&raquo;visible&raquo; overlay_strength=&raquo;0.3&#8243; gradient_direction=&raquo;left_to_right&raquo; shape_divider_position=&raquo;bottom&raquo; bg_image_animation=&raquo;none&raquo;][vc_column column_padding=&raquo;padding-5-percent&raquo; column_padding_tablet=&raquo;inherit&raquo; column_padding_phone=&raquo;inherit&raquo;...","og_url":"https:\/\/www.haraldsplass.org\/barnevern\/om-oss\/kontakt\/","og_site_name":"Haraldsplass Barnevern","article_modified_time":"2025-08-28T09:03:20+00:00","twitter_card":"summary_large_image","twitter_misc":{"Ansl. lesetid":"3 minutter"},"schema":{"@context":"https:\/\/schema.org","@graph":[{"@type":"WebPage","@id":"https:\/\/www.haraldsplass.org\/barnevern\/om-oss\/kontakt\/","url":"https:\/\/www.haraldsplass.org\/barnevern\/om-oss\/kontakt\/","name":"Kontakt - Haraldsplass Barnevern","isPartOf":{"@id":"https:\/\/www.haraldsplass.org\/barnevern\/#website"},"datePublished":"2018-03-14T14:45:41+00:00","dateModified":"2025-08-28T09:03:20+00:00","breadcrumb":{"@id":"https:\/\/www.haraldsplass.org\/barnevern\/om-oss\/kontakt\/#breadcrumb"},"inLanguage":"nb-NO","potentialAction":[{"@type":"ReadAction","target":["https:\/\/www.haraldsplass.org\/barnevern\/om-oss\/kontakt\/"]}]},{"@type":"BreadcrumbList","@id":"https:\/\/www.haraldsplass.org\/barnevern\/om-oss\/kontakt\/#breadcrumb","itemListElement":[{"@type":"ListItem","position":1,"name":"Hjem","item":"https:\/\/www.haraldsplass.org\/barnevern\/"},{"@type":"ListItem","position":2,"name":"Om oss","item":"https:\/\/www.haraldsplass.org\/barnevern\/om-oss\/"},{"@type":"ListItem","position":3,"name":"Kontakt"}]},{"@type":"WebSite","@id":"https:\/\/www.haraldsplass.org\/barnevern\/#website","url":"https:\/\/www.haraldsplass.org\/barnevern\/","name":"Haraldsplass Barnevern","description":"","potentialAction":[{"@type":"SearchAction","target":{"@type":"EntryPoint","urlTemplate":"https:\/\/www.haraldsplass.org\/barnevern\/?s={search_term_string}"},"query-input":{"@type":"PropertyValueSpecification","valueRequired":true,"valueName":"search_term_string"}}],"inLanguage":"nb-NO"}]}},"_links":{"self":[{"href":"https:\/\/www.haraldsplass.org\/barnevern\/wp-json\/wp\/v2\/pages\/28","targetHints":{"allow":["GET"]}}],"collection":[{"href":"https:\/\/www.haraldsplass.org\/barnevern\/wp-json\/wp\/v2\/pages"}],"about":[{"href":"https:\/\/www.haraldsplass.org\/barnevern\/wp-json\/wp\/v2\/types\/page"}],"author":[{"embeddable":true,"href":"https:\/\/www.haraldsplass.org\/barnevern\/wp-json\/wp\/v2\/users\/3"}],"replies":[{"embeddable":true,"href":"https:\/\/www.haraldsplass.org\/barnevern\/wp-json\/wp\/v2\/comments?post=28"}],"version-history":[{"count":0,"href":"https:\/\/www.haraldsplass.org\/barnevern\/wp-json\/wp\/v2\/pages\/28\/revisions"}],"up":[{"embeddable":true,"href":"https:\/\/www.haraldsplass.org\/barnevern\/wp-json\/wp\/v2\/pages\/189"}],"wp:attachment":[{"href":"https:\/\/www.haraldsplass.org\/barnevern\/wp-json\/wp\/v2\/media?parent=28"}],"curies":[{"name":"wp","href":"https:\/\/api.w.org\/{rel}","templated":true}]}}