{"id":165,"date":"2018-08-23T14:46:54","date_gmt":"2018-08-23T12:46:54","guid":{"rendered":"http:\/\/www.haraldsplass.org\/domkirkehjemmet\/?page_id=165"},"modified":"2020-07-08T11:04:24","modified_gmt":"2020-07-08T09:04:24","slug":"informasjon","status":"publish","type":"page","link":"https:\/\/www.haraldsplass.org\/domkirkehjemmet\/parorende-og-beboere\/informasjon\/","title":{"rendered":"Informasjon"},"content":{"rendered":"[vc_row type=&raquo;in_container&raquo; full_screen_row_position=&raquo;middle&raquo; scene_position=&raquo;center&raquo; text_color=&raquo;dark&raquo; text_align=&raquo;left&raquo; overlay_strength=&raquo;0.3&#8243; shape_divider_position=&raquo;bottom&raquo;][vc_column column_padding=&raquo;no-extra-padding&raquo; column_padding_position=&raquo;all&raquo; background_color_opacity=&raquo;1&#8243; background_hover_color_opacity=&raquo;1&#8243; column_shadow=&raquo;none&raquo; column_border_radius=&raquo;none&raquo; width=&raquo;1\/1&#8243; tablet_text_alignment=&raquo;default&raquo; phone_text_alignment=&raquo;default&raquo; column_border_width=&raquo;none&raquo; column_border_style=&raquo;solid&raquo;][vc_column_text]\n<h1>Informasjon<\/h1>\n[\/vc_column_text][divider line_type=&raquo;No Line&raquo; custom_height=&raquo;20&#8243;][vc_column_text]\n<h3>Stiftelsen Domkirkehjemmet er en diakonal institusjon som har til form\u00e5l \u00e5 arbeide til beste for eldre, omsorgstrengende i Bergen. Domkirkehjemmet gir et tilbud om en trygg og stabil boform med held\u00f8gns pleie og omsorg tilpasset individuelle behov. Vi \u00f8nsker \u00e5\u00a0gi et godt dagtilbud med sosial aktivitet tilpasset m\u00e5lgruppens behov.<\/h3>\n[\/vc_column_text][\/vc_column][\/vc_row][vc_row type=&raquo;in_container&raquo; full_screen_row_position=&raquo;middle&raquo; scene_position=&raquo;center&raquo; text_color=&raquo;dark&raquo; text_align=&raquo;left&raquo; overlay_strength=&raquo;0.3&#8243; shape_divider_position=&raquo;bottom&raquo;][vc_column column_padding=&raquo;no-extra-padding&raquo; column_padding_position=&raquo;all&raquo; background_color_opacity=&raquo;1&#8243; background_hover_color_opacity=&raquo;1&#8243; column_shadow=&raquo;none&raquo; column_border_radius=&raquo;none&raquo; width=&raquo;1\/1&#8243; tablet_text_alignment=&raquo;default&raquo; phone_text_alignment=&raquo;default&raquo; column_border_width=&raquo;none&raquo; column_border_style=&raquo;solid&raquo;][nectar_btn size=&raquo;medium&raquo; open_new_tab=&raquo;true&raquo; button_style=&raquo;regular&raquo; button_color_2=&raquo;Accent-Color&raquo; icon_family=&raquo;none&raquo; url=&raquo;https:\/\/www.haraldsplass.org\/domkirkehjemmet\/om-oss\/&raquo; text=&raquo;Mer om Domkirkehjemmet&raquo;][nectar_btn size=&raquo;medium&raquo; open_new_tab=&raquo;true&raquo; button_style=&raquo;regular&raquo; button_color_2=&raquo;Extra-Color-3&#8243; icon_family=&raquo;none&raquo; url=&raquo;https:\/\/www.haraldsplass.org\/domkirkehjemmet\/parorende-og-beboere\/beboere\/&raquo; text=&raquo;Informasjon til beboere&raquo;][nectar_btn size=&raquo;medium&raquo; open_new_tab=&raquo;true&raquo; button_style=&raquo;regular&raquo; button_color_2=&raquo;Extra-Color-3&#8243; color_override=&raquo;#01816a&raquo; icon_family=&raquo;none&raquo; url=&raquo;https:\/\/www.haraldsplass.org\/domkirkehjemmet\/parorende-og-beboere\/parorende\/&raquo; text=&raquo;Informasjon til p\u00e5r\u00f8rende&raquo;][\/vc_column][\/vc_row][vc_row type=&raquo;in_container&raquo; full_screen_row_position=&raquo;middle&raquo; scene_position=&raquo;center&raquo; text_color=&raquo;dark&raquo; text_align=&raquo;left&raquo; overlay_strength=&raquo;0.3&#8243; shape_divider_position=&raquo;bottom&raquo; shape_type=&raquo;&raquo;][vc_column column_padding=&raquo;no-extra-padding&raquo; column_padding_position=&raquo;all&raquo; background_color_opacity=&raquo;1&#8243; background_hover_color_opacity=&raquo;1&#8243; column_shadow=&raquo;none&raquo; column_border_radius=&raquo;none&raquo; width=&raquo;1\/3&#8243; tablet_text_alignment=&raquo;default&raquo; phone_text_alignment=&raquo;default&raquo; column_border_width=&raquo;none&raquo; column_border_style=&raquo;solid&raquo;][image_with_animation image_url=&raquo;125&#8243; alignment=&raquo;&raquo; animation=&raquo;Fade In&raquo; border_radius=&raquo;none&raquo; box_shadow=&raquo;none&raquo; max_width=&raquo;100%&raquo;][\/vc_column][vc_column column_padding=&raquo;no-extra-padding&raquo; column_padding_position=&raquo;all&raquo; background_color_opacity=&raquo;1&#8243; background_hover_color_opacity=&raquo;1&#8243; column_shadow=&raquo;none&raquo; column_border_radius=&raquo;none&raquo; width=&raquo;1\/3&#8243; tablet_text_alignment=&raquo;default&raquo; phone_text_alignment=&raquo;default&raquo; column_border_width=&raquo;none&raquo; column_border_style=&raquo;solid&raquo;][image_with_animation image_url=&raquo;112&#8243; alignment=&raquo;&raquo; animation=&raquo;Fade In&raquo; border_radius=&raquo;none&raquo; box_shadow=&raquo;none&raquo; max_width=&raquo;100%&raquo;][\/vc_column][vc_column column_padding=&raquo;no-extra-padding&raquo; column_padding_position=&raquo;all&raquo; background_color_opacity=&raquo;1&#8243; background_hover_color_opacity=&raquo;1&#8243; column_shadow=&raquo;none&raquo; column_border_radius=&raquo;none&raquo; width=&raquo;1\/3&#8243; tablet_text_alignment=&raquo;default&raquo; phone_text_alignment=&raquo;default&raquo; column_border_width=&raquo;none&raquo; column_border_style=&raquo;solid&raquo;][image_with_animation image_url=&raquo;102&#8243; alignment=&raquo;&raquo; animation=&raquo;Fade In&raquo; border_radius=&raquo;none&raquo; box_shadow=&raquo;none&raquo; max_width=&raquo;100%&raquo;][\/vc_column][\/vc_row][vc_row type=&raquo;in_container&raquo; full_screen_row_position=&raquo;middle&raquo; scene_position=&raquo;center&raquo; text_color=&raquo;dark&raquo; text_align=&raquo;left&raquo; overlay_strength=&raquo;0.3&#8243; shape_divider_position=&raquo;bottom&raquo;][vc_column column_padding=&raquo;no-extra-padding&raquo; column_padding_position=&raquo;all&raquo; background_color_opacity=&raquo;1&#8243; background_hover_color_opacity=&raquo;1&#8243; column_shadow=&raquo;none&raquo; column_border_radius=&raquo;none&raquo; width=&raquo;1\/1&#8243; tablet_text_alignment=&raquo;default&raquo; phone_text_alignment=&raquo;default&raquo; column_border_width=&raquo;none&raquo; column_border_style=&raquo;solid&raquo;][vc_column_text]\n<h4>Velkommen til Domkirkehjemmet<\/h4>\n<p>Det er to typer plasser ved Domkirkehjemmet<\/p>\n<p><strong>Langtidsplasser:<\/strong> Dette er plasser for eldre som er innvilget fast opphold hos oss. Det betyr at Domkirkehjemmet blir deres hjem. Beboeren f\u00e5r enerom med eget bad.\u00a0 Vi har 93 plasser ved sykehjemmet.<\/p>\n<p><strong>Dagplasser:<\/strong> Dette er plasser for eldre personer som bor hjemme, men som trenger en viss grad av oppf\u00f8lging utenfor sitt eget hjem. Den eldre blir hentet fra hjemmet, og bringes hjem p\u00e5 ettermiddagen. Den eldre kan innvilges plass fra en- til flere dager per uke. Vi har totalt 22 dagplasser.<\/p>\n<p>Vi har seks avdelinger ved Domkirkehjemmet.<br \/>\nTre somatiske avdelinger med 20 plasser pr. avdeling, og tre avdelinger som er tilrettelagt for beboere med demens, 11 plasser p\u00e5 hver avdeling.[\/vc_column_text][\/vc_column][\/vc_row]\n","protected":false},"excerpt":{"rendered":"<p>[vc_row type=&raquo;in_container&raquo; full_screen_row_position=&raquo;middle&raquo; scene_position=&raquo;center&raquo; text_color=&raquo;dark&raquo; text_align=&raquo;left&raquo; overlay_strength=&raquo;0.3&#8243; shape_divider_position=&raquo;bottom&raquo;][vc_column column_padding=&raquo;no-extra-padding&raquo; column_padding_position=&raquo;all&raquo; background_color_opacity=&raquo;1&#8243; background_hover_color_opacity=&raquo;1&#8243; column_shadow=&raquo;none&raquo; column_border_radius=&raquo;none&raquo; width=&raquo;1\/1&#8243; tablet_text_alignment=&raquo;default&raquo; phone_text_alignment=&raquo;default&raquo; column_border_width=&raquo;none&raquo; column_border_style=&raquo;solid&raquo;][vc_column_text] Informasjon [\/vc_column_text][divider line_type=&raquo;No Line&raquo; custom_height=&raquo;20&#8243;][vc_column_text] Stiftelsen Domkirkehjemmet er en diakonal institusjon&#8230;<\/p>\n","protected":false},"author":9,"featured_media":0,"parent":9,"menu_order":0,"comment_status":"closed","ping_status":"closed","template":"","meta":{"footnotes":""},"class_list":["post-165","page","type-page","status-publish"],"yoast_head":"<!-- This site is optimized with the Yoast SEO plugin v27.5 - https:\/\/yoast.com\/product\/yoast-seo-wordpress\/ -->\n<title>Informasjon - Domkirkehjemmet<\/title>\n<meta name=\"robots\" content=\"index, follow, max-snippet:-1, max-image-preview:large, max-video-preview:-1\" \/>\n<link rel=\"canonical\" href=\"https:\/\/www.haraldsplass.org\/domkirkehjemmet\/parorende-og-beboere\/informasjon\/\" \/>\n<meta property=\"og:locale\" content=\"nb_NO\" \/>\n<meta property=\"og:type\" content=\"article\" \/>\n<meta property=\"og:title\" content=\"Informasjon - Domkirkehjemmet\" \/>\n<meta property=\"og:description\" content=\"[vc_row type=&raquo;in_container&raquo; full_screen_row_position=&raquo;middle&raquo; scene_position=&raquo;center&raquo; text_color=&raquo;dark&raquo; text_align=&raquo;left&raquo; overlay_strength=&raquo;0.3&#8243; shape_divider_position=&raquo;bottom&raquo;][vc_column column_padding=&raquo;no-extra-padding&raquo; column_padding_position=&raquo;all&raquo; background_color_opacity=&raquo;1&#8243; background_hover_color_opacity=&raquo;1&#8243; column_shadow=&raquo;none&raquo; column_border_radius=&raquo;none&raquo; width=&raquo;1\/1&#8243; tablet_text_alignment=&raquo;default&raquo; phone_text_alignment=&raquo;default&raquo; column_border_width=&raquo;none&raquo; column_border_style=&raquo;solid&raquo;][vc_column_text] Informasjon [\/vc_column_text][divider line_type=&raquo;No Line&raquo; custom_height=&raquo;20&#8243;][vc_column_text] Stiftelsen Domkirkehjemmet er en diakonal institusjon...\" \/>\n<meta property=\"og:url\" content=\"https:\/\/www.haraldsplass.org\/domkirkehjemmet\/parorende-og-beboere\/informasjon\/\" \/>\n<meta property=\"og:site_name\" content=\"Domkirkehjemmet\" \/>\n<meta property=\"article:modified_time\" content=\"2020-07-08T09:04:24+00:00\" \/>\n<meta name=\"twitter:card\" content=\"summary_large_image\" \/>\n<meta name=\"twitter:label1\" content=\"Ansl. lesetid\" \/>\n\t<meta name=\"twitter:data1\" content=\"4 minutter\" \/>\n<script type=\"application\/ld+json\" class=\"yoast-schema-graph\">{\"@context\":\"https:\\\/\\\/schema.org\",\"@graph\":[{\"@type\":\"WebPage\",\"@id\":\"https:\\\/\\\/www.haraldsplass.org\\\/domkirkehjemmet\\\/parorende-og-beboere\\\/informasjon\\\/\",\"url\":\"https:\\\/\\\/www.haraldsplass.org\\\/domkirkehjemmet\\\/parorende-og-beboere\\\/informasjon\\\/\",\"name\":\"Informasjon - Domkirkehjemmet\",\"isPartOf\":{\"@id\":\"https:\\\/\\\/www.haraldsplass.org\\\/domkirkehjemmet\\\/#website\"},\"datePublished\":\"2018-08-23T12:46:54+00:00\",\"dateModified\":\"2020-07-08T09:04:24+00:00\",\"breadcrumb\":{\"@id\":\"https:\\\/\\\/www.haraldsplass.org\\\/domkirkehjemmet\\\/parorende-og-beboere\\\/informasjon\\\/#breadcrumb\"},\"inLanguage\":\"nb-NO\",\"potentialAction\":[{\"@type\":\"ReadAction\",\"target\":[\"https:\\\/\\\/www.haraldsplass.org\\\/domkirkehjemmet\\\/parorende-og-beboere\\\/informasjon\\\/\"]}]},{\"@type\":\"BreadcrumbList\",\"@id\":\"https:\\\/\\\/www.haraldsplass.org\\\/domkirkehjemmet\\\/parorende-og-beboere\\\/informasjon\\\/#breadcrumb\",\"itemListElement\":[{\"@type\":\"ListItem\",\"position\":1,\"name\":\"Hjem\",\"item\":\"https:\\\/\\\/www.haraldsplass.org\\\/domkirkehjemmet\\\/\"},{\"@type\":\"ListItem\",\"position\":2,\"name\":\"P\u00e5r\u00f8rende og beboere\",\"item\":\"https:\\\/\\\/www.haraldsplass.org\\\/domkirkehjemmet\\\/parorende-og-beboere\\\/\"},{\"@type\":\"ListItem\",\"position\":3,\"name\":\"Informasjon\"}]},{\"@type\":\"WebSite\",\"@id\":\"https:\\\/\\\/www.haraldsplass.org\\\/domkirkehjemmet\\\/#website\",\"url\":\"https:\\\/\\\/www.haraldsplass.org\\\/domkirkehjemmet\\\/\",\"name\":\"Domkirkehjemmet\",\"description\":\"\",\"potentialAction\":[{\"@type\":\"SearchAction\",\"target\":{\"@type\":\"EntryPoint\",\"urlTemplate\":\"https:\\\/\\\/www.haraldsplass.org\\\/domkirkehjemmet\\\/?s={search_term_string}\"},\"query-input\":{\"@type\":\"PropertyValueSpecification\",\"valueRequired\":true,\"valueName\":\"search_term_string\"}}],\"inLanguage\":\"nb-NO\"}]}<\/script>\n<!-- \/ Yoast SEO plugin. -->","yoast_head_json":{"title":"Informasjon - Domkirkehjemmet","robots":{"index":"index","follow":"follow","max-snippet":"max-snippet:-1","max-image-preview":"max-image-preview:large","max-video-preview":"max-video-preview:-1"},"canonical":"https:\/\/www.haraldsplass.org\/domkirkehjemmet\/parorende-og-beboere\/informasjon\/","og_locale":"nb_NO","og_type":"article","og_title":"Informasjon - Domkirkehjemmet","og_description":"[vc_row type=&raquo;in_container&raquo; full_screen_row_position=&raquo;middle&raquo; scene_position=&raquo;center&raquo; text_color=&raquo;dark&raquo; text_align=&raquo;left&raquo; overlay_strength=&raquo;0.3&#8243; shape_divider_position=&raquo;bottom&raquo;][vc_column column_padding=&raquo;no-extra-padding&raquo; column_padding_position=&raquo;all&raquo; background_color_opacity=&raquo;1&#8243; background_hover_color_opacity=&raquo;1&#8243; column_shadow=&raquo;none&raquo; column_border_radius=&raquo;none&raquo; width=&raquo;1\/1&#8243; tablet_text_alignment=&raquo;default&raquo; phone_text_alignment=&raquo;default&raquo; column_border_width=&raquo;none&raquo; column_border_style=&raquo;solid&raquo;][vc_column_text] Informasjon [\/vc_column_text][divider line_type=&raquo;No Line&raquo; custom_height=&raquo;20&#8243;][vc_column_text] Stiftelsen Domkirkehjemmet er en diakonal institusjon...","og_url":"https:\/\/www.haraldsplass.org\/domkirkehjemmet\/parorende-og-beboere\/informasjon\/","og_site_name":"Domkirkehjemmet","article_modified_time":"2020-07-08T09:04:24+00:00","twitter_card":"summary_large_image","twitter_misc":{"Ansl. lesetid":"4 minutter"},"schema":{"@context":"https:\/\/schema.org","@graph":[{"@type":"WebPage","@id":"https:\/\/www.haraldsplass.org\/domkirkehjemmet\/parorende-og-beboere\/informasjon\/","url":"https:\/\/www.haraldsplass.org\/domkirkehjemmet\/parorende-og-beboere\/informasjon\/","name":"Informasjon - Domkirkehjemmet","isPartOf":{"@id":"https:\/\/www.haraldsplass.org\/domkirkehjemmet\/#website"},"datePublished":"2018-08-23T12:46:54+00:00","dateModified":"2020-07-08T09:04:24+00:00","breadcrumb":{"@id":"https:\/\/www.haraldsplass.org\/domkirkehjemmet\/parorende-og-beboere\/informasjon\/#breadcrumb"},"inLanguage":"nb-NO","potentialAction":[{"@type":"ReadAction","target":["https:\/\/www.haraldsplass.org\/domkirkehjemmet\/parorende-og-beboere\/informasjon\/"]}]},{"@type":"BreadcrumbList","@id":"https:\/\/www.haraldsplass.org\/domkirkehjemmet\/parorende-og-beboere\/informasjon\/#breadcrumb","itemListElement":[{"@type":"ListItem","position":1,"name":"Hjem","item":"https:\/\/www.haraldsplass.org\/domkirkehjemmet\/"},{"@type":"ListItem","position":2,"name":"P\u00e5r\u00f8rende og beboere","item":"https:\/\/www.haraldsplass.org\/domkirkehjemmet\/parorende-og-beboere\/"},{"@type":"ListItem","position":3,"name":"Informasjon"}]},{"@type":"WebSite","@id":"https:\/\/www.haraldsplass.org\/domkirkehjemmet\/#website","url":"https:\/\/www.haraldsplass.org\/domkirkehjemmet\/","name":"Domkirkehjemmet","description":"","potentialAction":[{"@type":"SearchAction","target":{"@type":"EntryPoint","urlTemplate":"https:\/\/www.haraldsplass.org\/domkirkehjemmet\/?s={search_term_string}"},"query-input":{"@type":"PropertyValueSpecification","valueRequired":true,"valueName":"search_term_string"}}],"inLanguage":"nb-NO"}]}},"_links":{"self":[{"href":"https:\/\/www.haraldsplass.org\/domkirkehjemmet\/wp-json\/wp\/v2\/pages\/165","targetHints":{"allow":["GET"]}}],"collection":[{"href":"https:\/\/www.haraldsplass.org\/domkirkehjemmet\/wp-json\/wp\/v2\/pages"}],"about":[{"href":"https:\/\/www.haraldsplass.org\/domkirkehjemmet\/wp-json\/wp\/v2\/types\/page"}],"author":[{"embeddable":true,"href":"https:\/\/www.haraldsplass.org\/domkirkehjemmet\/wp-json\/wp\/v2\/users\/9"}],"replies":[{"embeddable":true,"href":"https:\/\/www.haraldsplass.org\/domkirkehjemmet\/wp-json\/wp\/v2\/comments?post=165"}],"version-history":[{"count":0,"href":"https:\/\/www.haraldsplass.org\/domkirkehjemmet\/wp-json\/wp\/v2\/pages\/165\/revisions"}],"up":[{"embeddable":true,"href":"https:\/\/www.haraldsplass.org\/domkirkehjemmet\/wp-json\/wp\/v2\/pages\/9"}],"wp:attachment":[{"href":"https:\/\/www.haraldsplass.org\/domkirkehjemmet\/wp-json\/wp\/v2\/media?parent=165"}],"curies":[{"name":"wp","href":"https:\/\/api.w.org\/{rel}","templated":true}]}}