{"id":14,"date":"2018-03-16T16:08:10","date_gmt":"2018-03-16T15:08:10","guid":{"rendered":"http:\/\/haraldsplass.wpengine.com\/overnatting\/?page_id=14"},"modified":"2026-05-07T11:03:28","modified_gmt":"2026-05-07T09:03:28","slug":"kontakt","status":"publish","type":"page","link":"https:\/\/www.haraldsplass.org\/overnatting\/utleie\/kontakt\/","title":{"rendered":"Kontakt"},"content":{"rendered":"[vc_row type=&raquo;in_container&raquo; full_screen_row_position=&raquo;middle&raquo; column_margin=&raquo;default&raquo; column_direction=&raquo;default&raquo; column_direction_tablet=&raquo;default&raquo; column_direction_phone=&raquo;default&raquo; scene_position=&raquo;center&raquo; text_color=&raquo;dark&raquo; text_align=&raquo;left&raquo; row_border_radius=&raquo;none&raquo; row_border_radius_applies=&raquo;bg&raquo; overflow=&raquo;visible&raquo; overlay_strength=&raquo;0.3&#8243; gradient_direction=&raquo;left_to_right&raquo; shape_divider_position=&raquo;bottom&raquo; bg_image_animation=&raquo;none&raquo;][vc_column column_padding=&raquo;no-extra-padding&raquo; column_padding_tablet=&raquo;inherit&raquo; column_padding_phone=&raquo;inherit&raquo; column_padding_position=&raquo;all&raquo; column_element_direction_desktop=&raquo;default&raquo; column_element_spacing=&raquo;default&raquo; desktop_text_alignment=&raquo;default&raquo; tablet_text_alignment=&raquo;default&raquo; phone_text_alignment=&raquo;default&raquo; background_color_opacity=&raquo;1&#8243; background_hover_color_opacity=&raquo;1&#8243; column_backdrop_filter=&raquo;none&raquo; column_shadow=&raquo;none&raquo; column_border_radius=&raquo;none&raquo; column_link_target=&raquo;_self&raquo; column_position=&raquo;default&raquo; gradient_direction=&raquo;left_to_right&raquo; overlay_strength=&raquo;0.3&#8243; width=&raquo;1\/1&#8243; tablet_width_inherit=&raquo;default&raquo; animation_type=&raquo;default&raquo; bg_image_animation=&raquo;none&raquo; border_type=&raquo;simple&raquo; column_border_width=&raquo;none&raquo; column_border_style=&raquo;solid&raquo;][vc_column_text]\n<h1>Kontakt<\/h1>\n[\/vc_column_text][divider line_type=&raquo;No Line&raquo; custom_height=&raquo;20&#8243;][\/vc_column][\/vc_row][vc_row type=&raquo;in_container&raquo; full_screen_row_position=&raquo;middle&raquo; column_margin=&raquo;default&raquo; column_direction=&raquo;default&raquo; column_direction_tablet=&raquo;default&raquo; column_direction_phone=&raquo;default&raquo; scene_position=&raquo;center&raquo; text_color=&raquo;dark&raquo; text_align=&raquo;left&raquo; row_border_radius=&raquo;none&raquo; row_border_radius_applies=&raquo;bg&raquo; overflow=&raquo;visible&raquo; overlay_strength=&raquo;0.3&#8243; gradient_direction=&raquo;left_to_right&raquo; shape_divider_position=&raquo;bottom&raquo; bg_image_animation=&raquo;none&raquo;][vc_column column_padding=&raquo;no-extra-padding&raquo; column_padding_tablet=&raquo;inherit&raquo; column_padding_phone=&raquo;inherit&raquo; column_padding_position=&raquo;all&raquo; column_element_direction_desktop=&raquo;default&raquo; column_element_spacing=&raquo;default&raquo; desktop_text_alignment=&raquo;default&raquo; tablet_text_alignment=&raquo;default&raquo; phone_text_alignment=&raquo;default&raquo; background_color_opacity=&raquo;1&#8243; background_hover_color_opacity=&raquo;1&#8243; column_backdrop_filter=&raquo;none&raquo; column_shadow=&raquo;none&raquo; column_border_radius=&raquo;none&raquo; column_link_target=&raquo;_self&raquo; column_position=&raquo;default&raquo; gradient_direction=&raquo;left_to_right&raquo; overlay_strength=&raquo;0.3&#8243; width=&raquo;1\/1&#8243; tablet_width_inherit=&raquo;default&raquo; animation_type=&raquo;default&raquo; bg_image_animation=&raquo;none&raquo; border_type=&raquo;simple&raquo; column_border_width=&raquo;none&raquo; column_border_style=&raquo;solid&raquo;][vc_column_text css=&raquo;&raquo; text_direction=&raquo;default&raquo;]\n<h3>Leiligheter for ansatte og studenter<\/h3>\n<p><strong>F\u00f8r du kan leie hos oss m\u00e5 du sende inn en formell s\u00f8knad. S\u00f8knadsskjema og mer informasjon finner du p\u00e5\u00a0<a href=\"https:\/\/www.haraldsplass.org\/overnatting\/utleie\/utleieleiligheter\/\">denne siden<\/a>.<\/strong><\/p>\n<p>\u00d8nsker du mer informasjon om leilighetene og tildelingskriterier kontakt oss p\u00e5 <a href=\"mailto:utleie@diakonova.no\">utleie@diakonova.no<\/a><\/p>\n<p>Vi har ingen ledige leiligheter \u00e5 vise frem, men fors\u00f8ker med de som er kvalifisert og har rette prioritet \u00e5 avtale med leietager som skal ut slik at han\/hun viser deg leiligheten som blir ledig.[\/vc_column_text][\/vc_column][\/vc_row]\n","protected":false},"excerpt":{"rendered":"<p>[vc_row type=&raquo;in_container&raquo; full_screen_row_position=&raquo;middle&raquo; column_margin=&raquo;default&raquo; column_direction=&raquo;default&raquo; column_direction_tablet=&raquo;default&raquo; column_direction_phone=&raquo;default&raquo; scene_position=&raquo;center&raquo; text_color=&raquo;dark&raquo; text_align=&raquo;left&raquo; row_border_radius=&raquo;none&raquo; row_border_radius_applies=&raquo;bg&raquo; overflow=&raquo;visible&raquo; overlay_strength=&raquo;0.3&#8243; gradient_direction=&raquo;left_to_right&raquo; shape_divider_position=&raquo;bottom&raquo; bg_image_animation=&raquo;none&raquo;][vc_column column_padding=&raquo;no-extra-padding&raquo; column_padding_tablet=&raquo;inherit&raquo; column_padding_phone=&raquo;inherit&raquo; column_padding_position=&raquo;all&raquo; column_element_direction_desktop=&raquo;default&raquo; column_element_spacing=&raquo;default&raquo; desktop_text_alignment=&raquo;default&raquo; tablet_text_alignment=&raquo;default&raquo; phone_text_alignment=&raquo;default&raquo; background_color_opacity=&raquo;1&#8243; background_hover_color_opacity=&raquo;1&#8243; column_backdrop_filter=&raquo;none&raquo; column_shadow=&raquo;none&raquo;&#8230;<\/p>\n","protected":false},"author":3,"featured_media":691,"parent":139,"menu_order":0,"comment_status":"closed","ping_status":"closed","template":"","meta":{"footnotes":""},"class_list":["post-14","page","type-page","status-publish","has-post-thumbnail"],"yoast_head":"<!-- This site is optimized with the Yoast SEO plugin v27.5 - https:\/\/yoast.com\/product\/yoast-seo-wordpress\/ -->\n<title>Kontakt - Haraldsplass Utleie og overnatting<\/title>\n<meta name=\"robots\" content=\"index, follow, max-snippet:-1, max-image-preview:large, max-video-preview:-1\" \/>\n<link rel=\"canonical\" href=\"https:\/\/www.haraldsplass.org\/overnatting\/utleie\/kontakt\/\" \/>\n<meta property=\"og:locale\" content=\"nb_NO\" \/>\n<meta property=\"og:type\" content=\"article\" \/>\n<meta property=\"og:title\" content=\"Kontakt - Haraldsplass Utleie og overnatting\" \/>\n<meta property=\"og:description\" content=\"[vc_row type=&raquo;in_container&raquo; full_screen_row_position=&raquo;middle&raquo; column_margin=&raquo;default&raquo; column_direction=&raquo;default&raquo; column_direction_tablet=&raquo;default&raquo; column_direction_phone=&raquo;default&raquo; scene_position=&raquo;center&raquo; text_color=&raquo;dark&raquo; text_align=&raquo;left&raquo; row_border_radius=&raquo;none&raquo; row_border_radius_applies=&raquo;bg&raquo; overflow=&raquo;visible&raquo; overlay_strength=&raquo;0.3&#8243; gradient_direction=&raquo;left_to_right&raquo; shape_divider_position=&raquo;bottom&raquo; bg_image_animation=&raquo;none&raquo;][vc_column column_padding=&raquo;no-extra-padding&raquo; column_padding_tablet=&raquo;inherit&raquo; column_padding_phone=&raquo;inherit&raquo; column_padding_position=&raquo;all&raquo; column_element_direction_desktop=&raquo;default&raquo; column_element_spacing=&raquo;default&raquo; desktop_text_alignment=&raquo;default&raquo; tablet_text_alignment=&raquo;default&raquo; phone_text_alignment=&raquo;default&raquo; background_color_opacity=&raquo;1&#8243; background_hover_color_opacity=&raquo;1&#8243; column_backdrop_filter=&raquo;none&raquo; column_shadow=&raquo;none&raquo;...\" \/>\n<meta property=\"og:url\" content=\"https:\/\/www.haraldsplass.org\/overnatting\/utleie\/kontakt\/\" \/>\n<meta property=\"og:site_name\" content=\"Haraldsplass Utleie og overnatting\" \/>\n<meta property=\"article:modified_time\" content=\"2026-05-07T09:03:28+00:00\" \/>\n<meta property=\"og:image\" content=\"http:\/\/www.haraldsplass.org\/overnatting\/wp-content\/uploads\/sites\/4\/2025\/05\/Carl-profilbilde.jpg\" \/>\n\t<meta property=\"og:image:width\" content=\"833\" \/>\n\t<meta property=\"og:image:height\" content=\"1024\" \/>\n\t<meta property=\"og:image:type\" content=\"image\/jpeg\" \/>\n<meta name=\"twitter:card\" content=\"summary_large_image\" \/>\n<meta name=\"twitter:label1\" content=\"Ansl. lesetid\" \/>\n\t<meta name=\"twitter:data1\" content=\"2 minutter\" \/>\n<script type=\"application\/ld+json\" class=\"yoast-schema-graph\">{\"@context\":\"https:\\\/\\\/schema.org\",\"@graph\":[{\"@type\":\"WebPage\",\"@id\":\"https:\\\/\\\/www.haraldsplass.org\\\/overnatting\\\/utleie\\\/kontakt\\\/\",\"url\":\"https:\\\/\\\/www.haraldsplass.org\\\/overnatting\\\/utleie\\\/kontakt\\\/\",\"name\":\"Kontakt - Haraldsplass Utleie og overnatting\",\"isPartOf\":{\"@id\":\"https:\\\/\\\/www.haraldsplass.org\\\/overnatting\\\/#website\"},\"primaryImageOfPage\":{\"@id\":\"https:\\\/\\\/www.haraldsplass.org\\\/overnatting\\\/utleie\\\/kontakt\\\/#primaryimage\"},\"image\":{\"@id\":\"https:\\\/\\\/www.haraldsplass.org\\\/overnatting\\\/utleie\\\/kontakt\\\/#primaryimage\"},\"thumbnailUrl\":\"https:\\\/\\\/www.haraldsplass.org\\\/overnatting\\\/wp-content\\\/uploads\\\/sites\\\/4\\\/2025\\\/05\\\/Carl-profilbilde.jpg\",\"datePublished\":\"2018-03-16T15:08:10+00:00\",\"dateModified\":\"2026-05-07T09:03:28+00:00\",\"breadcrumb\":{\"@id\":\"https:\\\/\\\/www.haraldsplass.org\\\/overnatting\\\/utleie\\\/kontakt\\\/#breadcrumb\"},\"inLanguage\":\"nb-NO\",\"potentialAction\":[{\"@type\":\"ReadAction\",\"target\":[\"https:\\\/\\\/www.haraldsplass.org\\\/overnatting\\\/utleie\\\/kontakt\\\/\"]}]},{\"@type\":\"ImageObject\",\"inLanguage\":\"nb-NO\",\"@id\":\"https:\\\/\\\/www.haraldsplass.org\\\/overnatting\\\/utleie\\\/kontakt\\\/#primaryimage\",\"url\":\"https:\\\/\\\/www.haraldsplass.org\\\/overnatting\\\/wp-content\\\/uploads\\\/sites\\\/4\\\/2025\\\/05\\\/Carl-profilbilde.jpg\",\"contentUrl\":\"https:\\\/\\\/www.haraldsplass.org\\\/overnatting\\\/wp-content\\\/uploads\\\/sites\\\/4\\\/2025\\\/05\\\/Carl-profilbilde.jpg\",\"width\":833,\"height\":1024,\"caption\":\"Carl Grims\u00f8en\"},{\"@type\":\"BreadcrumbList\",\"@id\":\"https:\\\/\\\/www.haraldsplass.org\\\/overnatting\\\/utleie\\\/kontakt\\\/#breadcrumb\",\"itemListElement\":[{\"@type\":\"ListItem\",\"position\":1,\"name\":\"Hjem\",\"item\":\"https:\\\/\\\/www.haraldsplass.org\\\/overnatting\\\/\"},{\"@type\":\"ListItem\",\"position\":2,\"name\":\"Utleie\",\"item\":\"https:\\\/\\\/www.haraldsplass.org\\\/overnatting\\\/utleie\\\/\"},{\"@type\":\"ListItem\",\"position\":3,\"name\":\"Kontakt\"}]},{\"@type\":\"WebSite\",\"@id\":\"https:\\\/\\\/www.haraldsplass.org\\\/overnatting\\\/#website\",\"url\":\"https:\\\/\\\/www.haraldsplass.org\\\/overnatting\\\/\",\"name\":\"Haraldsplass Utleie og overnatting\",\"description\":\"\",\"potentialAction\":[{\"@type\":\"SearchAction\",\"target\":{\"@type\":\"EntryPoint\",\"urlTemplate\":\"https:\\\/\\\/www.haraldsplass.org\\\/overnatting\\\/?s={search_term_string}\"},\"query-input\":{\"@type\":\"PropertyValueSpecification\",\"valueRequired\":true,\"valueName\":\"search_term_string\"}}],\"inLanguage\":\"nb-NO\"}]}<\/script>\n<!-- \/ Yoast SEO plugin. -->","yoast_head_json":{"title":"Kontakt - Haraldsplass Utleie og overnatting","robots":{"index":"index","follow":"follow","max-snippet":"max-snippet:-1","max-image-preview":"max-image-preview:large","max-video-preview":"max-video-preview:-1"},"canonical":"https:\/\/www.haraldsplass.org\/overnatting\/utleie\/kontakt\/","og_locale":"nb_NO","og_type":"article","og_title":"Kontakt - Haraldsplass Utleie og overnatting","og_description":"[vc_row type=&raquo;in_container&raquo; full_screen_row_position=&raquo;middle&raquo; column_margin=&raquo;default&raquo; column_direction=&raquo;default&raquo; column_direction_tablet=&raquo;default&raquo; column_direction_phone=&raquo;default&raquo; scene_position=&raquo;center&raquo; text_color=&raquo;dark&raquo; text_align=&raquo;left&raquo; row_border_radius=&raquo;none&raquo; row_border_radius_applies=&raquo;bg&raquo; overflow=&raquo;visible&raquo; overlay_strength=&raquo;0.3&#8243; gradient_direction=&raquo;left_to_right&raquo; shape_divider_position=&raquo;bottom&raquo; bg_image_animation=&raquo;none&raquo;][vc_column column_padding=&raquo;no-extra-padding&raquo; column_padding_tablet=&raquo;inherit&raquo; column_padding_phone=&raquo;inherit&raquo; column_padding_position=&raquo;all&raquo; column_element_direction_desktop=&raquo;default&raquo; column_element_spacing=&raquo;default&raquo; desktop_text_alignment=&raquo;default&raquo; tablet_text_alignment=&raquo;default&raquo; phone_text_alignment=&raquo;default&raquo; background_color_opacity=&raquo;1&#8243; background_hover_color_opacity=&raquo;1&#8243; column_backdrop_filter=&raquo;none&raquo; column_shadow=&raquo;none&raquo;...","og_url":"https:\/\/www.haraldsplass.org\/overnatting\/utleie\/kontakt\/","og_site_name":"Haraldsplass Utleie og overnatting","article_modified_time":"2026-05-07T09:03:28+00:00","og_image":[{"width":833,"height":1024,"url":"http:\/\/www.haraldsplass.org\/overnatting\/wp-content\/uploads\/sites\/4\/2025\/05\/Carl-profilbilde.jpg","type":"image\/jpeg"}],"twitter_card":"summary_large_image","twitter_misc":{"Ansl. lesetid":"2 minutter"},"schema":{"@context":"https:\/\/schema.org","@graph":[{"@type":"WebPage","@id":"https:\/\/www.haraldsplass.org\/overnatting\/utleie\/kontakt\/","url":"https:\/\/www.haraldsplass.org\/overnatting\/utleie\/kontakt\/","name":"Kontakt - Haraldsplass Utleie og overnatting","isPartOf":{"@id":"https:\/\/www.haraldsplass.org\/overnatting\/#website"},"primaryImageOfPage":{"@id":"https:\/\/www.haraldsplass.org\/overnatting\/utleie\/kontakt\/#primaryimage"},"image":{"@id":"https:\/\/www.haraldsplass.org\/overnatting\/utleie\/kontakt\/#primaryimage"},"thumbnailUrl":"https:\/\/www.haraldsplass.org\/overnatting\/wp-content\/uploads\/sites\/4\/2025\/05\/Carl-profilbilde.jpg","datePublished":"2018-03-16T15:08:10+00:00","dateModified":"2026-05-07T09:03:28+00:00","breadcrumb":{"@id":"https:\/\/www.haraldsplass.org\/overnatting\/utleie\/kontakt\/#breadcrumb"},"inLanguage":"nb-NO","potentialAction":[{"@type":"ReadAction","target":["https:\/\/www.haraldsplass.org\/overnatting\/utleie\/kontakt\/"]}]},{"@type":"ImageObject","inLanguage":"nb-NO","@id":"https:\/\/www.haraldsplass.org\/overnatting\/utleie\/kontakt\/#primaryimage","url":"https:\/\/www.haraldsplass.org\/overnatting\/wp-content\/uploads\/sites\/4\/2025\/05\/Carl-profilbilde.jpg","contentUrl":"https:\/\/www.haraldsplass.org\/overnatting\/wp-content\/uploads\/sites\/4\/2025\/05\/Carl-profilbilde.jpg","width":833,"height":1024,"caption":"Carl Grims\u00f8en"},{"@type":"BreadcrumbList","@id":"https:\/\/www.haraldsplass.org\/overnatting\/utleie\/kontakt\/#breadcrumb","itemListElement":[{"@type":"ListItem","position":1,"name":"Hjem","item":"https:\/\/www.haraldsplass.org\/overnatting\/"},{"@type":"ListItem","position":2,"name":"Utleie","item":"https:\/\/www.haraldsplass.org\/overnatting\/utleie\/"},{"@type":"ListItem","position":3,"name":"Kontakt"}]},{"@type":"WebSite","@id":"https:\/\/www.haraldsplass.org\/overnatting\/#website","url":"https:\/\/www.haraldsplass.org\/overnatting\/","name":"Haraldsplass Utleie og overnatting","description":"","potentialAction":[{"@type":"SearchAction","target":{"@type":"EntryPoint","urlTemplate":"https:\/\/www.haraldsplass.org\/overnatting\/?s={search_term_string}"},"query-input":{"@type":"PropertyValueSpecification","valueRequired":true,"valueName":"search_term_string"}}],"inLanguage":"nb-NO"}]}},"_links":{"self":[{"href":"https:\/\/www.haraldsplass.org\/overnatting\/wp-json\/wp\/v2\/pages\/14","targetHints":{"allow":["GET"]}}],"collection":[{"href":"https:\/\/www.haraldsplass.org\/overnatting\/wp-json\/wp\/v2\/pages"}],"about":[{"href":"https:\/\/www.haraldsplass.org\/overnatting\/wp-json\/wp\/v2\/types\/page"}],"author":[{"embeddable":true,"href":"https:\/\/www.haraldsplass.org\/overnatting\/wp-json\/wp\/v2\/users\/3"}],"replies":[{"embeddable":true,"href":"https:\/\/www.haraldsplass.org\/overnatting\/wp-json\/wp\/v2\/comments?post=14"}],"version-history":[{"count":1,"href":"https:\/\/www.haraldsplass.org\/overnatting\/wp-json\/wp\/v2\/pages\/14\/revisions"}],"predecessor-version":[{"id":732,"href":"https:\/\/www.haraldsplass.org\/overnatting\/wp-json\/wp\/v2\/pages\/14\/revisions\/732"}],"up":[{"embeddable":true,"href":"https:\/\/www.haraldsplass.org\/overnatting\/wp-json\/wp\/v2\/pages\/139"}],"wp:featuredmedia":[{"embeddable":true,"href":"https:\/\/www.haraldsplass.org\/overnatting\/wp-json\/wp\/v2\/media\/691"}],"wp:attachment":[{"href":"https:\/\/www.haraldsplass.org\/overnatting\/wp-json\/wp\/v2\/media?parent=14"}],"curies":[{"name":"wp","href":"https:\/\/api.w.org\/{rel}","templated":true}]}}