{"id":15,"date":"2018-03-16T16:08:25","date_gmt":"2018-03-16T15:08:25","guid":{"rendered":"http:\/\/haraldsplass.wpengine.com\/overnatting\/?page_id=15"},"modified":"2018-05-08T13:13:23","modified_gmt":"2018-05-08T11:13:23","slug":"omradet","status":"publish","type":"page","link":"https:\/\/www.haraldsplass.org\/overnatting\/omradet\/","title":{"rendered":"Omr\u00e5det"},"content":{"rendered":"[vc_row type=&raquo;in_container&raquo; full_screen_row_position=&raquo;middle&raquo; scene_position=&raquo;center&raquo; text_color=&raquo;dark&raquo; text_align=&raquo;left&raquo; overlay_strength=&raquo;0.3&#8243; shape_divider_position=&raquo;bottom&raquo;][vc_column column_padding=&raquo;no-extra-padding&raquo; column_padding_position=&raquo;all&raquo; background_color_opacity=&raquo;1&#8243; background_hover_color_opacity=&raquo;1&#8243; column_shadow=&raquo;none&raquo; column_border_radius=&raquo;none&raquo; width=&raquo;1\/1&#8243; tablet_text_alignment=&raquo;default&raquo; phone_text_alignment=&raquo;default&raquo; column_border_width=&raquo;none&raquo; column_border_style=&raquo;solid&raquo;][vc_column_text]\n<h1>Omr\u00e5det<\/h1>\n[\/vc_column_text][divider line_type=&raquo;No Line&raquo; custom_height=&raquo;20&#8243;][vc_column_text]\n<h3>I rolige, sentrumsn\u00e6re omgivelser ligger Regines gjestehus og utleieleiligheter for studenter og ansatte. Her er det b\u00e5de gode kollektivforbindelser og gode turmuligheter.<\/h3>\n[\/vc_column_text][\/vc_column][\/vc_row][vc_row type=&raquo;in_container&raquo; full_screen_row_position=&raquo;middle&raquo; scene_position=&raquo;center&raquo; text_color=&raquo;dark&raquo; text_align=&raquo;left&raquo; class=&raquo;inngangsboks-cols-6&#8243; overlay_strength=&raquo;0.3&#8243; shape_divider_position=&raquo;bottom&raquo; shape_type=&raquo;&raquo;][vc_column column_padding=&raquo;no-extra-padding&raquo; column_padding_position=&raquo;all&raquo; background_color_opacity=&raquo;1&#8243; background_hover_color_opacity=&raquo;1&#8243; column_shadow=&raquo;none&raquo; column_border_radius=&raquo;none&raquo; width=&raquo;1\/1&#8243; tablet_text_alignment=&raquo;default&raquo; phone_text_alignment=&raquo;default&raquo; column_border_width=&raquo;none&raquo; column_border_style=&raquo;solid&raquo;][vc_row_inner equal_height=&raquo;yes&raquo; content_placement=&raquo;middle&raquo; column_margin=&raquo;none&raquo; text_align=&raquo;left&raquo;][vc_column_inner background_image=&raquo;113&#8243; enable_bg_scale=&raquo;true&raquo; column_padding=&raquo;no-extra-padding&raquo; column_padding_position=&raquo;all&raquo; background_color_opacity=&raquo;1&#8243; background_hover_color_opacity=&raquo;1&#8243; column_shadow=&raquo;none&raquo; column_border_radius=&raquo;none&raquo; width=&raquo;1\/2&#8243; column_border_width=&raquo;none&raquo; column_border_style=&raquo;solid&raquo; column_link=&raquo;\/overnatting\/omradet\/uteomrade-og-turmuligheter\/&raquo;][divider line_type=&raquo;No Line&raquo; custom_height=&raquo;380&#8243;][\/vc_column_inner][vc_column_inner column_padding=&raquo;padding-5-percent&raquo; column_padding_position=&raquo;all&raquo; background_color=&raquo;#f1f1f1&#8243; background_color_opacity=&raquo;1&#8243; background_hover_color_opacity=&raquo;1&#8243; column_shadow=&raquo;none&raquo; column_border_radius=&raquo;none&raquo; width=&raquo;1\/2&#8243; column_border_width=&raquo;none&raquo; column_border_color=&raquo;#ff7f2f&raquo; column_border_style=&raquo;solid&raquo;][vc_column_text]\n<h2>Uteomr\u00e5de og turmuligheter<\/h2>\n[\/vc_column_text][divider line_type=&raquo;No Line&raquo; custom_height=&raquo;20&#8243;][vc_column_text]Regines gjestehus og utleieleilighetene ligger flott til i et stort parkomr\u00e5de ved foten av fjellet Ulriken.[\/vc_column_text][divider line_type=&raquo;No Line&raquo; custom_height=&raquo;30&#8243;][nectar_cta btn_style=&raquo;see-through&raquo; heading_tag=&raquo;h4&#8243; link_type=&raquo;regular&raquo; alignment=&raquo;left&raquo; link_text=&raquo;Les mer om uteomr\u00e5der og turmuligheter&raquo; url=&raquo;\/overnatting\/omradet\/uteomrade-og-turmuligheter\/&raquo;][\/vc_column_inner][\/vc_row_inner][\/vc_column][\/vc_row][vc_row type=&raquo;in_container&raquo; full_screen_row_position=&raquo;middle&raquo; scene_position=&raquo;center&raquo; text_color=&raquo;dark&raquo; text_align=&raquo;left&raquo; class=&raquo;inngangsboks-cols-6&#8243; overlay_strength=&raquo;0.3&#8243; shape_divider_position=&raquo;bottom&raquo; shape_type=&raquo;&raquo;][vc_column column_padding=&raquo;no-extra-padding&raquo; column_padding_position=&raquo;all&raquo; background_color_opacity=&raquo;1&#8243; background_hover_color_opacity=&raquo;1&#8243; column_shadow=&raquo;none&raquo; column_border_radius=&raquo;none&raquo; width=&raquo;1\/1&#8243; tablet_text_alignment=&raquo;default&raquo; phone_text_alignment=&raquo;default&raquo; column_border_width=&raquo;none&raquo; column_border_style=&raquo;solid&raquo;][vc_row_inner equal_height=&raquo;yes&raquo; content_placement=&raquo;middle&raquo; column_margin=&raquo;none&raquo; text_align=&raquo;left&raquo;][vc_column_inner column_padding=&raquo;padding-5-percent&raquo; column_padding_position=&raquo;all&raquo; background_color=&raquo;#f1f1f1&#8243; background_color_opacity=&raquo;1&#8243; background_hover_color_opacity=&raquo;1&#8243; column_shadow=&raquo;none&raquo; column_border_radius=&raquo;none&raquo; width=&raquo;1\/2&#8243; column_border_width=&raquo;none&raquo; column_border_style=&raquo;solid&raquo;][vc_column_text]\n<div class=\"wpb_text_column wpb_content_element \">\n<div class=\"wpb_wrapper\">\n<h2>Transport og parkering<\/h2>\n<\/div>\n<\/div>\n[\/vc_column_text][divider line_type=&raquo;No Line&raquo; custom_height=&raquo;20&#8243;][vc_column_text]Det er lett \u00e5 komme seg til b\u00e5de gjestehuset og utleieleilighetene p\u00e5 Haraldsplass, b\u00e5de med bil og buss.[\/vc_column_text][divider line_type=&raquo;No Line&raquo; custom_height=&raquo;30&#8243;][nectar_cta btn_style=&raquo;see-through&raquo; heading_tag=&raquo;h4&#8243; link_type=&raquo;regular&raquo; alignment=&raquo;left&raquo; link_text=&raquo;Les mer om transport og parkering&raquo; url=&raquo;\/overnatting\/omradet\/transport-og-parkering\/&raquo;][\/vc_column_inner][vc_column_inner background_image=&raquo;111&#8243; enable_bg_scale=&raquo;true&raquo; column_padding=&raquo;no-extra-padding&raquo; column_padding_position=&raquo;all&raquo; background_color_opacity=&raquo;1&#8243; background_hover_color_opacity=&raquo;1&#8243; column_shadow=&raquo;none&raquo; column_border_radius=&raquo;none&raquo; width=&raquo;1\/2&#8243; column_border_width=&raquo;none&raquo; column_border_style=&raquo;solid&raquo; column_link=&raquo;\/overnatting\/omradet\/transport-og-parkering\/&raquo;][divider line_type=&raquo;No Line&raquo; custom_height=&raquo;380&#8243;][\/vc_column_inner][\/vc_row_inner][\/vc_column][\/vc_row]\n","protected":false},"excerpt":{"rendered":"<p>[vc_row type=&raquo;in_container&raquo; full_screen_row_position=&raquo;middle&raquo; scene_position=&raquo;center&raquo; text_color=&raquo;dark&raquo; text_align=&raquo;left&raquo; overlay_strength=&raquo;0.3&#8243; shape_divider_position=&raquo;bottom&raquo;][vc_column column_padding=&raquo;no-extra-padding&raquo; column_padding_position=&raquo;all&raquo; background_color_opacity=&raquo;1&#8243; background_hover_color_opacity=&raquo;1&#8243; column_shadow=&raquo;none&raquo; column_border_radius=&raquo;none&raquo; width=&raquo;1\/1&#8243; tablet_text_alignment=&raquo;default&raquo; phone_text_alignment=&raquo;default&raquo; column_border_width=&raquo;none&raquo; column_border_style=&raquo;solid&raquo;][vc_column_text] Omr\u00e5det [\/vc_column_text][divider line_type=&raquo;No Line&raquo; custom_height=&raquo;20&#8243;][vc_column_text] I rolige, sentrumsn\u00e6re omgivelser ligger Regines&#8230;<\/p>\n","protected":false},"author":3,"featured_media":0,"parent":0,"menu_order":0,"comment_status":"closed","ping_status":"closed","template":"","meta":{"footnotes":""},"class_list":["post-15","page","type-page","status-publish"],"yoast_head":"<!-- This site is optimized with the Yoast SEO plugin v27.5 - https:\/\/yoast.com\/product\/yoast-seo-wordpress\/ -->\n<title>Omr\u00e5det - Haraldsplass Utleie og overnatting<\/title>\n<meta name=\"robots\" content=\"index, follow, max-snippet:-1, max-image-preview:large, max-video-preview:-1\" \/>\n<link rel=\"canonical\" href=\"https:\/\/www.haraldsplass.org\/overnatting\/omradet\/\" \/>\n<meta property=\"og:locale\" content=\"nb_NO\" \/>\n<meta property=\"og:type\" content=\"article\" \/>\n<meta property=\"og:title\" content=\"Omr\u00e5det - Haraldsplass Utleie og overnatting\" \/>\n<meta property=\"og:description\" content=\"[vc_row type=&raquo;in_container&raquo; full_screen_row_position=&raquo;middle&raquo; scene_position=&raquo;center&raquo; text_color=&raquo;dark&raquo; text_align=&raquo;left&raquo; overlay_strength=&raquo;0.3&#8243; shape_divider_position=&raquo;bottom&raquo;][vc_column column_padding=&raquo;no-extra-padding&raquo; column_padding_position=&raquo;all&raquo; background_color_opacity=&raquo;1&#8243; background_hover_color_opacity=&raquo;1&#8243; column_shadow=&raquo;none&raquo; column_border_radius=&raquo;none&raquo; width=&raquo;1\/1&#8243; tablet_text_alignment=&raquo;default&raquo; phone_text_alignment=&raquo;default&raquo; column_border_width=&raquo;none&raquo; column_border_style=&raquo;solid&raquo;][vc_column_text] Omr\u00e5det [\/vc_column_text][divider line_type=&raquo;No Line&raquo; custom_height=&raquo;20&#8243;][vc_column_text] I rolige, sentrumsn\u00e6re omgivelser ligger Regines...\" \/>\n<meta property=\"og:url\" content=\"https:\/\/www.haraldsplass.org\/overnatting\/omradet\/\" \/>\n<meta property=\"og:site_name\" content=\"Haraldsplass Utleie og overnatting\" \/>\n<meta property=\"article:modified_time\" content=\"2018-05-08T11:13:23+00:00\" \/>\n<meta name=\"twitter:card\" content=\"summary_large_image\" \/>\n<meta name=\"twitter:label1\" content=\"Ansl. lesetid\" \/>\n\t<meta name=\"twitter:data1\" content=\"3 minutter\" \/>\n<script type=\"application\/ld+json\" class=\"yoast-schema-graph\">{\"@context\":\"https:\\\/\\\/schema.org\",\"@graph\":[{\"@type\":\"WebPage\",\"@id\":\"https:\\\/\\\/www.haraldsplass.org\\\/overnatting\\\/omradet\\\/\",\"url\":\"https:\\\/\\\/www.haraldsplass.org\\\/overnatting\\\/omradet\\\/\",\"name\":\"Omr\u00e5det - Haraldsplass Utleie og overnatting\",\"isPartOf\":{\"@id\":\"https:\\\/\\\/www.haraldsplass.org\\\/overnatting\\\/#website\"},\"datePublished\":\"2018-03-16T15:08:25+00:00\",\"dateModified\":\"2018-05-08T11:13:23+00:00\",\"breadcrumb\":{\"@id\":\"https:\\\/\\\/www.haraldsplass.org\\\/overnatting\\\/omradet\\\/#breadcrumb\"},\"inLanguage\":\"nb-NO\",\"potentialAction\":[{\"@type\":\"ReadAction\",\"target\":[\"https:\\\/\\\/www.haraldsplass.org\\\/overnatting\\\/omradet\\\/\"]}]},{\"@type\":\"BreadcrumbList\",\"@id\":\"https:\\\/\\\/www.haraldsplass.org\\\/overnatting\\\/omradet\\\/#breadcrumb\",\"itemListElement\":[{\"@type\":\"ListItem\",\"position\":1,\"name\":\"Hjem\",\"item\":\"https:\\\/\\\/www.haraldsplass.org\\\/overnatting\\\/\"},{\"@type\":\"ListItem\",\"position\":2,\"name\":\"Omr\u00e5det\"}]},{\"@type\":\"WebSite\",\"@id\":\"https:\\\/\\\/www.haraldsplass.org\\\/overnatting\\\/#website\",\"url\":\"https:\\\/\\\/www.haraldsplass.org\\\/overnatting\\\/\",\"name\":\"Haraldsplass Utleie og overnatting\",\"description\":\"\",\"potentialAction\":[{\"@type\":\"SearchAction\",\"target\":{\"@type\":\"EntryPoint\",\"urlTemplate\":\"https:\\\/\\\/www.haraldsplass.org\\\/overnatting\\\/?s={search_term_string}\"},\"query-input\":{\"@type\":\"PropertyValueSpecification\",\"valueRequired\":true,\"valueName\":\"search_term_string\"}}],\"inLanguage\":\"nb-NO\"}]}<\/script>\n<!-- \/ Yoast SEO plugin. -->","yoast_head_json":{"title":"Omr\u00e5det - Haraldsplass Utleie og overnatting","robots":{"index":"index","follow":"follow","max-snippet":"max-snippet:-1","max-image-preview":"max-image-preview:large","max-video-preview":"max-video-preview:-1"},"canonical":"https:\/\/www.haraldsplass.org\/overnatting\/omradet\/","og_locale":"nb_NO","og_type":"article","og_title":"Omr\u00e5det - Haraldsplass Utleie og overnatting","og_description":"[vc_row type=&raquo;in_container&raquo; full_screen_row_position=&raquo;middle&raquo; scene_position=&raquo;center&raquo; text_color=&raquo;dark&raquo; text_align=&raquo;left&raquo; overlay_strength=&raquo;0.3&#8243; shape_divider_position=&raquo;bottom&raquo;][vc_column column_padding=&raquo;no-extra-padding&raquo; column_padding_position=&raquo;all&raquo; background_color_opacity=&raquo;1&#8243; background_hover_color_opacity=&raquo;1&#8243; column_shadow=&raquo;none&raquo; column_border_radius=&raquo;none&raquo; width=&raquo;1\/1&#8243; tablet_text_alignment=&raquo;default&raquo; phone_text_alignment=&raquo;default&raquo; column_border_width=&raquo;none&raquo; column_border_style=&raquo;solid&raquo;][vc_column_text] Omr\u00e5det [\/vc_column_text][divider line_type=&raquo;No Line&raquo; custom_height=&raquo;20&#8243;][vc_column_text] I rolige, sentrumsn\u00e6re omgivelser ligger Regines...","og_url":"https:\/\/www.haraldsplass.org\/overnatting\/omradet\/","og_site_name":"Haraldsplass Utleie og overnatting","article_modified_time":"2018-05-08T11:13:23+00:00","twitter_card":"summary_large_image","twitter_misc":{"Ansl. lesetid":"3 minutter"},"schema":{"@context":"https:\/\/schema.org","@graph":[{"@type":"WebPage","@id":"https:\/\/www.haraldsplass.org\/overnatting\/omradet\/","url":"https:\/\/www.haraldsplass.org\/overnatting\/omradet\/","name":"Omr\u00e5det - Haraldsplass Utleie og overnatting","isPartOf":{"@id":"https:\/\/www.haraldsplass.org\/overnatting\/#website"},"datePublished":"2018-03-16T15:08:25+00:00","dateModified":"2018-05-08T11:13:23+00:00","breadcrumb":{"@id":"https:\/\/www.haraldsplass.org\/overnatting\/omradet\/#breadcrumb"},"inLanguage":"nb-NO","potentialAction":[{"@type":"ReadAction","target":["https:\/\/www.haraldsplass.org\/overnatting\/omradet\/"]}]},{"@type":"BreadcrumbList","@id":"https:\/\/www.haraldsplass.org\/overnatting\/omradet\/#breadcrumb","itemListElement":[{"@type":"ListItem","position":1,"name":"Hjem","item":"https:\/\/www.haraldsplass.org\/overnatting\/"},{"@type":"ListItem","position":2,"name":"Omr\u00e5det"}]},{"@type":"WebSite","@id":"https:\/\/www.haraldsplass.org\/overnatting\/#website","url":"https:\/\/www.haraldsplass.org\/overnatting\/","name":"Haraldsplass Utleie og overnatting","description":"","potentialAction":[{"@type":"SearchAction","target":{"@type":"EntryPoint","urlTemplate":"https:\/\/www.haraldsplass.org\/overnatting\/?s={search_term_string}"},"query-input":{"@type":"PropertyValueSpecification","valueRequired":true,"valueName":"search_term_string"}}],"inLanguage":"nb-NO"}]}},"_links":{"self":[{"href":"https:\/\/www.haraldsplass.org\/overnatting\/wp-json\/wp\/v2\/pages\/15","targetHints":{"allow":["GET"]}}],"collection":[{"href":"https:\/\/www.haraldsplass.org\/overnatting\/wp-json\/wp\/v2\/pages"}],"about":[{"href":"https:\/\/www.haraldsplass.org\/overnatting\/wp-json\/wp\/v2\/types\/page"}],"author":[{"embeddable":true,"href":"https:\/\/www.haraldsplass.org\/overnatting\/wp-json\/wp\/v2\/users\/3"}],"replies":[{"embeddable":true,"href":"https:\/\/www.haraldsplass.org\/overnatting\/wp-json\/wp\/v2\/comments?post=15"}],"version-history":[{"count":0,"href":"https:\/\/www.haraldsplass.org\/overnatting\/wp-json\/wp\/v2\/pages\/15\/revisions"}],"wp:attachment":[{"href":"https:\/\/www.haraldsplass.org\/overnatting\/wp-json\/wp\/v2\/media?parent=15"}],"curies":[{"name":"wp","href":"https:\/\/api.w.org\/{rel}","templated":true}]}}