{"id":17,"date":"2018-03-16T16:09:07","date_gmt":"2018-03-16T15:09:07","guid":{"rendered":"http:\/\/haraldsplass.wpengine.com\/overnatting\/?page_id=17"},"modified":"2023-01-16T15:12:13","modified_gmt":"2023-01-16T14:12:13","slug":"transport-og-parkering","status":"publish","type":"page","link":"https:\/\/www.haraldsplass.org\/overnatting\/omradet\/transport-og-parkering\/","title":{"rendered":"Transport og parkering"},"content":{"rendered":"[vc_row type=&raquo;in_container&raquo; full_screen_row_position=&raquo;middle&raquo; scene_position=&raquo;center&raquo; text_color=&raquo;dark&raquo; text_align=&raquo;left&raquo; overlay_strength=&raquo;0.3&#8243; shape_divider_position=&raquo;bottom&raquo;][vc_column column_padding=&raquo;no-extra-padding&raquo; column_padding_position=&raquo;all&raquo; background_color_opacity=&raquo;1&#8243; background_hover_color_opacity=&raquo;1&#8243; column_shadow=&raquo;none&raquo; column_border_radius=&raquo;none&raquo; width=&raquo;1\/1&#8243; tablet_text_alignment=&raquo;default&raquo; phone_text_alignment=&raquo;default&raquo; column_border_width=&raquo;none&raquo; column_border_style=&raquo;solid&raquo;][vc_column_text]\n<h1>Transport og parkering<\/h1>\n[\/vc_column_text][divider line_type=&raquo;No Line&raquo; custom_height=&raquo;20&#8243;][vc_column_text]\n<h3><strong>Slik kommer du deg til og fra gjestehuset og utleieleilighetene p\u00e5 Haraldsplass.<\/strong><\/h3>\n[\/vc_column_text][\/vc_column][\/vc_row][vc_row type=&raquo;in_container&raquo; full_screen_row_position=&raquo;middle&raquo; scene_position=&raquo;center&raquo; text_color=&raquo;dark&raquo; text_align=&raquo;left&raquo; overlay_strength=&raquo;0.3&#8243; shape_divider_position=&raquo;bottom&raquo;][vc_column column_padding=&raquo;no-extra-padding&raquo; column_padding_position=&raquo;all&raquo; background_color_opacity=&raquo;1&#8243; background_hover_color_opacity=&raquo;1&#8243; column_shadow=&raquo;none&raquo; column_border_radius=&raquo;none&raquo; width=&raquo;1\/1&#8243; tablet_text_alignment=&raquo;default&raquo; phone_text_alignment=&raquo;default&raquo; column_border_width=&raquo;none&raquo; column_border_style=&raquo;solid&raquo;][nectar_btn size=&raquo;medium&raquo; button_style=&raquo;regular&raquo; button_color_2=&raquo;Accent-Color&raquo; icon_family=&raquo;none&raquo; url=&raquo;\/overnatting\/overnatting\/&raquo; text=&raquo;Regines gjestehus&raquo;][nectar_btn size=&raquo;medium&raquo; button_style=&raquo;regular&raquo; button_color_2=&raquo;Extra-Color-3&#8243; icon_family=&raquo;none&raquo; url=&raquo;\/overnatting\/utleie\/&raquo; text=&raquo;Utleieleiligheter for ansatte og studenter&raquo;][nectar_btn size=&raquo;medium&raquo; button_style=&raquo;regular&raquo; button_color_2=&raquo;Extra-Color-1&#8243; icon_family=&raquo;none&raquo; url=&raquo;\/overnatting\/utleie\/kontakt\/&raquo; text=&raquo;Kontakt&raquo;][\/vc_column][\/vc_row][vc_row type=&raquo;in_container&raquo; full_screen_row_position=&raquo;middle&raquo; scene_position=&raquo;center&raquo; text_color=&raquo;dark&raquo; text_align=&raquo;left&raquo; overlay_strength=&raquo;0.3&#8243; shape_divider_position=&raquo;bottom&raquo; shape_type=&raquo;&raquo;][vc_column column_padding=&raquo;no-extra-padding&raquo; column_padding_position=&raquo;all&raquo; background_color_opacity=&raquo;1&#8243; background_hover_color_opacity=&raquo;1&#8243; column_shadow=&raquo;none&raquo; column_border_radius=&raquo;none&raquo; width=&raquo;1\/1&#8243; tablet_text_alignment=&raquo;default&raquo; phone_text_alignment=&raquo;default&raquo; column_border_width=&raquo;none&raquo; column_border_style=&raquo;solid&raquo;][image_with_animation image_url=&raquo;111&#8243; alignment=&raquo;&raquo; animation=&raquo;Fade In&raquo; border_radius=&raquo;none&raquo; box_shadow=&raquo;none&raquo; max_width=&raquo;100%&raquo;][\/vc_column][\/vc_row][vc_row type=&raquo;in_container&raquo; full_screen_row_position=&raquo;middle&raquo; scene_position=&raquo;center&raquo; text_color=&raquo;dark&raquo; text_align=&raquo;left&raquo; overlay_strength=&raquo;0.3&#8243; shape_divider_position=&raquo;bottom&raquo;][vc_column column_padding=&raquo;no-extra-padding&raquo; column_padding_position=&raquo;all&raquo; background_color_opacity=&raquo;1&#8243; background_hover_color_opacity=&raquo;1&#8243; column_shadow=&raquo;none&raquo; column_border_radius=&raquo;none&raquo; width=&raquo;1\/1&#8243; tablet_text_alignment=&raquo;default&raquo; phone_text_alignment=&raquo;default&raquo; column_border_width=&raquo;none&raquo; column_border_style=&raquo;solid&raquo;][vc_column_text]<strong>Beliggenhet\u00a0<\/strong><br \/>\nUtleieleilighetene og Regines gjestehus ligger i utkanten av Bergen sentrum i den s\u00f8rlige enden av eiendommen p\u00e5 Haraldsplass.<br \/>\nCirka 100 meter fra gjestehuset \u00a0ligger Haraldsplass Diakonale Sykehus\u00a0 og VID vitenskapelige h\u00f8gskole. Rett over veien, p\u00e5 nedsiden av Regines gjestehus, ligger Ulriksdal helsepark. \u00a0I cirka fem minutters gangavstand ligger Haukeland Universitetssykehus og Odontologen.<\/p>\n<p><strong>Transportmuligheter<\/strong><br \/>\nOmr\u00e5det der Regines gjestehus og utleieleilighetene ligger er i utkanten av Bergen sentrum.<\/p>\n<p><strong>Til fots:\u00a0<\/strong>Det tar cirka 20 minutter \u00e5 g\u00e5 til sentrum.<\/p>\n<p><strong>Buss:<\/strong>\u00a0Reisen tar cirka 5 minutter. Busselskapet i Bergen er <a href=\"https:\/\/www.skyss.no\/\">Skyss<\/a> som har busser til og fra omr\u00e5det med hyppige mellomrom i rushtiden. Bussene som g\u00e5r like nedenfor gjestehuset og sykehusomr\u00e5det er buss nummer 2, 3 og 80. <a href=\"https:\/\/www.skyss.no\/\">Rutetider og kart.<br \/>\n<\/a><br \/>\n<a href=\"https:\/\/www.flybussen.no\/ruter\/bergen\"><strong>Flybuss<\/strong> g\u00e5r fra Haukeland sykehus.<\/a><\/p>\n<p><a href=\"https:\/\/www.skyss.no\/\"><strong>Bybane<\/strong> g\u00e5r t\/r Bergen Lufthavn Flesland og Bergen sentrum.<\/a> N\u00e6rmeste bybanestopp i 2018 er Danmarksplass eller Florida, cirka 30 minutter gangavstand til Haraldsplass.<\/p>\n<p><strong>Taxi:<\/strong><a href=\"http:\/\/www.bergentaxi.no\/\" target=\"_blank\" rel=\"noopener\"><br \/>\nBergen Taxi<\/a>\u00a0<a href=\"http:\/\/www.norgestaxi.no\/\" target=\"_blank\" rel=\"noopener\"><br \/>\nNorgestaxi<\/a><\/p>\n<p><strong>Parkering:<\/strong> Det er parkering for betaling i sykehusets parkeringshus p\u00e5 omr\u00e5det. <a href=\"https:\/\/www.haraldsplass.org\/overnatting\/parkering\/\">Les mer og se priser her.<\/a>[\/vc_column_text][\/vc_column][\/vc_row]\n","protected":false},"excerpt":{"rendered":"<p>[vc_row type=&raquo;in_container&raquo; full_screen_row_position=&raquo;middle&raquo; scene_position=&raquo;center&raquo; text_color=&raquo;dark&raquo; text_align=&raquo;left&raquo; overlay_strength=&raquo;0.3&#8243; shape_divider_position=&raquo;bottom&raquo;][vc_column column_padding=&raquo;no-extra-padding&raquo; column_padding_position=&raquo;all&raquo; background_color_opacity=&raquo;1&#8243; background_hover_color_opacity=&raquo;1&#8243; column_shadow=&raquo;none&raquo; column_border_radius=&raquo;none&raquo; width=&raquo;1\/1&#8243; tablet_text_alignment=&raquo;default&raquo; phone_text_alignment=&raquo;default&raquo; column_border_width=&raquo;none&raquo; column_border_style=&raquo;solid&raquo;][vc_column_text] Transport og parkering [\/vc_column_text][divider line_type=&raquo;No Line&raquo; custom_height=&raquo;20&#8243;][vc_column_text] Slik kommer du deg&#8230;<\/p>\n","protected":false},"author":3,"featured_media":0,"parent":15,"menu_order":0,"comment_status":"closed","ping_status":"closed","template":"","meta":{"footnotes":""},"class_list":["post-17","page","type-page","status-publish"],"yoast_head":"<!-- This site is optimized with the Yoast SEO plugin v27.3 - https:\/\/yoast.com\/product\/yoast-seo-wordpress\/ -->\n<title>Transport og parkering - Haraldsplass Utleie og overnatting<\/title>\n<meta name=\"robots\" content=\"index, follow, max-snippet:-1, max-image-preview:large, max-video-preview:-1\" \/>\n<link rel=\"canonical\" href=\"https:\/\/www.haraldsplass.org\/overnatting\/omradet\/transport-og-parkering\/\" \/>\n<meta property=\"og:locale\" content=\"nb_NO\" \/>\n<meta property=\"og:type\" content=\"article\" \/>\n<meta property=\"og:title\" content=\"Transport og parkering - Haraldsplass Utleie og overnatting\" \/>\n<meta property=\"og:description\" content=\"[vc_row type=&raquo;in_container&raquo; full_screen_row_position=&raquo;middle&raquo; scene_position=&raquo;center&raquo; text_color=&raquo;dark&raquo; text_align=&raquo;left&raquo; overlay_strength=&raquo;0.3&#8243; shape_divider_position=&raquo;bottom&raquo;][vc_column column_padding=&raquo;no-extra-padding&raquo; column_padding_position=&raquo;all&raquo; background_color_opacity=&raquo;1&#8243; background_hover_color_opacity=&raquo;1&#8243; column_shadow=&raquo;none&raquo; column_border_radius=&raquo;none&raquo; width=&raquo;1\/1&#8243; tablet_text_alignment=&raquo;default&raquo; phone_text_alignment=&raquo;default&raquo; column_border_width=&raquo;none&raquo; column_border_style=&raquo;solid&raquo;][vc_column_text] Transport og parkering [\/vc_column_text][divider line_type=&raquo;No Line&raquo; custom_height=&raquo;20&#8243;][vc_column_text] Slik kommer du deg...\" \/>\n<meta property=\"og:url\" content=\"https:\/\/www.haraldsplass.org\/overnatting\/omradet\/transport-og-parkering\/\" \/>\n<meta property=\"og:site_name\" content=\"Haraldsplass Utleie og overnatting\" \/>\n<meta property=\"article:modified_time\" content=\"2023-01-16T14:12:13+00:00\" \/>\n<meta name=\"twitter:card\" content=\"summary_large_image\" \/>\n<meta name=\"twitter:label1\" content=\"Ansl. lesetid\" \/>\n\t<meta name=\"twitter:data1\" content=\"2 minutter\" \/>\n<script type=\"application\/ld+json\" class=\"yoast-schema-graph\">{\"@context\":\"https:\\\/\\\/schema.org\",\"@graph\":[{\"@type\":\"WebPage\",\"@id\":\"https:\\\/\\\/www.haraldsplass.org\\\/overnatting\\\/omradet\\\/transport-og-parkering\\\/\",\"url\":\"https:\\\/\\\/www.haraldsplass.org\\\/overnatting\\\/omradet\\\/transport-og-parkering\\\/\",\"name\":\"Transport og parkering - Haraldsplass Utleie og overnatting\",\"isPartOf\":{\"@id\":\"https:\\\/\\\/www.haraldsplass.org\\\/overnatting\\\/#website\"},\"datePublished\":\"2018-03-16T15:09:07+00:00\",\"dateModified\":\"2023-01-16T14:12:13+00:00\",\"breadcrumb\":{\"@id\":\"https:\\\/\\\/www.haraldsplass.org\\\/overnatting\\\/omradet\\\/transport-og-parkering\\\/#breadcrumb\"},\"inLanguage\":\"nb-NO\",\"potentialAction\":[{\"@type\":\"ReadAction\",\"target\":[\"https:\\\/\\\/www.haraldsplass.org\\\/overnatting\\\/omradet\\\/transport-og-parkering\\\/\"]}]},{\"@type\":\"BreadcrumbList\",\"@id\":\"https:\\\/\\\/www.haraldsplass.org\\\/overnatting\\\/omradet\\\/transport-og-parkering\\\/#breadcrumb\",\"itemListElement\":[{\"@type\":\"ListItem\",\"position\":1,\"name\":\"Hjem\",\"item\":\"https:\\\/\\\/www.haraldsplass.org\\\/overnatting\\\/\"},{\"@type\":\"ListItem\",\"position\":2,\"name\":\"Omr\u00e5det\",\"item\":\"https:\\\/\\\/www.haraldsplass.org\\\/overnatting\\\/omradet\\\/\"},{\"@type\":\"ListItem\",\"position\":3,\"name\":\"Transport og parkering\"}]},{\"@type\":\"WebSite\",\"@id\":\"https:\\\/\\\/www.haraldsplass.org\\\/overnatting\\\/#website\",\"url\":\"https:\\\/\\\/www.haraldsplass.org\\\/overnatting\\\/\",\"name\":\"Haraldsplass Utleie og overnatting\",\"description\":\"\",\"potentialAction\":[{\"@type\":\"SearchAction\",\"target\":{\"@type\":\"EntryPoint\",\"urlTemplate\":\"https:\\\/\\\/www.haraldsplass.org\\\/overnatting\\\/?s={search_term_string}\"},\"query-input\":{\"@type\":\"PropertyValueSpecification\",\"valueRequired\":true,\"valueName\":\"search_term_string\"}}],\"inLanguage\":\"nb-NO\"}]}<\/script>\n<!-- \/ Yoast SEO plugin. -->","yoast_head_json":{"title":"Transport og parkering - Haraldsplass Utleie og overnatting","robots":{"index":"index","follow":"follow","max-snippet":"max-snippet:-1","max-image-preview":"max-image-preview:large","max-video-preview":"max-video-preview:-1"},"canonical":"https:\/\/www.haraldsplass.org\/overnatting\/omradet\/transport-og-parkering\/","og_locale":"nb_NO","og_type":"article","og_title":"Transport og parkering - Haraldsplass Utleie og overnatting","og_description":"[vc_row type=&raquo;in_container&raquo; full_screen_row_position=&raquo;middle&raquo; scene_position=&raquo;center&raquo; text_color=&raquo;dark&raquo; text_align=&raquo;left&raquo; overlay_strength=&raquo;0.3&#8243; shape_divider_position=&raquo;bottom&raquo;][vc_column column_padding=&raquo;no-extra-padding&raquo; column_padding_position=&raquo;all&raquo; background_color_opacity=&raquo;1&#8243; background_hover_color_opacity=&raquo;1&#8243; column_shadow=&raquo;none&raquo; column_border_radius=&raquo;none&raquo; width=&raquo;1\/1&#8243; tablet_text_alignment=&raquo;default&raquo; phone_text_alignment=&raquo;default&raquo; column_border_width=&raquo;none&raquo; column_border_style=&raquo;solid&raquo;][vc_column_text] Transport og parkering [\/vc_column_text][divider line_type=&raquo;No Line&raquo; custom_height=&raquo;20&#8243;][vc_column_text] Slik kommer du deg...","og_url":"https:\/\/www.haraldsplass.org\/overnatting\/omradet\/transport-og-parkering\/","og_site_name":"Haraldsplass Utleie og overnatting","article_modified_time":"2023-01-16T14:12:13+00:00","twitter_card":"summary_large_image","twitter_misc":{"Ansl. lesetid":"2 minutter"},"schema":{"@context":"https:\/\/schema.org","@graph":[{"@type":"WebPage","@id":"https:\/\/www.haraldsplass.org\/overnatting\/omradet\/transport-og-parkering\/","url":"https:\/\/www.haraldsplass.org\/overnatting\/omradet\/transport-og-parkering\/","name":"Transport og parkering - Haraldsplass Utleie og overnatting","isPartOf":{"@id":"https:\/\/www.haraldsplass.org\/overnatting\/#website"},"datePublished":"2018-03-16T15:09:07+00:00","dateModified":"2023-01-16T14:12:13+00:00","breadcrumb":{"@id":"https:\/\/www.haraldsplass.org\/overnatting\/omradet\/transport-og-parkering\/#breadcrumb"},"inLanguage":"nb-NO","potentialAction":[{"@type":"ReadAction","target":["https:\/\/www.haraldsplass.org\/overnatting\/omradet\/transport-og-parkering\/"]}]},{"@type":"BreadcrumbList","@id":"https:\/\/www.haraldsplass.org\/overnatting\/omradet\/transport-og-parkering\/#breadcrumb","itemListElement":[{"@type":"ListItem","position":1,"name":"Hjem","item":"https:\/\/www.haraldsplass.org\/overnatting\/"},{"@type":"ListItem","position":2,"name":"Omr\u00e5det","item":"https:\/\/www.haraldsplass.org\/overnatting\/omradet\/"},{"@type":"ListItem","position":3,"name":"Transport og parkering"}]},{"@type":"WebSite","@id":"https:\/\/www.haraldsplass.org\/overnatting\/#website","url":"https:\/\/www.haraldsplass.org\/overnatting\/","name":"Haraldsplass Utleie og overnatting","description":"","potentialAction":[{"@type":"SearchAction","target":{"@type":"EntryPoint","urlTemplate":"https:\/\/www.haraldsplass.org\/overnatting\/?s={search_term_string}"},"query-input":{"@type":"PropertyValueSpecification","valueRequired":true,"valueName":"search_term_string"}}],"inLanguage":"nb-NO"}]}},"_links":{"self":[{"href":"https:\/\/www.haraldsplass.org\/overnatting\/wp-json\/wp\/v2\/pages\/17","targetHints":{"allow":["GET"]}}],"collection":[{"href":"https:\/\/www.haraldsplass.org\/overnatting\/wp-json\/wp\/v2\/pages"}],"about":[{"href":"https:\/\/www.haraldsplass.org\/overnatting\/wp-json\/wp\/v2\/types\/page"}],"author":[{"embeddable":true,"href":"https:\/\/www.haraldsplass.org\/overnatting\/wp-json\/wp\/v2\/users\/3"}],"replies":[{"embeddable":true,"href":"https:\/\/www.haraldsplass.org\/overnatting\/wp-json\/wp\/v2\/comments?post=17"}],"version-history":[{"count":0,"href":"https:\/\/www.haraldsplass.org\/overnatting\/wp-json\/wp\/v2\/pages\/17\/revisions"}],"up":[{"embeddable":true,"href":"https:\/\/www.haraldsplass.org\/overnatting\/wp-json\/wp\/v2\/pages\/15"}],"wp:attachment":[{"href":"https:\/\/www.haraldsplass.org\/overnatting\/wp-json\/wp\/v2\/media?parent=17"}],"curies":[{"name":"wp","href":"https:\/\/api.w.org\/{rel}","templated":true}]}}