{"id":52,"date":"2019-02-21T10:35:57","date_gmt":"2019-02-21T09:35:57","guid":{"rendered":"http:\/\/www.haraldsplass.org\/siljuslaatten\/?page_id=52"},"modified":"2026-01-20T10:03:20","modified_gmt":"2026-01-20T09:03:20","slug":"ledige-stillinger","status":"publish","type":"page","link":"https:\/\/www.haraldsplass.org\/siljuslaatten\/ledige-stillinger\/","title":{"rendered":"Ledige stillinger"},"content":{"rendered":"[vc_row type=&raquo;in_container&raquo; full_screen_row_position=&raquo;middle&raquo; column_margin=&raquo;default&raquo; column_direction=&raquo;default&raquo; column_direction_tablet=&raquo;default&raquo; column_direction_phone=&raquo;default&raquo; scene_position=&raquo;center&raquo; text_color=&raquo;dark&raquo; text_align=&raquo;left&raquo; row_border_radius=&raquo;none&raquo; row_border_radius_applies=&raquo;bg&raquo; overflow=&raquo;visible&raquo; overlay_strength=&raquo;0.3&#8243; gradient_direction=&raquo;left_to_right&raquo; shape_divider_position=&raquo;bottom&raquo; bg_image_animation=&raquo;none&raquo; shape_type=&raquo;&raquo;][vc_column column_padding=&raquo;no-extra-padding&raquo; column_padding_tablet=&raquo;inherit&raquo; column_padding_phone=&raquo;inherit&raquo; column_padding_position=&raquo;all&raquo; column_element_direction_desktop=&raquo;default&raquo; column_element_spacing=&raquo;default&raquo; desktop_text_alignment=&raquo;default&raquo; tablet_text_alignment=&raquo;default&raquo; phone_text_alignment=&raquo;default&raquo; background_color_opacity=&raquo;1&#8243; background_hover_color_opacity=&raquo;1&#8243; column_backdrop_filter=&raquo;none&raquo; column_shadow=&raquo;none&raquo; column_border_radius=&raquo;none&raquo; column_link_target=&raquo;_self&raquo; column_position=&raquo;default&raquo; gradient_direction=&raquo;left_to_right&raquo; overlay_strength=&raquo;0.3&#8243; width=&raquo;5\/6&#8243; tablet_width_inherit=&raquo;default&raquo; animation_type=&raquo;default&raquo; bg_image_animation=&raquo;none&raquo; border_type=&raquo;simple&raquo; column_border_width=&raquo;none&raquo; column_border_style=&raquo;solid&raquo;][vc_column_text]\n<h1>Ledige stillinger<\/h1>\n[\/vc_column_text][divider line_type=&raquo;No Line&raquo; custom_height=&raquo;20&#8243;][vc_column_text css=&raquo;&raquo; text_direction=&raquo;default&raquo;]\n<h3>Sommervikarer Siljusl\u00e5tten sykehjem<\/h3>\n<p class=\"noSpacingAbove spacingBelow\" data-text-type=\"noSpacing\">\u00d8nsker du \u00e5 jobbe ved et av Bergens flotteste sykehjem? Se her!<\/p>\n<p>Siljusl\u00e5tten sykehjem ligger ved R\u00e5st\u00f8l bybanestopp i Ytrebygda bydel. Sykehjemmet har 90 beboere, fordelt p\u00e5 5 avdelinger. Vi har flotte fasiliteter, atriehager og takterrasse.<\/p>\n<p class=\"noSpacingAbove spacingBelow\" data-text-type=\"noSpacing\">Vi s\u00f8ker etter deg som \u00f8nsker \u00e5 gj\u00f8re en forskjell for beboerne v\u00e5re, som vil v\u00e6re en del av et team som gir det beste av seg selv, og som jobber sammen mot et godt arbeidsmilj\u00f8.<br \/>\nH\u00f8res dette interessant ut? Da er du velkommen til \u00e5 s\u00f8ke hos oss.<\/p>\n<p class=\"noSpacingAbove spacingBelow\" data-text-type=\"noSpacing\">Vi har behov for vikarer i sommer, men vi har og behov for tilkallingsvikarer. \u00d8nsker du fast helge stilling er det ogs\u00e5 mulighet for det.<\/p>\n<p class=\"noSpacingAbove spacingBelow\" data-text-type=\"noSpacing\">Sykehjemmet drives av Stiftelsen Diakonova Haraldsplass<\/p>\n<div class=\"anchor-h2\">\n<h2 id=\"n\u00f8kkelinformasjon\">N\u00f8kkelinformasjon<\/h2>\n<p>&nbsp;<\/p>\n<\/div>\n<p>S\u00f8knadsfrist:<\/p>\n<p><strong>01.03.2026<\/strong><\/p>\n<p>Arbeidsgiver:<\/p>\n<p><strong>Stiftelsen Diakonova Haraldsplass<\/strong><\/p>\n<p>Sted:\u00a0<strong>R\u00e5dal<\/strong><\/p>\n<p>Stillingstittel:<\/p>\n<p><strong>Sommervikarer til Siljusl\u00e5tten sykehjem<\/strong><\/p>\n<p>Stillinger: 8<\/p>\n<p>Heltid \/ Deltid:<\/p>\n<p><strong>Heltid<\/strong><\/p>\n<p>Ansettelsesform:<\/p>\n<p><strong>Sommerjobb<\/strong><\/p>\n<p>Stillingsprosent:<\/p>\n<p><strong>100<\/strong><\/p>\n<div class=\"anchor-h2\">\n<h2 id=\"arbeidsoppgaver\">Arbeidsoppgaver<\/h2>\n<p>&nbsp;<\/p>\n<\/div>\n<p class=\"noSpacingAbove spacingBelow\" data-text-type=\"noSpacing\">Vi ser etter deg som vil v\u00e6re med \u00e5:<\/p>\n<ul class=\"customListStyle\">\n<li data-list-item-id=\"e33fc05e330aebc1dddaaa6f2a78d859a\">gi v\u00e5re beboere en trygg og god hverdag<\/li>\n<li data-list-item-id=\"e67269e4ebeb09e54c1d8dfe7c30eaa33\">gi god omsorg, stell og pleie<\/li>\n<li data-list-item-id=\"eac0bc9b8e8700972179a750fb12141fe\">ivareta beboernes identitet, egenverd og selvstendighet<\/li>\n<li data-list-item-id=\"e137a4a419a565d5a1a85a4ddaaf6e8b1\">v\u00e6re deltagende i milj\u00f8behandling\/aktiviteter<\/li>\n<\/ul>\n<div class=\"anchor-h2\">\n<h2 id=\"kvalifikasjoner\">Kvalifikasjoner<\/h2>\n<p>&nbsp;<\/p>\n<\/div>\n<p class=\"noSpacingAbove spacingBelow\" data-text-type=\"noSpacing\"><u>Du m\u00e5:<\/u><\/p>\n<ul class=\"customListStyle\">\n<li data-list-item-id=\"eabe1ae1a44dea01e52bcf72f4e978f7b\">behersker godt norsk, b\u00e5de muntlig og skriftlig, minimum best\u00e5tt niv\u00e5 B1<\/li>\n<li data-list-item-id=\"e39f327429a9beb7256c72ac9f24e2b93\">ha gode kommunikasjonsevner<\/li>\n<li data-list-item-id=\"e09f46588d8ce38c2879dc05705469ee8\">v\u00e6re fylt 18 \u00e5r<\/li>\n<\/ul>\n<p class=\"noSpacingAbove spacingBelow\" data-text-type=\"noSpacing\">\u00d8nskelig med erfaring fra arbeid blant eldre, men ingen krav<\/p>\n<div class=\"anchor-h2\">\n<h2 id=\"personlige-egenskaper\">Personlige egenskaper<\/h2>\n<p>&nbsp;<\/p>\n<\/div>\n<p class=\"noSpacingAbove spacingBelow\" data-text-type=\"noSpacing\"><u>Du m\u00e5:\u00a0<\/u><\/p>\n<ul class=\"customListStyle\">\n<li data-list-item-id=\"e408dac705eff4faa7728fe73596af915\">v\u00e6re positiv og engasjerende<\/li>\n<li data-list-item-id=\"e941432603232717937cc9b69e44175d2\">ha et smittende godt hum\u00f8r<\/li>\n<li data-list-item-id=\"e691d74aa91ef11aedb1d40b9bfc9509d\">like \u00e5 &laquo;ta i et tak&raquo;<\/li>\n<li data-list-item-id=\"e0222214794c0afae117dfafe6a71e567\">v\u00e6re fleksibel, god p\u00e5 samarbeid og \u00f8nsker \u00e5 bidra til et godt arbeidsmilj\u00f8<\/li>\n<li data-list-item-id=\"e77b76cf9de2dcfdb00a01eec149f493b\">Personlig egnethet vil bli vektlagt<\/li>\n<li data-list-item-id=\"eb84d1222bfa835be74df2c27dbb68f5c\"><a href=\"https:\/\/www.haraldsplass.org\/stiftelsen\/om-oss\/oppdrag-og-visjon\/\">S\u00f8kere m\u00e5 v\u00e6re lojal mot\u00a0stiftelsens verdigrunnlag<\/a><\/li>\n<\/ul>\n<div class=\"anchor-h2\">\n<h2 id=\"vi-tilbyr\">Vi tilbyr<\/h2>\n<p>&nbsp;<\/p>\n<\/div>\n<ul class=\"customListStyle\">\n<li data-list-item-id=\"ea83240b6c57064beda7da68eef631d8a\">Dyktige kollegaer og et positivt og trivelig arbeidsmilj\u00f8.<\/li>\n<li data-list-item-id=\"ede9346e6eb3906dbe8989d60ffade0cf\">Spennende, utfordrende og mangfoldige arbeidsoppgaver.<\/li>\n<li data-list-item-id=\"e84d8ea69fa2c67dd1888d71a8e26133d\">\u00c5penhet for nytenkning og utradisjonelle ideer.<\/li>\n<li data-list-item-id=\"e5235215c6c0a2a6cdc0c9ff2b6dc3ff0\">L\u00f8nn etter gjeldende regulativ.<\/li>\n<li data-list-item-id=\"e9e416698bf4c2986a7d8d437b9eb90f9\">Sterkt faglig milj\u00f8, og samarbeid med\u00a0<a href=\"https:\/\/www.haraldsplass.no\/\">Haraldsplass Diakonale Sykehus<\/a>,\u00a0<a href=\"https:\/\/www.vid.no\/\">VID vitenskapelige h\u00f8gskole<\/a>\u00a0og\u00a0<a href=\"https:\/\/www.haraldsplass.org\/domkirkehjemmet\/\">Domkirkehjemmet.<\/a><\/li>\n<li data-list-item-id=\"ead6ced1d509619343be71aa93253c8cd\">\n<p class=\"noSpacingAbove spacingBelow\" data-text-type=\"withSpacing\">\n<\/li>\n<li data-list-item-id=\"e0d53562ca752bc4c2e3efc27d8a25b0b\">\n<div class=\"anchor-h2\">\n<h2 id=\"kontaktinformasjon\">Kontaktinformasjon<\/h2>\n<p>&nbsp;<\/p>\n<\/div>\n<p>&nbsp;<\/li>\n<li data-list-item-id=\"ef850e5064e7dd7de632a1826593020ae\"><strong>Armina Amookhteh\u00a0<\/strong>Sykepleiefaglig leder\u00a0<a href=\"tel:53032007\">Telefon:53032007<\/a>\n<p class=\"noSpacingAbove spacingBelow\" data-text-type=\"withSpacing\">E-post:armina.amookhteh@siljuslatten.no<\/p>\n<p>&nbsp;<\/p>\n<p><strong>Marion Ytre-Arne Kvamme<\/strong>Institusjonssjef p\u00e5 Siljusl\u00e5tten sykehjem\u00a0<a href=\"tel:+4792437474\">Telefon:+47 924 37 474<\/a><\/p>\n<p class=\"noSpacingAbove spacingBelow\" data-text-type=\"withSpacing\">E-post:marion.kvamme@siljuslatten.no<\/p>\n<p>S\u00f8knader blir behandlet fortl\u00f8pende.<\/li>\n<\/ul>\n<h3><\/h3>\n<h3>Vil du v\u00e6re med \u00e5 skape fremtidens eldreomsorg? Ta gjerne kontakt med oss, vi har bruk for deg! Send \u00e5pen s\u00f8knad med beskrivelse om du \u00f8nsker fast stilling, v\u00e6re ferievikar eller ringevikar.<\/h3>\n<h3><\/h3>\n[\/vc_column_text][divider line_type=&raquo;No Line&raquo; custom_height=&raquo;20&#8243;][\/vc_column][vc_column column_padding=&raquo;no-extra-padding&raquo; column_padding_tablet=&raquo;inherit&raquo; column_padding_phone=&raquo;inherit&raquo; column_padding_position=&raquo;all&raquo; column_element_direction_desktop=&raquo;default&raquo; column_element_spacing=&raquo;default&raquo; desktop_text_alignment=&raquo;default&raquo; tablet_text_alignment=&raquo;default&raquo; phone_text_alignment=&raquo;default&raquo; background_color_opacity=&raquo;1&#8243; background_hover_color_opacity=&raquo;1&#8243; column_backdrop_filter=&raquo;none&raquo; column_shadow=&raquo;none&raquo; column_border_radius=&raquo;none&raquo; column_link_target=&raquo;_self&raquo; column_position=&raquo;default&raquo; gradient_direction=&raquo;left_to_right&raquo; overlay_strength=&raquo;0.3&#8243; width=&raquo;1\/6&#8243; tablet_width_inherit=&raquo;default&raquo; animation_type=&raquo;default&raquo; bg_image_animation=&raquo;none&raquo; border_type=&raquo;simple&raquo; column_border_width=&raquo;none&raquo; column_border_style=&raquo;solid&raquo;][\/vc_column][\/vc_row][vc_row type=&raquo;in_container&raquo; full_screen_row_position=&raquo;middle&raquo; column_margin=&raquo;default&raquo; column_direction=&raquo;default&raquo; column_direction_tablet=&raquo;default&raquo; column_direction_phone=&raquo;default&raquo; scene_position=&raquo;center&raquo; text_color=&raquo;dark&raquo; text_align=&raquo;left&raquo; row_border_radius=&raquo;none&raquo; row_border_radius_applies=&raquo;bg&raquo; overflow=&raquo;visible&raquo; class=&raquo;inngangsboks-cols-6&#8243; overlay_strength=&raquo;0.3&#8243; gradient_direction=&raquo;left_to_right&raquo; shape_divider_position=&raquo;bottom&raquo; bg_image_animation=&raquo;none&raquo; shape_type=&raquo;&raquo;][vc_column column_padding=&raquo;no-extra-padding&raquo; column_padding_tablet=&raquo;inherit&raquo; column_padding_phone=&raquo;inherit&raquo; column_padding_position=&raquo;all&raquo; column_element_direction_desktop=&raquo;default&raquo; column_element_spacing=&raquo;default&raquo; desktop_text_alignment=&raquo;default&raquo; tablet_text_alignment=&raquo;default&raquo; phone_text_alignment=&raquo;default&raquo; background_color_opacity=&raquo;1&#8243; background_hover_color_opacity=&raquo;1&#8243; column_backdrop_filter=&raquo;none&raquo; column_shadow=&raquo;none&raquo; column_border_radius=&raquo;none&raquo; column_link_target=&raquo;_self&raquo; column_position=&raquo;default&raquo; gradient_direction=&raquo;left_to_right&raquo; overlay_strength=&raquo;0.3&#8243; width=&raquo;1\/1&#8243; tablet_width_inherit=&raquo;default&raquo; animation_type=&raquo;default&raquo; bg_image_animation=&raquo;none&raquo; border_type=&raquo;simple&raquo; column_border_width=&raquo;none&raquo; column_border_style=&raquo;solid&raquo;][vc_row_inner equal_height=&raquo;yes&raquo; content_placement=&raquo;middle&raquo; column_margin=&raquo;none&raquo; column_direction=&raquo;default&raquo; column_direction_tablet=&raquo;default&raquo; column_direction_phone=&raquo;default&raquo; text_align=&raquo;left&raquo; row_position=&raquo;default&raquo; row_position_tablet=&raquo;inherit&raquo; row_position_phone=&raquo;inherit&raquo; overflow=&raquo;visible&raquo; pointer_events=&raquo;all&raquo;][vc_column_inner column_padding=&raquo;padding-5-percent&raquo; column_padding_tablet=&raquo;inherit&raquo; column_padding_phone=&raquo;inherit&raquo; column_padding_position=&raquo;all&raquo; column_element_direction_desktop=&raquo;default&raquo; column_element_spacing=&raquo;default&raquo; desktop_text_alignment=&raquo;default&raquo; tablet_text_alignment=&raquo;default&raquo; phone_text_alignment=&raquo;default&raquo; background_color=&raquo;#f1f1f1&#8243; background_color_opacity=&raquo;1&#8243; background_hover_color_opacity=&raquo;1&#8243; column_backdrop_filter=&raquo;none&raquo; column_shadow=&raquo;none&raquo; column_border_radius=&raquo;none&raquo; column_link_target=&raquo;_self&raquo; overflow=&raquo;visible&raquo; gradient_direction=&raquo;left_to_right&raquo; overlay_strength=&raquo;0.3&#8243; width=&raquo;1\/1&#8243; tablet_width_inherit=&raquo;default&raquo; animation_type=&raquo;default&raquo; bg_image_animation=&raquo;none&raquo; border_type=&raquo;simple&raquo; column_border_width=&raquo;none&raquo; column_border_color=&raquo;#ff7f2f&raquo; column_border_style=&raquo;solid&raquo;][vc_column_text]\n<h2>Vi trenger dine hender<\/h2>\n[\/vc_column_text][divider line_type=&raquo;No Line&raquo; custom_height=&raquo;20&#8243;][vc_column_text]Vi s\u00f8ker frivillige som har lyst til \u00e5 gj\u00f8re en innsats p\u00e5 Siljusl\u00e5tten!<\/p>\n<p>Kontakt frivillighetskoordinator Linda-Renate Steffensen mobil: 908 04 867[\/vc_column_text][divider line_type=&raquo;No Line&raquo; custom_height=&raquo;30&#8243;][\/vc_column_inner][\/vc_row_inner][\/vc_column][\/vc_row]\n","protected":false},"excerpt":{"rendered":"<p>[vc_row type=&raquo;in_container&raquo; full_screen_row_position=&raquo;middle&raquo; column_margin=&raquo;default&raquo; column_direction=&raquo;default&raquo; column_direction_tablet=&raquo;default&raquo; column_direction_phone=&raquo;default&raquo; scene_position=&raquo;center&raquo; text_color=&raquo;dark&raquo; text_align=&raquo;left&raquo; row_border_radius=&raquo;none&raquo; row_border_radius_applies=&raquo;bg&raquo; overflow=&raquo;visible&raquo; overlay_strength=&raquo;0.3&#8243; gradient_direction=&raquo;left_to_right&raquo; shape_divider_position=&raquo;bottom&raquo; bg_image_animation=&raquo;none&raquo; shape_type=&raquo;&raquo;][vc_column column_padding=&raquo;no-extra-padding&raquo; column_padding_tablet=&raquo;inherit&raquo; column_padding_phone=&raquo;inherit&raquo; column_padding_position=&raquo;all&raquo; column_element_direction_desktop=&raquo;default&raquo; column_element_spacing=&raquo;default&raquo; desktop_text_alignment=&raquo;default&raquo; tablet_text_alignment=&raquo;default&raquo; phone_text_alignment=&raquo;default&raquo; background_color_opacity=&raquo;1&#8243; background_hover_color_opacity=&raquo;1&#8243; column_backdrop_filter=&raquo;none&raquo;&#8230;<\/p>\n","protected":false},"author":24,"featured_media":390,"parent":0,"menu_order":0,"comment_status":"closed","ping_status":"closed","template":"","meta":{"footnotes":""},"class_list":["post-52","page","type-page","status-publish","has-post-thumbnail"],"yoast_head":"<!-- This site is optimized with the Yoast SEO plugin v27.3 - https:\/\/yoast.com\/product\/yoast-seo-wordpress\/ -->\n<title>Ledige stillinger - Siljusl\u00e5tten Sykehjem<\/title>\n<meta name=\"robots\" content=\"index, follow, max-snippet:-1, max-image-preview:large, max-video-preview:-1\" \/>\n<link rel=\"canonical\" href=\"https:\/\/www.haraldsplass.org\/siljuslaatten\/ledige-stillinger\/\" \/>\n<meta property=\"og:locale\" content=\"nb_NO\" \/>\n<meta property=\"og:type\" content=\"article\" \/>\n<meta property=\"og:title\" content=\"Ledige stillinger - Siljusl\u00e5tten Sykehjem\" \/>\n<meta property=\"og:description\" content=\"[vc_row type=&raquo;in_container&raquo; full_screen_row_position=&raquo;middle&raquo; column_margin=&raquo;default&raquo; column_direction=&raquo;default&raquo; column_direction_tablet=&raquo;default&raquo; column_direction_phone=&raquo;default&raquo; scene_position=&raquo;center&raquo; text_color=&raquo;dark&raquo; text_align=&raquo;left&raquo; row_border_radius=&raquo;none&raquo; row_border_radius_applies=&raquo;bg&raquo; overflow=&raquo;visible&raquo; overlay_strength=&raquo;0.3&#8243; gradient_direction=&raquo;left_to_right&raquo; shape_divider_position=&raquo;bottom&raquo; bg_image_animation=&raquo;none&raquo; shape_type=&raquo;&raquo;][vc_column column_padding=&raquo;no-extra-padding&raquo; column_padding_tablet=&raquo;inherit&raquo; column_padding_phone=&raquo;inherit&raquo; column_padding_position=&raquo;all&raquo; column_element_direction_desktop=&raquo;default&raquo; column_element_spacing=&raquo;default&raquo; desktop_text_alignment=&raquo;default&raquo; tablet_text_alignment=&raquo;default&raquo; phone_text_alignment=&raquo;default&raquo; background_color_opacity=&raquo;1&#8243; background_hover_color_opacity=&raquo;1&#8243; column_backdrop_filter=&raquo;none&raquo;...\" \/>\n<meta property=\"og:url\" content=\"https:\/\/www.haraldsplass.org\/siljuslaatten\/ledige-stillinger\/\" \/>\n<meta property=\"og:site_name\" content=\"Siljusl\u00e5tten Sykehjem\" \/>\n<meta property=\"article:modified_time\" content=\"2026-01-20T09:03:20+00:00\" \/>\n<meta property=\"og:image\" content=\"http:\/\/www.haraldsplass.org\/siljuslaatten\/wp-content\/uploads\/sites\/6\/2026\/01\/IMG_4420-1-2.jpeg\" \/>\n\t<meta property=\"og:image:width\" content=\"2048\" \/>\n\t<meta property=\"og:image:height\" content=\"1536\" \/>\n\t<meta property=\"og:image:type\" content=\"image\/jpeg\" \/>\n<meta name=\"twitter:card\" content=\"summary_large_image\" \/>\n<meta name=\"twitter:label1\" content=\"Ansl. lesetid\" \/>\n\t<meta name=\"twitter:data1\" content=\"4 minutter\" \/>\n<script type=\"application\/ld+json\" class=\"yoast-schema-graph\">{\"@context\":\"https:\\\/\\\/schema.org\",\"@graph\":[{\"@type\":\"WebPage\",\"@id\":\"https:\\\/\\\/www.haraldsplass.org\\\/siljuslaatten\\\/ledige-stillinger\\\/\",\"url\":\"https:\\\/\\\/www.haraldsplass.org\\\/siljuslaatten\\\/ledige-stillinger\\\/\",\"name\":\"Ledige stillinger - Siljusl\u00e5tten Sykehjem\",\"isPartOf\":{\"@id\":\"https:\\\/\\\/www.haraldsplass.org\\\/siljuslaatten\\\/#website\"},\"primaryImageOfPage\":{\"@id\":\"https:\\\/\\\/www.haraldsplass.org\\\/siljuslaatten\\\/ledige-stillinger\\\/#primaryimage\"},\"image\":{\"@id\":\"https:\\\/\\\/www.haraldsplass.org\\\/siljuslaatten\\\/ledige-stillinger\\\/#primaryimage\"},\"thumbnailUrl\":\"https:\\\/\\\/www.haraldsplass.org\\\/siljuslaatten\\\/wp-content\\\/uploads\\\/sites\\\/6\\\/2026\\\/01\\\/IMG_4420-1-2.jpeg\",\"datePublished\":\"2019-02-21T09:35:57+00:00\",\"dateModified\":\"2026-01-20T09:03:20+00:00\",\"breadcrumb\":{\"@id\":\"https:\\\/\\\/www.haraldsplass.org\\\/siljuslaatten\\\/ledige-stillinger\\\/#breadcrumb\"},\"inLanguage\":\"nb-NO\",\"potentialAction\":[{\"@type\":\"ReadAction\",\"target\":[\"https:\\\/\\\/www.haraldsplass.org\\\/siljuslaatten\\\/ledige-stillinger\\\/\"]}]},{\"@type\":\"ImageObject\",\"inLanguage\":\"nb-NO\",\"@id\":\"https:\\\/\\\/www.haraldsplass.org\\\/siljuslaatten\\\/ledige-stillinger\\\/#primaryimage\",\"url\":\"https:\\\/\\\/www.haraldsplass.org\\\/siljuslaatten\\\/wp-content\\\/uploads\\\/sites\\\/6\\\/2026\\\/01\\\/IMG_4420-1-2.jpeg\",\"contentUrl\":\"https:\\\/\\\/www.haraldsplass.org\\\/siljuslaatten\\\/wp-content\\\/uploads\\\/sites\\\/6\\\/2026\\\/01\\\/IMG_4420-1-2.jpeg\",\"width\":2048,\"height\":1536,\"caption\":\"Siljusl\u00e5tten sykehjem\"},{\"@type\":\"BreadcrumbList\",\"@id\":\"https:\\\/\\\/www.haraldsplass.org\\\/siljuslaatten\\\/ledige-stillinger\\\/#breadcrumb\",\"itemListElement\":[{\"@type\":\"ListItem\",\"position\":1,\"name\":\"Hjem\",\"item\":\"https:\\\/\\\/www.haraldsplass.org\\\/siljuslaatten\\\/\"},{\"@type\":\"ListItem\",\"position\":2,\"name\":\"Ledige stillinger\"}]},{\"@type\":\"WebSite\",\"@id\":\"https:\\\/\\\/www.haraldsplass.org\\\/siljuslaatten\\\/#website\",\"url\":\"https:\\\/\\\/www.haraldsplass.org\\\/siljuslaatten\\\/\",\"name\":\"Siljusl\u00e5tten Sykehjem\",\"description\":\"\",\"potentialAction\":[{\"@type\":\"SearchAction\",\"target\":{\"@type\":\"EntryPoint\",\"urlTemplate\":\"https:\\\/\\\/www.haraldsplass.org\\\/siljuslaatten\\\/?s={search_term_string}\"},\"query-input\":{\"@type\":\"PropertyValueSpecification\",\"valueRequired\":true,\"valueName\":\"search_term_string\"}}],\"inLanguage\":\"nb-NO\"}]}<\/script>\n<!-- \/ Yoast SEO plugin. -->","yoast_head_json":{"title":"Ledige stillinger - Siljusl\u00e5tten Sykehjem","robots":{"index":"index","follow":"follow","max-snippet":"max-snippet:-1","max-image-preview":"max-image-preview:large","max-video-preview":"max-video-preview:-1"},"canonical":"https:\/\/www.haraldsplass.org\/siljuslaatten\/ledige-stillinger\/","og_locale":"nb_NO","og_type":"article","og_title":"Ledige stillinger - Siljusl\u00e5tten Sykehjem","og_description":"[vc_row type=&raquo;in_container&raquo; full_screen_row_position=&raquo;middle&raquo; column_margin=&raquo;default&raquo; column_direction=&raquo;default&raquo; column_direction_tablet=&raquo;default&raquo; column_direction_phone=&raquo;default&raquo; scene_position=&raquo;center&raquo; text_color=&raquo;dark&raquo; text_align=&raquo;left&raquo; row_border_radius=&raquo;none&raquo; row_border_radius_applies=&raquo;bg&raquo; overflow=&raquo;visible&raquo; overlay_strength=&raquo;0.3&#8243; gradient_direction=&raquo;left_to_right&raquo; shape_divider_position=&raquo;bottom&raquo; bg_image_animation=&raquo;none&raquo; shape_type=&raquo;&raquo;][vc_column column_padding=&raquo;no-extra-padding&raquo; column_padding_tablet=&raquo;inherit&raquo; column_padding_phone=&raquo;inherit&raquo; column_padding_position=&raquo;all&raquo; column_element_direction_desktop=&raquo;default&raquo; column_element_spacing=&raquo;default&raquo; desktop_text_alignment=&raquo;default&raquo; tablet_text_alignment=&raquo;default&raquo; phone_text_alignment=&raquo;default&raquo; background_color_opacity=&raquo;1&#8243; background_hover_color_opacity=&raquo;1&#8243; column_backdrop_filter=&raquo;none&raquo;...","og_url":"https:\/\/www.haraldsplass.org\/siljuslaatten\/ledige-stillinger\/","og_site_name":"Siljusl\u00e5tten Sykehjem","article_modified_time":"2026-01-20T09:03:20+00:00","og_image":[{"width":2048,"height":1536,"url":"http:\/\/www.haraldsplass.org\/siljuslaatten\/wp-content\/uploads\/sites\/6\/2026\/01\/IMG_4420-1-2.jpeg","type":"image\/jpeg"}],"twitter_card":"summary_large_image","twitter_misc":{"Ansl. lesetid":"4 minutter"},"schema":{"@context":"https:\/\/schema.org","@graph":[{"@type":"WebPage","@id":"https:\/\/www.haraldsplass.org\/siljuslaatten\/ledige-stillinger\/","url":"https:\/\/www.haraldsplass.org\/siljuslaatten\/ledige-stillinger\/","name":"Ledige stillinger - Siljusl\u00e5tten Sykehjem","isPartOf":{"@id":"https:\/\/www.haraldsplass.org\/siljuslaatten\/#website"},"primaryImageOfPage":{"@id":"https:\/\/www.haraldsplass.org\/siljuslaatten\/ledige-stillinger\/#primaryimage"},"image":{"@id":"https:\/\/www.haraldsplass.org\/siljuslaatten\/ledige-stillinger\/#primaryimage"},"thumbnailUrl":"https:\/\/www.haraldsplass.org\/siljuslaatten\/wp-content\/uploads\/sites\/6\/2026\/01\/IMG_4420-1-2.jpeg","datePublished":"2019-02-21T09:35:57+00:00","dateModified":"2026-01-20T09:03:20+00:00","breadcrumb":{"@id":"https:\/\/www.haraldsplass.org\/siljuslaatten\/ledige-stillinger\/#breadcrumb"},"inLanguage":"nb-NO","potentialAction":[{"@type":"ReadAction","target":["https:\/\/www.haraldsplass.org\/siljuslaatten\/ledige-stillinger\/"]}]},{"@type":"ImageObject","inLanguage":"nb-NO","@id":"https:\/\/www.haraldsplass.org\/siljuslaatten\/ledige-stillinger\/#primaryimage","url":"https:\/\/www.haraldsplass.org\/siljuslaatten\/wp-content\/uploads\/sites\/6\/2026\/01\/IMG_4420-1-2.jpeg","contentUrl":"https:\/\/www.haraldsplass.org\/siljuslaatten\/wp-content\/uploads\/sites\/6\/2026\/01\/IMG_4420-1-2.jpeg","width":2048,"height":1536,"caption":"Siljusl\u00e5tten sykehjem"},{"@type":"BreadcrumbList","@id":"https:\/\/www.haraldsplass.org\/siljuslaatten\/ledige-stillinger\/#breadcrumb","itemListElement":[{"@type":"ListItem","position":1,"name":"Hjem","item":"https:\/\/www.haraldsplass.org\/siljuslaatten\/"},{"@type":"ListItem","position":2,"name":"Ledige stillinger"}]},{"@type":"WebSite","@id":"https:\/\/www.haraldsplass.org\/siljuslaatten\/#website","url":"https:\/\/www.haraldsplass.org\/siljuslaatten\/","name":"Siljusl\u00e5tten Sykehjem","description":"","potentialAction":[{"@type":"SearchAction","target":{"@type":"EntryPoint","urlTemplate":"https:\/\/www.haraldsplass.org\/siljuslaatten\/?s={search_term_string}"},"query-input":{"@type":"PropertyValueSpecification","valueRequired":true,"valueName":"search_term_string"}}],"inLanguage":"nb-NO"}]}},"_links":{"self":[{"href":"https:\/\/www.haraldsplass.org\/siljuslaatten\/wp-json\/wp\/v2\/pages\/52","targetHints":{"allow":["GET"]}}],"collection":[{"href":"https:\/\/www.haraldsplass.org\/siljuslaatten\/wp-json\/wp\/v2\/pages"}],"about":[{"href":"https:\/\/www.haraldsplass.org\/siljuslaatten\/wp-json\/wp\/v2\/types\/page"}],"author":[{"embeddable":true,"href":"https:\/\/www.haraldsplass.org\/siljuslaatten\/wp-json\/wp\/v2\/users\/24"}],"replies":[{"embeddable":true,"href":"https:\/\/www.haraldsplass.org\/siljuslaatten\/wp-json\/wp\/v2\/comments?post=52"}],"version-history":[{"count":0,"href":"https:\/\/www.haraldsplass.org\/siljuslaatten\/wp-json\/wp\/v2\/pages\/52\/revisions"}],"wp:featuredmedia":[{"embeddable":true,"href":"https:\/\/www.haraldsplass.org\/siljuslaatten\/wp-json\/wp\/v2\/media\/390"}],"wp:attachment":[{"href":"https:\/\/www.haraldsplass.org\/siljuslaatten\/wp-json\/wp\/v2\/media?parent=52"}],"curies":[{"name":"wp","href":"https:\/\/api.w.org\/{rel}","templated":true}]}}