{"id":168,"date":"2025-05-07T14:48:24","date_gmt":"2025-05-07T12:48:24","guid":{"rendered":"https:\/\/www.haraldsplass.org\/slettebakken\/?page_id=168"},"modified":"2025-05-07T15:08:11","modified_gmt":"2025-05-07T13:08:11","slug":"beboertilbud","status":"publish","type":"page","link":"https:\/\/www.haraldsplass.org\/slettebakken\/beboere-og-parorende\/beboertilbud\/","title":{"rendered":"Beboertilbud"},"content":{"rendered":"[vc_row type=&raquo;in_container&raquo; full_screen_row_position=&raquo;middle&raquo; column_margin=&raquo;default&raquo; column_direction=&raquo;default&raquo; column_direction_tablet=&raquo;default&raquo; column_direction_phone=&raquo;default&raquo; scene_position=&raquo;center&raquo; text_color=&raquo;dark&raquo; text_align=&raquo;left&raquo; row_border_radius=&raquo;none&raquo; row_border_radius_applies=&raquo;bg&raquo; overflow=&raquo;visible&raquo; overlay_strength=&raquo;0.3&#8243; gradient_direction=&raquo;left_to_right&raquo; shape_divider_position=&raquo;bottom&raquo; bg_image_animation=&raquo;none&raquo;][vc_column column_padding=&raquo;no-extra-padding&raquo; column_padding_tablet=&raquo;inherit&raquo; column_padding_phone=&raquo;inherit&raquo; column_padding_position=&raquo;all&raquo; column_element_direction_desktop=&raquo;default&raquo; column_element_spacing=&raquo;default&raquo; desktop_text_alignment=&raquo;default&raquo; tablet_text_alignment=&raquo;default&raquo; phone_text_alignment=&raquo;default&raquo; background_color_opacity=&raquo;1&#8243; background_hover_color_opacity=&raquo;1&#8243; column_backdrop_filter=&raquo;none&raquo; column_shadow=&raquo;none&raquo; column_border_radius=&raquo;none&raquo; column_link_target=&raquo;_self&raquo; column_position=&raquo;default&raquo; gradient_direction=&raquo;left_to_right&raquo; overlay_strength=&raquo;0.3&#8243; width=&raquo;3\/4&#8243; tablet_width_inherit=&raquo;default&raquo; animation_type=&raquo;default&raquo; bg_image_animation=&raquo;none&raquo; border_type=&raquo;simple&raquo; column_border_width=&raquo;none&raquo; column_border_style=&raquo;solid&raquo;][vc_column_text css=&raquo;&raquo; text_direction=&raquo;default&raquo;]\n<h1>Beboertilbud<\/h1>\n[\/vc_column_text][\/vc_column][vc_column column_padding=&raquo;no-extra-padding&raquo; column_padding_tablet=&raquo;inherit&raquo; column_padding_phone=&raquo;inherit&raquo; column_padding_position=&raquo;all&raquo; column_element_direction_desktop=&raquo;default&raquo; column_element_spacing=&raquo;default&raquo; desktop_text_alignment=&raquo;default&raquo; tablet_text_alignment=&raquo;default&raquo; phone_text_alignment=&raquo;default&raquo; background_color_opacity=&raquo;1&#8243; background_hover_color_opacity=&raquo;1&#8243; column_backdrop_filter=&raquo;none&raquo; column_shadow=&raquo;none&raquo; column_border_radius=&raquo;none&raquo; column_link_target=&raquo;_self&raquo; column_position=&raquo;default&raquo; gradient_direction=&raquo;left_to_right&raquo; overlay_strength=&raquo;0.3&#8243; width=&raquo;1\/4&#8243; tablet_width_inherit=&raquo;default&raquo; animation_type=&raquo;default&raquo; bg_image_animation=&raquo;none&raquo; border_type=&raquo;simple&raquo; column_border_width=&raquo;none&raquo; column_border_style=&raquo;solid&raquo;][nectar_btn size=&raquo;medium&raquo; button_style=&raquo;regular&raquo; button_color_2=&raquo;Accent-Color&raquo; icon_family=&raquo;none&raquo; url=&raquo;https:\/\/www.haraldsplass.org\/slettebakken\/beboere-og-parorende\/parorende\/&raquo; text=&raquo;P\u00e5r\u00f8rende&raquo;][nectar_btn size=&raquo;medium&raquo; button_style=&raquo;regular&raquo; button_color_2=&raquo;Extra-Color-1&#8243; icon_family=&raquo;none&raquo; url=&raquo;https:\/\/www.haraldsplass.org\/slettebakken\/kontakt-oss\/&raquo; text=&raquo;Kontakt oss&raquo;][\/vc_column][\/vc_row][vc_row type=&raquo;in_container&raquo; full_screen_row_position=&raquo;middle&raquo; column_margin=&raquo;default&raquo; column_direction=&raquo;default&raquo; column_direction_tablet=&raquo;default&raquo; column_direction_phone=&raquo;default&raquo; scene_position=&raquo;center&raquo; text_color=&raquo;dark&raquo; text_align=&raquo;right&raquo; row_border_radius=&raquo;none&raquo; row_border_radius_applies=&raquo;bg&raquo; overflow=&raquo;visible&raquo; overlay_strength=&raquo;0.3&#8243; gradient_direction=&raquo;left_to_right&raquo; shape_divider_position=&raquo;bottom&raquo; bg_image_animation=&raquo;none&raquo; gradient_type=&raquo;default&raquo; shape_type=&raquo;&raquo;][vc_column column_padding=&raquo;no-extra-padding&raquo; column_padding_tablet=&raquo;inherit&raquo; column_padding_phone=&raquo;inherit&raquo; column_padding_position=&raquo;all&raquo; column_element_direction_desktop=&raquo;default&raquo; column_element_spacing=&raquo;default&raquo; desktop_text_alignment=&raquo;default&raquo; tablet_text_alignment=&raquo;default&raquo; phone_text_alignment=&raquo;default&raquo; background_color_opacity=&raquo;1&#8243; background_hover_color_opacity=&raquo;1&#8243; column_backdrop_filter=&raquo;none&raquo; column_shadow=&raquo;none&raquo; column_border_radius=&raquo;none&raquo; column_link_target=&raquo;_self&raquo; column_position=&raquo;default&raquo; gradient_direction=&raquo;left_to_right&raquo; overlay_strength=&raquo;0.3&#8243; width=&raquo;1\/1&#8243; tablet_width_inherit=&raquo;default&raquo; animation_type=&raquo;default&raquo; bg_image_animation=&raquo;none&raquo; border_type=&raquo;simple&raquo; column_border_width=&raquo;none&raquo; column_border_style=&raquo;solid&raquo;][divider line_type=&raquo;Full Width Line&raquo; line_thickness=&raquo;1&#8243; divider_color=&raquo;accent-color&raquo; custom_height=&raquo;40&#8243;][\/vc_column][\/vc_row][vc_row type=&raquo;in_container&raquo; full_screen_row_position=&raquo;middle&raquo; column_margin=&raquo;60px&raquo; column_direction=&raquo;default&raquo; column_direction_tablet=&raquo;default&raquo; column_direction_phone=&raquo;default&raquo; scene_position=&raquo;center&raquo; text_color=&raquo;dark&raquo; text_align=&raquo;left&raquo; row_border_radius=&raquo;none&raquo; row_border_radius_applies=&raquo;bg&raquo; overflow=&raquo;visible&raquo; overlay_strength=&raquo;0.3&#8243; gradient_direction=&raquo;left_to_right&raquo; shape_divider_position=&raquo;bottom&raquo; bg_image_animation=&raquo;none&raquo; gradient_type=&raquo;default&raquo; shape_type=&raquo;&raquo;][vc_column column_padding=&raquo;no-extra-padding&raquo; column_padding_tablet=&raquo;inherit&raquo; column_padding_phone=&raquo;inherit&raquo; column_padding_position=&raquo;all&raquo; column_element_direction_desktop=&raquo;default&raquo; column_element_spacing=&raquo;default&raquo; desktop_text_alignment=&raquo;default&raquo; tablet_text_alignment=&raquo;default&raquo; phone_text_alignment=&raquo;default&raquo; background_color_opacity=&raquo;1&#8243; background_hover_color_opacity=&raquo;1&#8243; column_backdrop_filter=&raquo;none&raquo; column_shadow=&raquo;none&raquo; column_border_radius=&raquo;none&raquo; column_link_target=&raquo;_self&raquo; column_position=&raquo;default&raquo; gradient_direction=&raquo;left_to_right&raquo; overlay_strength=&raquo;0.3&#8243; width=&raquo;1\/2&#8243; tablet_width_inherit=&raquo;default&raquo; animation_type=&raquo;default&raquo; bg_image_animation=&raquo;none&raquo; border_type=&raquo;simple&raquo; column_border_width=&raquo;none&raquo; column_border_style=&raquo;solid&raquo;][vc_column_text css=&raquo;&raquo; text_direction=&raquo;default&raquo;]\n<h2>Ny beboer<\/h2>\n<p>Bergen kommune disponerer v\u00e5re plasser gjennom forvaltningsenheten i \u00c5rstad bydel. V\u00e5re beboere kommer til oss b\u00e5de fra eget hjem, sykehus og andre institusjoner. Det er viktig for oss \u00e5 f\u00e5 en god dialog med beboer og p\u00e5r\u00f8rende fra f\u00f8rste stund. Det \u00e5 flytte er alltid en p\u00e5kjenning. Innflytting p\u00e5 en institusjonsplass kan ogs\u00e5 v\u00e6re forbundet med f\u00f8lelser rundt tap av eget hjem, og erkjennelse av \u00e5 v\u00e6re avhengig av hjelp og omsorg. Vi \u00f8nsker \u00e5 bidra med det vi kan for \u00e5 gj\u00f8re overgangen enklest mulig for alle som flyttet inn hos oss.<\/p>\n<p>Ved innflytting f\u00e5r alle heftet &laquo;Velkommen som ny beboer&raquo;. Det inneholder en del nyttig informasjon om eldresenteret. Alle v\u00e5re beboere f\u00e5r ogs\u00e5 sin spesielle kontaktperson blant de ansatte.<\/p>\n<p>M\u00e5ltidene er viktige for v\u00e5re beboere, b\u00e5de ern\u00e6ringsmessig og som en sosial opplevelse og aktivitet. Vi vektlegger at maten skal v\u00e6re fristende, og at m\u00e5ltidet skal ha ro og gi plass til samtale og samv\u00e6r.<\/p>\n<p>Arrangement og aktiviteter: Stiftelsen Slettebakken Menighets Eldresenter betaler l\u00f8nn til en aktivitetsleder i full stilling. Hennes oppgave er \u00e5 tilrettelegge felles tilbud for alle beboere, og bidra med hjelp til milj\u00f8arbeidet p\u00e5 alle avdelinger. Det foreg\u00e5r mye i l\u00f8pet av uken, og \u00e5ret p\u00e5 Slettebakken Eldresenter. Vi har ogs\u00e5 en frivillighetskoordinator som organiserer frivillige som vil hjelpe til p\u00e5 arrangement som rusleturer, trim, bakedager, deltakelse p\u00e5 arrangement.<\/p>\n<p>Fris\u00f8r og fotpleie: Eldresenteret har fris\u00f8r og fotpleier, som st\u00e5r til beboernes disposisjon. Den enkelte betaler egenandel for h\u00e5r og fotpleier. Personalet er behjelpelig med bestilling og f\u00f8lge.[\/vc_column_text][\/vc_column][vc_column column_padding=&raquo;no-extra-padding&raquo; column_padding_tablet=&raquo;inherit&raquo; column_padding_phone=&raquo;inherit&raquo; column_padding_position=&raquo;all&raquo; column_element_direction_desktop=&raquo;default&raquo; column_element_spacing=&raquo;default&raquo; desktop_text_alignment=&raquo;default&raquo; tablet_text_alignment=&raquo;default&raquo; phone_text_alignment=&raquo;default&raquo; background_color_opacity=&raquo;1&#8243; background_hover_color_opacity=&raquo;1&#8243; column_backdrop_filter=&raquo;none&raquo; column_shadow=&raquo;none&raquo; column_border_radius=&raquo;none&raquo; column_link_target=&raquo;_self&raquo; column_position=&raquo;default&raquo; gradient_direction=&raquo;left_to_right&raquo; overlay_strength=&raquo;0.3&#8243; width=&raquo;1\/2&#8243; tablet_width_inherit=&raquo;default&raquo; animation_type=&raquo;default&raquo; bg_image_animation=&raquo;none&raquo; border_type=&raquo;simple&raquo; column_border_width=&raquo;none&raquo; column_border_style=&raquo;solid&raquo;][vc_column_text css=&raquo;&raquo; text_direction=&raquo;default&raquo;]\n<h2>Arrangement &amp; aktiviteter<\/h2>\n<p>Stiftelsen Slettebakken Menighets Eldresenter betaler l\u00f8nn til en aktivitetsleder i full stilling. Hennes oppgave er \u00e5 tilrettelegge felles tilbud for alle beboere, og bidra med hjelp til milj\u00f8arbeidet p\u00e5 alle avdelinger. Det foreg\u00e5r mye i l\u00f8pet av uken, og \u00e5ret p\u00e5 Slettebakken Eldresenter. Her kan du lese mer om v\u00e5re tilbud p\u00e5 dette omr\u00e5det.<\/p>\n<h3>Hjerterommet<\/h3>\n<p>I tredje etasje ligger Hjerterommet. Der kan det dekkes til 60 personer. Det kan leies for \u00e5 feire runde dager. Kontoret tar i mot bestilling.<\/p>\n<h3>Kulturelle tilbud<\/h3>\n<p>V\u00e5r aktivitetsleder &laquo;booker&raquo; inn kunstnere som tilbyr ulike former for underholdning og opplevelser. Tilbakemeldinger fra beboerne er veiledende for hva som bestilles inn, men vi pr\u00f8ver ogs\u00e5 nye akt\u00f8rer for \u00e5 se hvilke impulser de kan gi. Bergen kulturelle spaserstokk har bidratt med spennende tilbud til alle eldreinstitusjoner.<\/p>\n<h3>Fester<\/h3>\n<p>To ganger i \u00e5ret lar vi beboerne invitere sine p\u00e5r\u00f8rende til festlig lag p\u00e5 de enkelte avdelingene. Vi blir rundt 260 mennesker p\u00e5 disse dagene, og alle hygger seg med god mat, samv\u00e6r og selvf\u00f8lgelig loddsalg. Inntektene fra dette g\u00e5r tilbake til milj\u00f8arbeidet for beboerne. R\u00f8de Kors arrangerer ogs\u00e5 en stor fest for beboerne hvert \u00e5r. I tillegg har beboerne og personalet en tradisjonell julemiddag sammen, og blir det fint v\u00e6r lager vi en grillfest i hagene v\u00e5re!<\/p>\n<h3>Turer<\/h3>\n<p>V\u00e5r aktivitetsleder arrangerer turer ut for beboerne i n\u00e6romr\u00e5det, personalet tar ogs\u00e5 med seg enkelt beboere p\u00e5 handleturer o.l.[\/vc_column_text][\/vc_column][\/vc_row]\n","protected":false},"excerpt":{"rendered":"<p>[vc_row type=&raquo;in_container&raquo; full_screen_row_position=&raquo;middle&raquo; column_margin=&raquo;default&raquo; column_direction=&raquo;default&raquo; column_direction_tablet=&raquo;default&raquo; column_direction_phone=&raquo;default&raquo; scene_position=&raquo;center&raquo; text_color=&raquo;dark&raquo; text_align=&raquo;left&raquo; row_border_radius=&raquo;none&raquo; row_border_radius_applies=&raquo;bg&raquo; overflow=&raquo;visible&raquo; overlay_strength=&raquo;0.3&#8243; gradient_direction=&raquo;left_to_right&raquo; shape_divider_position=&raquo;bottom&raquo; bg_image_animation=&raquo;none&raquo;][vc_column column_padding=&raquo;no-extra-padding&raquo; column_padding_tablet=&raquo;inherit&raquo; column_padding_phone=&raquo;inherit&raquo; column_padding_position=&raquo;all&raquo; column_element_direction_desktop=&raquo;default&raquo; column_element_spacing=&raquo;default&raquo; desktop_text_alignment=&raquo;default&raquo; tablet_text_alignment=&raquo;default&raquo; phone_text_alignment=&raquo;default&raquo; background_color_opacity=&raquo;1&#8243; background_hover_color_opacity=&raquo;1&#8243; column_backdrop_filter=&raquo;none&raquo; column_shadow=&raquo;none&raquo;&#8230;<\/p>\n","protected":false},"author":3,"featured_media":163,"parent":166,"menu_order":0,"comment_status":"closed","ping_status":"closed","template":"","meta":{"footnotes":""},"class_list":["post-168","page","type-page","status-publish","has-post-thumbnail"],"yoast_head":"<!-- This site is optimized with the Yoast SEO plugin v27.5 - https:\/\/yoast.com\/product\/yoast-seo-wordpress\/ -->\n<title>Beboertilbud - Slettebakken Menighets Eldresenter<\/title>\n<meta name=\"robots\" content=\"noindex, follow, max-snippet:-1, max-image-preview:large, max-video-preview:-1\" \/>\n<meta property=\"og:locale\" content=\"nb_NO\" \/>\n<meta property=\"og:type\" content=\"article\" \/>\n<meta property=\"og:title\" content=\"Beboertilbud - Slettebakken Menighets Eldresenter\" \/>\n<meta property=\"og:description\" content=\"[vc_row type=&raquo;in_container&raquo; full_screen_row_position=&raquo;middle&raquo; column_margin=&raquo;default&raquo; column_direction=&raquo;default&raquo; column_direction_tablet=&raquo;default&raquo; column_direction_phone=&raquo;default&raquo; scene_position=&raquo;center&raquo; text_color=&raquo;dark&raquo; text_align=&raquo;left&raquo; row_border_radius=&raquo;none&raquo; row_border_radius_applies=&raquo;bg&raquo; overflow=&raquo;visible&raquo; overlay_strength=&raquo;0.3&#8243; gradient_direction=&raquo;left_to_right&raquo; shape_divider_position=&raquo;bottom&raquo; bg_image_animation=&raquo;none&raquo;][vc_column column_padding=&raquo;no-extra-padding&raquo; column_padding_tablet=&raquo;inherit&raquo; column_padding_phone=&raquo;inherit&raquo; column_padding_position=&raquo;all&raquo; column_element_direction_desktop=&raquo;default&raquo; column_element_spacing=&raquo;default&raquo; desktop_text_alignment=&raquo;default&raquo; tablet_text_alignment=&raquo;default&raquo; phone_text_alignment=&raquo;default&raquo; background_color_opacity=&raquo;1&#8243; background_hover_color_opacity=&raquo;1&#8243; column_backdrop_filter=&raquo;none&raquo; column_shadow=&raquo;none&raquo;...\" \/>\n<meta property=\"og:url\" content=\"https:\/\/www.haraldsplass.org\/slettebakken\/beboere-og-parorende\/beboertilbud\/\" \/>\n<meta property=\"og:site_name\" content=\"Slettebakken Menighets Eldresenter\" \/>\n<meta property=\"article:modified_time\" content=\"2025-05-07T13:08:11+00:00\" \/>\n<meta property=\"og:image\" content=\"http:\/\/www.haraldsplass.org\/slettebakken\/wp-content\/uploads\/sites\/9\/2025\/05\/C30EF79D98044B5B914C313FCF473390.jpg\" \/>\n\t<meta property=\"og:image:width\" content=\"443\" \/>\n\t<meta property=\"og:image:height\" content=\"591\" \/>\n\t<meta property=\"og:image:type\" content=\"image\/jpeg\" \/>\n<meta name=\"twitter:card\" content=\"summary_large_image\" \/>\n<meta name=\"twitter:label1\" content=\"Ansl. lesetid\" \/>\n\t<meta name=\"twitter:data1\" content=\"4 minutter\" \/>\n<script type=\"application\/ld+json\" class=\"yoast-schema-graph\">{\"@context\":\"https:\\\/\\\/schema.org\",\"@graph\":[{\"@type\":\"WebPage\",\"@id\":\"https:\\\/\\\/www.haraldsplass.org\\\/slettebakken\\\/beboere-og-parorende\\\/beboertilbud\\\/\",\"url\":\"https:\\\/\\\/www.haraldsplass.org\\\/slettebakken\\\/beboere-og-parorende\\\/beboertilbud\\\/\",\"name\":\"Beboertilbud - Slettebakken Menighets Eldresenter\",\"isPartOf\":{\"@id\":\"https:\\\/\\\/www.haraldsplass.org\\\/slettebakken\\\/#website\"},\"primaryImageOfPage\":{\"@id\":\"https:\\\/\\\/www.haraldsplass.org\\\/slettebakken\\\/beboere-og-parorende\\\/beboertilbud\\\/#primaryimage\"},\"image\":{\"@id\":\"https:\\\/\\\/www.haraldsplass.org\\\/slettebakken\\\/beboere-og-parorende\\\/beboertilbud\\\/#primaryimage\"},\"thumbnailUrl\":\"https:\\\/\\\/www.haraldsplass.org\\\/slettebakken\\\/wp-content\\\/uploads\\\/sites\\\/9\\\/2025\\\/05\\\/C30EF79D98044B5B914C313FCF473390.jpg\",\"datePublished\":\"2025-05-07T12:48:24+00:00\",\"dateModified\":\"2025-05-07T13:08:11+00:00\",\"breadcrumb\":{\"@id\":\"https:\\\/\\\/www.haraldsplass.org\\\/slettebakken\\\/beboere-og-parorende\\\/beboertilbud\\\/#breadcrumb\"},\"inLanguage\":\"nb-NO\",\"potentialAction\":[{\"@type\":\"ReadAction\",\"target\":[\"https:\\\/\\\/www.haraldsplass.org\\\/slettebakken\\\/beboere-og-parorende\\\/beboertilbud\\\/\"]}]},{\"@type\":\"ImageObject\",\"inLanguage\":\"nb-NO\",\"@id\":\"https:\\\/\\\/www.haraldsplass.org\\\/slettebakken\\\/beboere-og-parorende\\\/beboertilbud\\\/#primaryimage\",\"url\":\"https:\\\/\\\/www.haraldsplass.org\\\/slettebakken\\\/wp-content\\\/uploads\\\/sites\\\/9\\\/2025\\\/05\\\/C30EF79D98044B5B914C313FCF473390.jpg\",\"contentUrl\":\"https:\\\/\\\/www.haraldsplass.org\\\/slettebakken\\\/wp-content\\\/uploads\\\/sites\\\/9\\\/2025\\\/05\\\/C30EF79D98044B5B914C313FCF473390.jpg\",\"width\":443,\"height\":591},{\"@type\":\"BreadcrumbList\",\"@id\":\"https:\\\/\\\/www.haraldsplass.org\\\/slettebakken\\\/beboere-og-parorende\\\/beboertilbud\\\/#breadcrumb\",\"itemListElement\":[{\"@type\":\"ListItem\",\"position\":1,\"name\":\"Hjem\",\"item\":\"https:\\\/\\\/www.haraldsplass.org\\\/slettebakken\\\/\"},{\"@type\":\"ListItem\",\"position\":2,\"name\":\"Beboere og p\u00e5r\u00f8rende\",\"item\":\"https:\\\/\\\/www.haraldsplass.org\\\/slettebakken\\\/beboere-og-parorende\\\/\"},{\"@type\":\"ListItem\",\"position\":3,\"name\":\"Beboertilbud\"}]},{\"@type\":\"WebSite\",\"@id\":\"https:\\\/\\\/www.haraldsplass.org\\\/slettebakken\\\/#website\",\"url\":\"https:\\\/\\\/www.haraldsplass.org\\\/slettebakken\\\/\",\"name\":\"Slettebakken Menighets Eldresenter\",\"description\":\"\",\"potentialAction\":[{\"@type\":\"SearchAction\",\"target\":{\"@type\":\"EntryPoint\",\"urlTemplate\":\"https:\\\/\\\/www.haraldsplass.org\\\/slettebakken\\\/?s={search_term_string}\"},\"query-input\":{\"@type\":\"PropertyValueSpecification\",\"valueRequired\":true,\"valueName\":\"search_term_string\"}}],\"inLanguage\":\"nb-NO\"}]}<\/script>\n<!-- \/ Yoast SEO plugin. -->","yoast_head_json":{"title":"Beboertilbud - Slettebakken Menighets Eldresenter","robots":{"index":"noindex","follow":"follow","max-snippet":"max-snippet:-1","max-image-preview":"max-image-preview:large","max-video-preview":"max-video-preview:-1"},"og_locale":"nb_NO","og_type":"article","og_title":"Beboertilbud - Slettebakken Menighets Eldresenter","og_description":"[vc_row type=&raquo;in_container&raquo; full_screen_row_position=&raquo;middle&raquo; column_margin=&raquo;default&raquo; column_direction=&raquo;default&raquo; column_direction_tablet=&raquo;default&raquo; column_direction_phone=&raquo;default&raquo; scene_position=&raquo;center&raquo; text_color=&raquo;dark&raquo; text_align=&raquo;left&raquo; row_border_radius=&raquo;none&raquo; row_border_radius_applies=&raquo;bg&raquo; overflow=&raquo;visible&raquo; overlay_strength=&raquo;0.3&#8243; gradient_direction=&raquo;left_to_right&raquo; shape_divider_position=&raquo;bottom&raquo; bg_image_animation=&raquo;none&raquo;][vc_column column_padding=&raquo;no-extra-padding&raquo; column_padding_tablet=&raquo;inherit&raquo; column_padding_phone=&raquo;inherit&raquo; column_padding_position=&raquo;all&raquo; column_element_direction_desktop=&raquo;default&raquo; column_element_spacing=&raquo;default&raquo; desktop_text_alignment=&raquo;default&raquo; tablet_text_alignment=&raquo;default&raquo; phone_text_alignment=&raquo;default&raquo; background_color_opacity=&raquo;1&#8243; background_hover_color_opacity=&raquo;1&#8243; column_backdrop_filter=&raquo;none&raquo; column_shadow=&raquo;none&raquo;...","og_url":"https:\/\/www.haraldsplass.org\/slettebakken\/beboere-og-parorende\/beboertilbud\/","og_site_name":"Slettebakken Menighets Eldresenter","article_modified_time":"2025-05-07T13:08:11+00:00","og_image":[{"width":443,"height":591,"url":"http:\/\/www.haraldsplass.org\/slettebakken\/wp-content\/uploads\/sites\/9\/2025\/05\/C30EF79D98044B5B914C313FCF473390.jpg","type":"image\/jpeg"}],"twitter_card":"summary_large_image","twitter_misc":{"Ansl. lesetid":"4 minutter"},"schema":{"@context":"https:\/\/schema.org","@graph":[{"@type":"WebPage","@id":"https:\/\/www.haraldsplass.org\/slettebakken\/beboere-og-parorende\/beboertilbud\/","url":"https:\/\/www.haraldsplass.org\/slettebakken\/beboere-og-parorende\/beboertilbud\/","name":"Beboertilbud - Slettebakken Menighets Eldresenter","isPartOf":{"@id":"https:\/\/www.haraldsplass.org\/slettebakken\/#website"},"primaryImageOfPage":{"@id":"https:\/\/www.haraldsplass.org\/slettebakken\/beboere-og-parorende\/beboertilbud\/#primaryimage"},"image":{"@id":"https:\/\/www.haraldsplass.org\/slettebakken\/beboere-og-parorende\/beboertilbud\/#primaryimage"},"thumbnailUrl":"https:\/\/www.haraldsplass.org\/slettebakken\/wp-content\/uploads\/sites\/9\/2025\/05\/C30EF79D98044B5B914C313FCF473390.jpg","datePublished":"2025-05-07T12:48:24+00:00","dateModified":"2025-05-07T13:08:11+00:00","breadcrumb":{"@id":"https:\/\/www.haraldsplass.org\/slettebakken\/beboere-og-parorende\/beboertilbud\/#breadcrumb"},"inLanguage":"nb-NO","potentialAction":[{"@type":"ReadAction","target":["https:\/\/www.haraldsplass.org\/slettebakken\/beboere-og-parorende\/beboertilbud\/"]}]},{"@type":"ImageObject","inLanguage":"nb-NO","@id":"https:\/\/www.haraldsplass.org\/slettebakken\/beboere-og-parorende\/beboertilbud\/#primaryimage","url":"https:\/\/www.haraldsplass.org\/slettebakken\/wp-content\/uploads\/sites\/9\/2025\/05\/C30EF79D98044B5B914C313FCF473390.jpg","contentUrl":"https:\/\/www.haraldsplass.org\/slettebakken\/wp-content\/uploads\/sites\/9\/2025\/05\/C30EF79D98044B5B914C313FCF473390.jpg","width":443,"height":591},{"@type":"BreadcrumbList","@id":"https:\/\/www.haraldsplass.org\/slettebakken\/beboere-og-parorende\/beboertilbud\/#breadcrumb","itemListElement":[{"@type":"ListItem","position":1,"name":"Hjem","item":"https:\/\/www.haraldsplass.org\/slettebakken\/"},{"@type":"ListItem","position":2,"name":"Beboere og p\u00e5r\u00f8rende","item":"https:\/\/www.haraldsplass.org\/slettebakken\/beboere-og-parorende\/"},{"@type":"ListItem","position":3,"name":"Beboertilbud"}]},{"@type":"WebSite","@id":"https:\/\/www.haraldsplass.org\/slettebakken\/#website","url":"https:\/\/www.haraldsplass.org\/slettebakken\/","name":"Slettebakken Menighets Eldresenter","description":"","potentialAction":[{"@type":"SearchAction","target":{"@type":"EntryPoint","urlTemplate":"https:\/\/www.haraldsplass.org\/slettebakken\/?s={search_term_string}"},"query-input":{"@type":"PropertyValueSpecification","valueRequired":true,"valueName":"search_term_string"}}],"inLanguage":"nb-NO"}]}},"_links":{"self":[{"href":"https:\/\/www.haraldsplass.org\/slettebakken\/wp-json\/wp\/v2\/pages\/168","targetHints":{"allow":["GET"]}}],"collection":[{"href":"https:\/\/www.haraldsplass.org\/slettebakken\/wp-json\/wp\/v2\/pages"}],"about":[{"href":"https:\/\/www.haraldsplass.org\/slettebakken\/wp-json\/wp\/v2\/types\/page"}],"author":[{"embeddable":true,"href":"https:\/\/www.haraldsplass.org\/slettebakken\/wp-json\/wp\/v2\/users\/3"}],"replies":[{"embeddable":true,"href":"https:\/\/www.haraldsplass.org\/slettebakken\/wp-json\/wp\/v2\/comments?post=168"}],"version-history":[{"count":0,"href":"https:\/\/www.haraldsplass.org\/slettebakken\/wp-json\/wp\/v2\/pages\/168\/revisions"}],"up":[{"embeddable":true,"href":"https:\/\/www.haraldsplass.org\/slettebakken\/wp-json\/wp\/v2\/pages\/166"}],"wp:featuredmedia":[{"embeddable":true,"href":"https:\/\/www.haraldsplass.org\/slettebakken\/wp-json\/wp\/v2\/media\/163"}],"wp:attachment":[{"href":"https:\/\/www.haraldsplass.org\/slettebakken\/wp-json\/wp\/v2\/media?parent=168"}],"curies":[{"name":"wp","href":"https:\/\/api.w.org\/{rel}","templated":true}]}}