{"id":74,"date":"2025-05-05T13:25:31","date_gmt":"2025-05-05T11:25:31","guid":{"rendered":"https:\/\/www.haraldsplass.org\/slettebakken\/?page_id=74"},"modified":"2025-05-07T16:24:51","modified_gmt":"2025-05-07T14:24:51","slug":"menigheten","status":"publish","type":"page","link":"https:\/\/www.haraldsplass.org\/slettebakken\/om-oss\/menigheten\/","title":{"rendered":"Menigheten"},"content":{"rendered":"[vc_row type=&raquo;in_container&raquo; full_screen_row_position=&raquo;middle&raquo; column_margin=&raquo;default&raquo; column_direction=&raquo;default&raquo; column_direction_tablet=&raquo;default&raquo; column_direction_phone=&raquo;default&raquo; scene_position=&raquo;center&raquo; text_color=&raquo;dark&raquo; text_align=&raquo;left&raquo; row_border_radius=&raquo;none&raquo; row_border_radius_applies=&raquo;bg&raquo; overflow=&raquo;visible&raquo; overlay_strength=&raquo;0.3&#8243; gradient_direction=&raquo;left_to_right&raquo; shape_divider_position=&raquo;bottom&raquo; bg_image_animation=&raquo;none&raquo;][vc_column column_padding=&raquo;no-extra-padding&raquo; column_padding_tablet=&raquo;inherit&raquo; column_padding_phone=&raquo;inherit&raquo; column_padding_position=&raquo;all&raquo; column_element_direction_desktop=&raquo;default&raquo; column_element_spacing=&raquo;default&raquo; desktop_text_alignment=&raquo;default&raquo; tablet_text_alignment=&raquo;default&raquo; phone_text_alignment=&raquo;default&raquo; background_color_opacity=&raquo;1&#8243; background_hover_color_opacity=&raquo;1&#8243; column_backdrop_filter=&raquo;none&raquo; column_shadow=&raquo;none&raquo; column_border_radius=&raquo;none&raquo; column_link_target=&raquo;_self&raquo; column_position=&raquo;default&raquo; gradient_direction=&raquo;left_to_right&raquo; overlay_strength=&raquo;0.3&#8243; width=&raquo;3\/4&#8243; tablet_width_inherit=&raquo;default&raquo; animation_type=&raquo;default&raquo; bg_image_animation=&raquo;none&raquo; border_type=&raquo;simple&raquo; column_border_width=&raquo;none&raquo; column_border_style=&raquo;solid&raquo;][vc_column_text css=&raquo;&raquo; text_direction=&raquo;default&raquo;]\n<h1>Menigheten<\/h1>\n[\/vc_column_text][divider line_type=&raquo;No Line&raquo; custom_height=&raquo;20&#8243;][vc_column_text css=&raquo;&raquo; text_direction=&raquo;default&raquo;]\n<h3><strong>Slettebakken menighet har i 1983 stiftet Slettebakken menighets Eldersenter. Bak denne hendelsen ligger det mange \u00e5r med m\u00e5lrettet arbeid fra aktive mennesker i menigheten.<\/strong><\/h3>\n[\/vc_column_text][divider line_type=&raquo;Full Width Line&raquo; line_thickness=&raquo;1&#8243; divider_color=&raquo;accent-color&raquo; custom_height=&raquo;80&#8243;][vc_column_text css=&raquo;&raquo; text_direction=&raquo;default&raquo;]\n<h2>Historisk bakgrunn<\/h2>\n<p>Da Slettebakken kirke stod ferdig i 1972 var det noen som straks s\u00e5 seg rundt etter nye utfordringer. Sogneprest Alf Danielsen var en av dem. Han \u00f8nsket \u00e5 bruke kirkens nabotomt til eldreform\u00e5l. Dette arbeidet ble videref\u00f8rt av sogneprest Christoffer Johnsen, og endelig i 1978 fikk menigheten tomten i gave fra Bergen kommune. Forutsetningen var at den skulle brukes til eldreform\u00e5l. Reidar Bj\u00f8rk\u00e5s ledet planleggingsarbeidet, og byggeprosessen. I 1983 kunne stiftelsen Slettebakken menighet eldresenter opprettes, og et stort aldershjem med 50 plasser \u00e5pnet sine d\u00f8rer.<\/p>\n<h2>Tilknytning til Slettebakken menighet i dag<\/h2>\n<p>Eldresenteret er en selvstendig og autonom stiftelse underlagt stiftelsesloven av 2001. Slettebakken menighets formelle innflytelse p\u00e5 eldresenteret er gjennom valg av styrerepresentanter som gjennomf\u00f8res p\u00e5 det \u00e5rlige samm\u00f8te mellom stiftelsens styre, menighetsr\u00e5det og diakoniutvalget.<\/p>\n<p>Stiftelsens kristne idegrunnlag er nedfelt i vedtektene \u00a72:<br \/>\n<strong>Slettebakken menighets Eldresenter har til form\u00e5l \u00e5 gi eldre et godt sted \u00e5 v\u00e6re p\u00e5 sykehjemmet og aldersboligene. Stiftelsen ledes i samsvar med kristne verdier og et kristent menneskesyn.<\/strong><\/p>\n<p>Bergen kommune tildeler plassene gjennom v\u00e5r driftsavtale. Det er tilh\u00f8righet til bydelen som er styrende for hvor den enkelte for plass. Bergen har imidlertid fritt sykehjemsvalg slik at beboere kan \u00f8nske seg et tilbud ogs\u00e5 utifra livssyn.<\/p>\n<p>De ansatte p\u00e5 eldresenteret kan ha ulikt livssyn. Det forventes lojalitet i forhold til stiftelsens idegrunnlag. I ansettelseskontrakten blir dette underskrevet av alle.<\/p>\n<h2><strong>Praktisk samhandling med Slettebakken menighet i dag<\/strong><\/h2>\n<p>Vi ser det som sv\u00e6rt viktig at v\u00e5rt tilbud ogs\u00e5 ivaretar menneskets \u00e5ndelige behov. Det er et m\u00e5l for oss at dette ogs\u00e5 er med \u00e5 prege v\u00e5r hverdag p\u00e5 eldresenteret. Slettebakken menighet bidrar med engasjement og tilrettelegging av aktiviteter p\u00e5 en rekke omr\u00e5der;<\/p>\n<p>&#8211; Gudstjeneste<br \/>\n&#8211; Samtaler med menighetens prester etter \u00f8nske<br \/>\n&#8211; Kirkebes\u00f8k<br \/>\n&#8211; Bes\u00f8k av Slettebakken menighets barnehage<br \/>\n&#8211; Frivillige til utvalg og aktiviteter p\u00e5 eldresenteret<\/p>\n<p>Se Slettebakken menighets web-side:\u00a0<a href=\"http:\/\/www.kirken.no\/slettebakken\">www.kirken.no\/slettebakken<\/a>[\/vc_column_text][divider line_type=&raquo;No Line&raquo; custom_height=&raquo;40&#8243;][\/vc_column][vc_column column_padding=&raquo;no-extra-padding&raquo; column_padding_tablet=&raquo;inherit&raquo; column_padding_phone=&raquo;inherit&raquo; column_padding_position=&raquo;all&raquo; column_element_direction_desktop=&raquo;default&raquo; column_element_spacing=&raquo;default&raquo; desktop_text_alignment=&raquo;default&raquo; tablet_text_alignment=&raquo;default&raquo; phone_text_alignment=&raquo;default&raquo; background_color_opacity=&raquo;1&#8243; background_hover_color_opacity=&raquo;1&#8243; column_backdrop_filter=&raquo;none&raquo; column_shadow=&raquo;none&raquo; column_border_radius=&raquo;none&raquo; column_link_target=&raquo;_self&raquo; column_position=&raquo;default&raquo; gradient_direction=&raquo;left_to_right&raquo; overlay_strength=&raquo;0.3&#8243; width=&raquo;1\/4&#8243; tablet_width_inherit=&raquo;default&raquo; animation_type=&raquo;default&raquo; bg_image_animation=&raquo;none&raquo; border_type=&raquo;simple&raquo; column_border_width=&raquo;none&raquo; column_border_style=&raquo;solid&raquo;][nectar_btn size=&raquo;medium&raquo; button_style=&raquo;regular&raquo; button_color_2=&raquo;Extra-Color-1&#8243; icon_family=&raquo;none&raquo; url=&raquo;https:\/\/www.haraldsplass.org\/slettebakken\/om-oss\/&raquo; text=&raquo;Om oss&raquo;][\/vc_column][\/vc_row]\n","protected":false},"excerpt":{"rendered":"<p>[vc_row type=&raquo;in_container&raquo; full_screen_row_position=&raquo;middle&raquo; column_margin=&raquo;default&raquo; column_direction=&raquo;default&raquo; column_direction_tablet=&raquo;default&raquo; column_direction_phone=&raquo;default&raquo; scene_position=&raquo;center&raquo; text_color=&raquo;dark&raquo; text_align=&raquo;left&raquo; row_border_radius=&raquo;none&raquo; row_border_radius_applies=&raquo;bg&raquo; overflow=&raquo;visible&raquo; overlay_strength=&raquo;0.3&#8243; gradient_direction=&raquo;left_to_right&raquo; shape_divider_position=&raquo;bottom&raquo; bg_image_animation=&raquo;none&raquo;][vc_column column_padding=&raquo;no-extra-padding&raquo; column_padding_tablet=&raquo;inherit&raquo; column_padding_phone=&raquo;inherit&raquo; column_padding_position=&raquo;all&raquo; column_element_direction_desktop=&raquo;default&raquo; column_element_spacing=&raquo;default&raquo; desktop_text_alignment=&raquo;default&raquo; tablet_text_alignment=&raquo;default&raquo; phone_text_alignment=&raquo;default&raquo; background_color_opacity=&raquo;1&#8243; background_hover_color_opacity=&raquo;1&#8243; column_backdrop_filter=&raquo;none&raquo; column_shadow=&raquo;none&raquo;&#8230;<\/p>\n","protected":false},"author":3,"featured_media":0,"parent":64,"menu_order":0,"comment_status":"closed","ping_status":"closed","template":"","meta":{"footnotes":""},"class_list":["post-74","page","type-page","status-publish"],"yoast_head":"<!-- This site is optimized with the Yoast SEO plugin v27.5 - https:\/\/yoast.com\/product\/yoast-seo-wordpress\/ -->\n<title>Menigheten - Slettebakken Menighets Eldresenter<\/title>\n<meta name=\"robots\" content=\"noindex, follow, max-snippet:-1, max-image-preview:large, max-video-preview:-1\" \/>\n<meta property=\"og:locale\" content=\"nb_NO\" \/>\n<meta property=\"og:type\" content=\"article\" \/>\n<meta property=\"og:title\" content=\"Menigheten - Slettebakken Menighets Eldresenter\" \/>\n<meta property=\"og:description\" content=\"[vc_row type=&raquo;in_container&raquo; full_screen_row_position=&raquo;middle&raquo; column_margin=&raquo;default&raquo; column_direction=&raquo;default&raquo; column_direction_tablet=&raquo;default&raquo; column_direction_phone=&raquo;default&raquo; scene_position=&raquo;center&raquo; text_color=&raquo;dark&raquo; text_align=&raquo;left&raquo; row_border_radius=&raquo;none&raquo; row_border_radius_applies=&raquo;bg&raquo; overflow=&raquo;visible&raquo; overlay_strength=&raquo;0.3&#8243; gradient_direction=&raquo;left_to_right&raquo; shape_divider_position=&raquo;bottom&raquo; bg_image_animation=&raquo;none&raquo;][vc_column column_padding=&raquo;no-extra-padding&raquo; column_padding_tablet=&raquo;inherit&raquo; column_padding_phone=&raquo;inherit&raquo; column_padding_position=&raquo;all&raquo; column_element_direction_desktop=&raquo;default&raquo; column_element_spacing=&raquo;default&raquo; desktop_text_alignment=&raquo;default&raquo; tablet_text_alignment=&raquo;default&raquo; phone_text_alignment=&raquo;default&raquo; background_color_opacity=&raquo;1&#8243; background_hover_color_opacity=&raquo;1&#8243; column_backdrop_filter=&raquo;none&raquo; column_shadow=&raquo;none&raquo;...\" \/>\n<meta property=\"og:url\" content=\"https:\/\/www.haraldsplass.org\/slettebakken\/om-oss\/menigheten\/\" \/>\n<meta property=\"og:site_name\" content=\"Slettebakken Menighets Eldresenter\" \/>\n<meta property=\"article:modified_time\" content=\"2025-05-07T14:24:51+00:00\" \/>\n<meta name=\"twitter:card\" content=\"summary_large_image\" \/>\n<meta name=\"twitter:label1\" content=\"Ansl. lesetid\" \/>\n\t<meta name=\"twitter:data1\" content=\"3 minutter\" \/>\n<script type=\"application\/ld+json\" class=\"yoast-schema-graph\">{\"@context\":\"https:\\\/\\\/schema.org\",\"@graph\":[{\"@type\":\"WebPage\",\"@id\":\"https:\\\/\\\/www.haraldsplass.org\\\/slettebakken\\\/om-oss\\\/menigheten\\\/\",\"url\":\"https:\\\/\\\/www.haraldsplass.org\\\/slettebakken\\\/om-oss\\\/menigheten\\\/\",\"name\":\"Menigheten - Slettebakken Menighets Eldresenter\",\"isPartOf\":{\"@id\":\"https:\\\/\\\/www.haraldsplass.org\\\/slettebakken\\\/#website\"},\"datePublished\":\"2025-05-05T11:25:31+00:00\",\"dateModified\":\"2025-05-07T14:24:51+00:00\",\"breadcrumb\":{\"@id\":\"https:\\\/\\\/www.haraldsplass.org\\\/slettebakken\\\/om-oss\\\/menigheten\\\/#breadcrumb\"},\"inLanguage\":\"nb-NO\",\"potentialAction\":[{\"@type\":\"ReadAction\",\"target\":[\"https:\\\/\\\/www.haraldsplass.org\\\/slettebakken\\\/om-oss\\\/menigheten\\\/\"]}]},{\"@type\":\"BreadcrumbList\",\"@id\":\"https:\\\/\\\/www.haraldsplass.org\\\/slettebakken\\\/om-oss\\\/menigheten\\\/#breadcrumb\",\"itemListElement\":[{\"@type\":\"ListItem\",\"position\":1,\"name\":\"Hjem\",\"item\":\"https:\\\/\\\/www.haraldsplass.org\\\/slettebakken\\\/\"},{\"@type\":\"ListItem\",\"position\":2,\"name\":\"Om oss\",\"item\":\"https:\\\/\\\/www.haraldsplass.org\\\/slettebakken\\\/om-oss\\\/\"},{\"@type\":\"ListItem\",\"position\":3,\"name\":\"Menigheten\"}]},{\"@type\":\"WebSite\",\"@id\":\"https:\\\/\\\/www.haraldsplass.org\\\/slettebakken\\\/#website\",\"url\":\"https:\\\/\\\/www.haraldsplass.org\\\/slettebakken\\\/\",\"name\":\"Slettebakken Menighets Eldresenter\",\"description\":\"\",\"potentialAction\":[{\"@type\":\"SearchAction\",\"target\":{\"@type\":\"EntryPoint\",\"urlTemplate\":\"https:\\\/\\\/www.haraldsplass.org\\\/slettebakken\\\/?s={search_term_string}\"},\"query-input\":{\"@type\":\"PropertyValueSpecification\",\"valueRequired\":true,\"valueName\":\"search_term_string\"}}],\"inLanguage\":\"nb-NO\"}]}<\/script>\n<!-- \/ Yoast SEO plugin. -->","yoast_head_json":{"title":"Menigheten - Slettebakken Menighets Eldresenter","robots":{"index":"noindex","follow":"follow","max-snippet":"max-snippet:-1","max-image-preview":"max-image-preview:large","max-video-preview":"max-video-preview:-1"},"og_locale":"nb_NO","og_type":"article","og_title":"Menigheten - Slettebakken Menighets Eldresenter","og_description":"[vc_row type=&raquo;in_container&raquo; full_screen_row_position=&raquo;middle&raquo; column_margin=&raquo;default&raquo; column_direction=&raquo;default&raquo; column_direction_tablet=&raquo;default&raquo; column_direction_phone=&raquo;default&raquo; scene_position=&raquo;center&raquo; text_color=&raquo;dark&raquo; text_align=&raquo;left&raquo; row_border_radius=&raquo;none&raquo; row_border_radius_applies=&raquo;bg&raquo; overflow=&raquo;visible&raquo; overlay_strength=&raquo;0.3&#8243; gradient_direction=&raquo;left_to_right&raquo; shape_divider_position=&raquo;bottom&raquo; bg_image_animation=&raquo;none&raquo;][vc_column column_padding=&raquo;no-extra-padding&raquo; column_padding_tablet=&raquo;inherit&raquo; column_padding_phone=&raquo;inherit&raquo; column_padding_position=&raquo;all&raquo; column_element_direction_desktop=&raquo;default&raquo; column_element_spacing=&raquo;default&raquo; desktop_text_alignment=&raquo;default&raquo; tablet_text_alignment=&raquo;default&raquo; phone_text_alignment=&raquo;default&raquo; background_color_opacity=&raquo;1&#8243; background_hover_color_opacity=&raquo;1&#8243; column_backdrop_filter=&raquo;none&raquo; column_shadow=&raquo;none&raquo;...","og_url":"https:\/\/www.haraldsplass.org\/slettebakken\/om-oss\/menigheten\/","og_site_name":"Slettebakken Menighets Eldresenter","article_modified_time":"2025-05-07T14:24:51+00:00","twitter_card":"summary_large_image","twitter_misc":{"Ansl. lesetid":"3 minutter"},"schema":{"@context":"https:\/\/schema.org","@graph":[{"@type":"WebPage","@id":"https:\/\/www.haraldsplass.org\/slettebakken\/om-oss\/menigheten\/","url":"https:\/\/www.haraldsplass.org\/slettebakken\/om-oss\/menigheten\/","name":"Menigheten - Slettebakken Menighets Eldresenter","isPartOf":{"@id":"https:\/\/www.haraldsplass.org\/slettebakken\/#website"},"datePublished":"2025-05-05T11:25:31+00:00","dateModified":"2025-05-07T14:24:51+00:00","breadcrumb":{"@id":"https:\/\/www.haraldsplass.org\/slettebakken\/om-oss\/menigheten\/#breadcrumb"},"inLanguage":"nb-NO","potentialAction":[{"@type":"ReadAction","target":["https:\/\/www.haraldsplass.org\/slettebakken\/om-oss\/menigheten\/"]}]},{"@type":"BreadcrumbList","@id":"https:\/\/www.haraldsplass.org\/slettebakken\/om-oss\/menigheten\/#breadcrumb","itemListElement":[{"@type":"ListItem","position":1,"name":"Hjem","item":"https:\/\/www.haraldsplass.org\/slettebakken\/"},{"@type":"ListItem","position":2,"name":"Om oss","item":"https:\/\/www.haraldsplass.org\/slettebakken\/om-oss\/"},{"@type":"ListItem","position":3,"name":"Menigheten"}]},{"@type":"WebSite","@id":"https:\/\/www.haraldsplass.org\/slettebakken\/#website","url":"https:\/\/www.haraldsplass.org\/slettebakken\/","name":"Slettebakken Menighets Eldresenter","description":"","potentialAction":[{"@type":"SearchAction","target":{"@type":"EntryPoint","urlTemplate":"https:\/\/www.haraldsplass.org\/slettebakken\/?s={search_term_string}"},"query-input":{"@type":"PropertyValueSpecification","valueRequired":true,"valueName":"search_term_string"}}],"inLanguage":"nb-NO"}]}},"_links":{"self":[{"href":"https:\/\/www.haraldsplass.org\/slettebakken\/wp-json\/wp\/v2\/pages\/74","targetHints":{"allow":["GET"]}}],"collection":[{"href":"https:\/\/www.haraldsplass.org\/slettebakken\/wp-json\/wp\/v2\/pages"}],"about":[{"href":"https:\/\/www.haraldsplass.org\/slettebakken\/wp-json\/wp\/v2\/types\/page"}],"author":[{"embeddable":true,"href":"https:\/\/www.haraldsplass.org\/slettebakken\/wp-json\/wp\/v2\/users\/3"}],"replies":[{"embeddable":true,"href":"https:\/\/www.haraldsplass.org\/slettebakken\/wp-json\/wp\/v2\/comments?post=74"}],"version-history":[{"count":0,"href":"https:\/\/www.haraldsplass.org\/slettebakken\/wp-json\/wp\/v2\/pages\/74\/revisions"}],"up":[{"embeddable":true,"href":"https:\/\/www.haraldsplass.org\/slettebakken\/wp-json\/wp\/v2\/pages\/64"}],"wp:attachment":[{"href":"https:\/\/www.haraldsplass.org\/slettebakken\/wp-json\/wp\/v2\/media?parent=74"}],"curies":[{"name":"wp","href":"https:\/\/api.w.org\/{rel}","templated":true}]}}